{"id":2656,"date":"2021-12-02T10:33:34","date_gmt":"2021-12-02T10:33:34","guid":{"rendered":"http:\/\/kindart.is\/terms-and-conditions\/"},"modified":"2021-12-02T12:14:34","modified_gmt":"2021-12-02T12:14:34","slug":"terms-and-conditions","status":"publish","type":"page","link":"https:\/\/kindart.is\/en\/terms-and-conditions\/","title":{"rendered":"Terms and conditions"},"content":{"rendered":"\n<style type=\"text\/css\" data-created_by=\"avia_inline_auto\" id=\"style-css-av-2vrogz-1c81cb55849c65b44037df89db7101a9\">\n.flex_column.av-2vrogz-1c81cb55849c65b44037df89db7101a9{\nborder-radius:0px 0px 0px 0px;\npadding:0px 0px 0px 0px;\n}\n<\/style>\n<div  class='flex_column av-2vrogz-1c81cb55849c65b44037df89db7101a9 av_two_third  avia-builder-el-0  avia-builder-el-no-sibling  first flex_column_div av-zero-column-padding  '     ><p>\n<style type=\"text\/css\" data-created_by=\"avia_inline_auto\" id=\"style-css-av-kcuoijov-bd1bd9ccdea303e68ad6cec9d4760f7a\">\n#top .hr.hr-invisible.av-kcuoijov-bd1bd9ccdea303e68ad6cec9d4760f7a{\nmargin-top:0px;\nheight:1px;\n}\n<\/style>\n<div  class='hr av-kcuoijov-bd1bd9ccdea303e68ad6cec9d4760f7a hr-invisible  avia-builder-el-1  el_before_av_heading  avia-builder-el-first '><span class='hr-inner '><span class=\"hr-inner-style\"><\/span><\/span><\/div><br \/>\n\n<style type=\"text\/css\" data-created_by=\"avia_inline_auto\" id=\"style-css-av-39lskj-0fd042e43a15f83991a6d3212e628a82\">\n#top .av-special-heading.av-39lskj-0fd042e43a15f83991a6d3212e628a82{\npadding-bottom:10px;\n}\nbody .av-special-heading.av-39lskj-0fd042e43a15f83991a6d3212e628a82 .av-special-heading-tag .heading-char{\nfont-size:25px;\n}\n.av-special-heading.av-39lskj-0fd042e43a15f83991a6d3212e628a82 .av-subheading{\nfont-size:15px;\n}\n<\/style>\n<div  class='av-special-heading av-39lskj-0fd042e43a15f83991a6d3212e628a82 av-special-heading-h2 blockquote modern-quote  avia-builder-el-2  el_after_av_hr  el_before_av_textblock '><h2 class='av-special-heading-tag '  itemprop=\"headline\"  >Terms and conditions<\/h2><div class=\"special-heading-border\"><div class=\"special-heading-inner-border\"><\/div><\/div><\/div><br \/>\n<section  class='av_textblock_section av-kcuodz7x-73996429e2f02b1e5ad202e81c7f782e '   itemscope=\"itemscope\" itemtype=\"https:\/\/schema.org\/CreativeWork\" ><div class='avia_textblock'  itemprop=\"text\" ><p>KindArt reserves the right to cancel orders, for example due to pricing errors. Please note that online rates are subject to change without notice.<\/p>\n<p><strong>Payment method<\/strong><br \/>\nIn the KindArt online store, you can pay for products with a credit card. The payer and the recipient do not have to be the same.<\/p>\n<p><strong>Confidentiality<\/strong><br \/>\nThe seller names the buyer in full confidentiality regarding all the information that the buyer provides in connection with the transaction. Information from the buyer will not be passed on to third parties under any circumstances.<\/p>\n<p><strong>Shipments<\/strong><br \/>\nDomestically, we usually ship the product by mail within three business days. Orders are distributed by \u00cdslandsp\u00f3stur and \u00cdslandsp\u00f3stur&#8217;s delivery, warranty and transport terms apply to the delivery of the product. According to this, KindArt is not responsible for any damage that may occur to a product in transit. If the product is damaged from the time it is sent from the KindArt online store until it reaches the recipient, the damage is the responsibility of the carrier.<\/p>\n<p><strong>Value added tax<\/strong><br \/>\n<span class=\"_5yl5\">Paintings are by law exempt from VAT and the prices are therefore the final price without VAT.<\/span><\/p>\n<p><span class=\"_5yl5\"><strong>Refunds and returns<\/strong><br \/>\nThere is a 14-day return period on KindArt products and a refund within three working days of return.<br \/>\n<\/span><\/p>\n<p><strong>Disagreement<\/strong><br \/>\nIf a dispute arises between the parties regarding the content of these transactions or due to violations of them, the matter in question may be referred to the Complaints Committee for Services and Liquidity Purchasing at the Consumer Agency. If all else fails, a case may be brought before the District Court of Vesturland according to the provisions of Act no. 91\/1991.<\/p>\n<\/div><\/section><\/p><\/div>\n","protected":false},"excerpt":{"rendered":"","protected":false},"author":1,"featured_media":0,"parent":0,"menu_order":0,"comment_status":"closed","ping_status":"closed","template":"","meta":{"slim_seo":{"title":"Terms and conditions - KindArt","description":"Terms and conditions KindArt reserves the right to cancel orders, for example due to pricing errors. Please note that online rates are subject to change without"},"footnotes":""},"class_list":["post-2656","page","type-page","status-publish","hentry"],"_links":{"self":[{"href":"https:\/\/kindart.is\/en\/wp-json\/wp\/v2\/pages\/2656","targetHints":{"allow":["GET"]}}],"collection":[{"href":"https:\/\/kindart.is\/en\/wp-json\/wp\/v2\/pages"}],"about":[{"href":"https:\/\/kindart.is\/en\/wp-json\/wp\/v2\/types\/page"}],"author":[{"embeddable":true,"href":"https:\/\/kindart.is\/en\/wp-json\/wp\/v2\/users\/1"}],"replies":[{"embeddable":true,"href":"https:\/\/kindart.is\/en\/wp-json\/wp\/v2\/comments?post=2656"}],"version-history":[{"count":10,"href":"https:\/\/kindart.is\/en\/wp-json\/wp\/v2\/pages\/2656\/revisions"}],"predecessor-version":[{"id":2682,"href":"https:\/\/kindart.is\/en\/wp-json\/wp\/v2\/pages\/2656\/revisions\/2682"}],"wp:attachment":[{"href":"https:\/\/kindart.is\/en\/wp-json\/wp\/v2\/media?parent=2656"}],"curies":[{"name":"wp","href":"https:\/\/api.w.org\/{rel}","templated":true}]}}