{"id":10007,"date":"2025-01-20T14:50:34","date_gmt":"2025-01-20T14:50:34","guid":{"rendered":"https:\/\/kindart.is\/vara\/hver-einn-baer-a-sina-sogu\/"},"modified":"2025-01-20T14:50:34","modified_gmt":"2025-01-20T14:50:34","slug":"hver-einn-baer-a-sina-sogu","status":"publish","type":"product","link":"https:\/\/kindart.is\/en\/vara\/hver-einn-baer-a-sina-sogu\/","title":{"rendered":"Hver einn b\u00e6r \u00e1 s\u00edna s\u00f6gu"},"content":{"rendered":"<p><strong>Hver einn b\u00e6r \u00e1 s\u00edna s\u00f6gu<\/strong> eftir Hallgr\u00edm J\u00f3nsson fr\u00e1 Lj\u00e1rsk\u00f3gum. \u00ddmiss fr\u00f3\u00f0leikur um Lj\u00e1rsk\u00f3ga \u00ed D\u00f6lum. B\u00f3kin er bundin \u00ed forlagsband, svart gerviefni. St\u00e6r\u00f0: 23.5 X 15.6 cm og 192 bls. Hl\u00edf\u00f0ark\u00e1pa me\u00f0 teikningu a\u00f0 framan og mynd af h\u00f6fundi \u00e1 aftari k\u00e1pu.<\/p>\n<p><strong>\u00datg\u00e1fa og prentun<\/strong>:<br \/>\nH\u00f6rpu\u00fatg\u00e1fan, Akranesi 1982. Prentun: Prentverk Akraness.<\/p>\n","protected":false},"excerpt":{"rendered":"<p>Hver einn b\u00e6r \u00e1 s\u00edna s\u00f6gu eftir Hallgr\u00edm J\u00f3nsson fr\u00e1 Lj\u00e1rsk\u00f3gum. \u00ddmiss fr\u00f3\u00f0leikur um Lj\u00e1rsk\u00f3ga \u00ed D\u00f6lum. B\u00f3kin er bundin \u00ed forlagsband, svart gerviefni. St\u00e6r\u00f0: 23.5 X 15.6 cm og 192 bls. Hl\u00edf\u00f0ark\u00e1pa me\u00f0 teikningu a\u00f0 framan og mynd af h\u00f6fundi \u00e1 aftari k\u00e1pu. \u00datg\u00e1fa og prentun: H\u00f6rpu\u00fatg\u00e1fan, Akranesi 1982. Prentun: Prentverk Akraness.<\/p>\n","protected":false},"featured_media":10002,"template":"","meta":{"slim_seo":{"title":"Hver einn b\u00e6r \u00e1 s\u00edna s\u00f6gu - KindArt","description":"Hver einn b\u00e6r \u00e1 s\u00edna s\u00f6gu eftir Hallgr\u00edm J\u00f3nsson fr\u00e1 Lj\u00e1rsk\u00f3gum. \u00ddmiss fr\u00f3\u00f0leikur um Lj\u00e1rsk\u00f3ga \u00ed D\u00f6lum. B\u00f3kin er bundin \u00ed forlagsband, svart gerviefni. St\u00e6r\u00f0: 2"}},"product_brand":[],"product_cat":[83],"product_tag":[],"class_list":{"0":"post-10007","1":"product","2":"type-product","3":"status-publish","4":"has-post-thumbnail","6":"product_cat-books","7":"product_shipping_class-small-en","9":"first","10":"instock","11":"purchasable","12":"product-type-simple"},"_links":{"self":[{"href":"https:\/\/kindart.is\/en\/wp-json\/wp\/v2\/product\/10007","targetHints":{"allow":["GET"]}}],"collection":[{"href":"https:\/\/kindart.is\/en\/wp-json\/wp\/v2\/product"}],"about":[{"href":"https:\/\/kindart.is\/en\/wp-json\/wp\/v2\/types\/product"}],"wp:featuredmedia":[{"embeddable":true,"href":"https:\/\/kindart.is\/en\/wp-json\/wp\/v2\/media\/10002"}],"wp:attachment":[{"href":"https:\/\/kindart.is\/en\/wp-json\/wp\/v2\/media?parent=10007"}],"wp:term":[{"taxonomy":"product_brand","embeddable":true,"href":"https:\/\/kindart.is\/en\/wp-json\/wp\/v2\/product_brand?post=10007"},{"taxonomy":"product_cat","embeddable":true,"href":"https:\/\/kindart.is\/en\/wp-json\/wp\/v2\/product_cat?post=10007"},{"taxonomy":"product_tag","embeddable":true,"href":"https:\/\/kindart.is\/en\/wp-json\/wp\/v2\/product_tag?post=10007"}],"curies":[{"name":"wp","href":"https:\/\/api.w.org\/{rel}","templated":true}]}}