{"id":10014,"date":"2025-01-21T16:18:15","date_gmt":"2025-01-21T16:18:15","guid":{"rendered":"https:\/\/kindart.is\/vara\/salamondrustridid\/"},"modified":"2025-01-22T13:27:07","modified_gmt":"2025-01-22T13:27:07","slug":"salamondrustridid","status":"publish","type":"product","link":"https:\/\/kindart.is\/en\/vara\/salamondrustridid\/","title":{"rendered":"Salam\u00f6ndrustr\u00ed\u00f0i\u00f0"},"content":{"rendered":"<p><strong>Salam\u00f6ndrustr\u00ed\u00f0i\u00f0<\/strong> &#8211; J\u00f3hannes \u00far K\u00f6tlum \u00fe\u00fdddi.<br \/>\nKarel \u010capek (1890\u20131938) var t\u00e9kkneskur rith\u00f6fundur, leikritask\u00e1ld, gagnr\u00fdnandi og bla\u00f0ama\u00f0ur. Hann er helst \u00feekktur fyrir v\u00edsindask\u00e1lds\u00f6gur s\u00ednar, \u00fear \u00e1 me\u00f0al Salam\u00f6ndrustr\u00ed\u00f0i\u00f0 (1936) og Rossumovi Univerz\u00e1ln\u00ed Roboti (1920) \u00fear sem or\u00f0i\u00f0 robot er fyrst nota\u00f0 um v\u00e9lmenni. Hann var tilnefndur sj\u00f6 sinnum til N\u00f3belsver\u00f0launa \u00ed b\u00f3kmenntum en hlaut \u00feau ekki.<\/p>\n<p>B\u00f3kin var fyrst gefin \u00fat af M\u00e1li og menningu 1946 en hefur veri\u00f0 \u00f3f\u00e1anleg \u00ed marga \u00e1ratugi. H\u00e9r kemur n\u00fd \u00fatg\u00e1fa \u00e1 \u00fe\u00fd\u00f0ingu J\u00f3hannesar \u00e1 rafb\u00f3karsni\u00f0i (ePUB) og \u00e6ttu unnendur fagurb\u00f3kmennta og v\u00edsindask\u00e1ldsagna a\u00f0 gle\u00f0jast. H\u00e6gt er a\u00f0 lesa b\u00f3kina b\u00e6\u00f0i \u00e1 Mac Os, iOS, Android og Windows me\u00f0 iBooks og Kindle e\u00f0a samb\u00e6rilegum \u00f6ppum. Griffla ehf 2025.<\/p>\n<p><strong>Lei\u00f0beiningar fyrir b\u00f3karhlekk<\/strong>:<br \/>\nAfhendingarm\u00e1ti er stilltur \u00e1 Ni\u00f0urhal. Hlekkurinn kemur \u00ed lj\u00f3s \u00feegar b\u00fai\u00f0 er a\u00f0 grei\u00f0a fyrir b\u00f3kina. Hann er gildur \u00ed 10 daga og fimm ni\u00f0urh\u00f6l og er einnig sendur \u00e1 netfangi\u00f0 \u00feitt.<br \/>\n<strong>ATH!<\/strong> a\u00f0 ePUB b\u00f3kin er \u00ed zip-skr\u00e1 sem \u00fearf a\u00f0 af\u00fejappa \u00e1\u00f0ur en b\u00f3kin er notu\u00f0.<\/p>\n","protected":false},"excerpt":{"rendered":"<p>Salam\u00f6ndrustr\u00ed\u00f0i\u00f0 &#8211; J\u00f3hannes \u00far K\u00f6tlum \u00fe\u00fdddi. Karel \u010capek (1890\u20131938) var t\u00e9kkneskur rith\u00f6fundur, leikritask\u00e1ld, gagnr\u00fdnandi og bla\u00f0ama\u00f0ur. Hann er helst \u00feekktur fyrir v\u00edsindask\u00e1lds\u00f6gur s\u00ednar, \u00fear \u00e1 me\u00f0al Salam\u00f6ndrustr\u00ed\u00f0i\u00f0 (1936) og Rossumovi Univerz\u00e1ln\u00ed Roboti (1920) \u00fear sem or\u00f0i\u00f0 robot er fyrst nota\u00f0 um v\u00e9lmenni. Hann var tilnefndur sj\u00f6 sinnum til N\u00f3belsver\u00f0launa \u00ed b\u00f3kmenntum en hlaut \u00feau ekki. [&hellip;]<\/p>\n","protected":false},"featured_media":10011,"template":"","meta":{"slim_seo":{"title":"Salam\u00f6ndrustr\u00ed\u00f0i\u00f0 - KindArt","description":"Salam\u00f6ndrustr\u00ed\u00f0i\u00f0 - J\u00f3hannes \u00far K\u00f6tlum \u00fe\u00fdddi. Karel \u010capek (1890\u20131938) var t\u00e9kkneskur rith\u00f6fundur, leikritask\u00e1ld, gagnr\u00fdnandi og bla\u00f0ama\u00f0ur. Hann er helst \u00feekktu"}},"product_brand":[],"product_cat":[83],"product_tag":[],"class_list":{"0":"post-10014","1":"product","2":"type-product","3":"status-publish","4":"has-post-thumbnail","6":"product_cat-books","7":"product_shipping_class-nidurhal-en","9":"first","10":"instock","11":"downloadable","12":"purchasable","13":"product-type-simple"},"_links":{"self":[{"href":"https:\/\/kindart.is\/en\/wp-json\/wp\/v2\/product\/10014","targetHints":{"allow":["GET"]}}],"collection":[{"href":"https:\/\/kindart.is\/en\/wp-json\/wp\/v2\/product"}],"about":[{"href":"https:\/\/kindart.is\/en\/wp-json\/wp\/v2\/types\/product"}],"wp:featuredmedia":[{"embeddable":true,"href":"https:\/\/kindart.is\/en\/wp-json\/wp\/v2\/media\/10011"}],"wp:attachment":[{"href":"https:\/\/kindart.is\/en\/wp-json\/wp\/v2\/media?parent=10014"}],"wp:term":[{"taxonomy":"product_brand","embeddable":true,"href":"https:\/\/kindart.is\/en\/wp-json\/wp\/v2\/product_brand?post=10014"},{"taxonomy":"product_cat","embeddable":true,"href":"https:\/\/kindart.is\/en\/wp-json\/wp\/v2\/product_cat?post=10014"},{"taxonomy":"product_tag","embeddable":true,"href":"https:\/\/kindart.is\/en\/wp-json\/wp\/v2\/product_tag?post=10014"}],"curies":[{"name":"wp","href":"https:\/\/api.w.org\/{rel}","templated":true}]}}