{"id":10020,"date":"2025-01-22T16:13:33","date_gmt":"2025-01-22T16:13:33","guid":{"rendered":"https:\/\/kindart.is\/?post_type=product&#038;p=10020"},"modified":"2025-01-22T16:13:34","modified_gmt":"2025-01-22T16:13:34","slug":"fra-afdal-til-adalstraetis","status":"publish","type":"product","link":"https:\/\/kindart.is\/en\/vara\/fra-afdal-til-adalstraetis\/","title":{"rendered":"Fr\u00e1 afdal til A\u00f0alstr\u00e6tis"},"content":{"rendered":"<p><strong>Fr\u00e1 afdal til A\u00f0alstr\u00e6tis.<\/strong> Lj\u00f3\u00f0m\u00e6li eftir Ingibj\u00f6rgu Benediktsd\u00f3ttur. B\u00f3kin er bundin \u00ed alband \u00ed shirtingsl\u00edki, gyllt \u00e1 framhli\u00f0 (teikning) og kj\u00f6l. St\u00e6r\u00f0:18.6 X 12.9 cm og 159 bls.<\/p>\n<p><strong>\u00datg\u00e1fa og prentun<\/strong>:<br \/>\nF\u00e9lagsprentsmi\u00f0jan Reykjav\u00edk 1938. Prentun: F\u00e9lagsprentsmi\u00f0jan.<\/p>\n","protected":false},"excerpt":{"rendered":"<p>Fr\u00e1 afdal til A\u00f0alstr\u00e6tis. Lj\u00f3\u00f0m\u00e6li eftir Ingibj\u00f6rgu Benediktsd\u00f3ttur. B\u00f3kin er bundin \u00ed alband \u00ed shirtingsl\u00edki, gyllt \u00e1 framhli\u00f0 (teikning) og kj\u00f6l. St\u00e6r\u00f0:18.6 X 12.9 cm og 159 bls. \u00datg\u00e1fa og prentun: F\u00e9lagsprentsmi\u00f0jan Reykjav\u00edk 1938. Prentun: F\u00e9lagsprentsmi\u00f0jan.<\/p>\n","protected":false},"featured_media":10021,"template":"","meta":{"slim_seo":{"title":"Fr\u00e1 afdal til A\u00f0alstr\u00e6tis - KindArt","description":"Fr\u00e1 afdal til A\u00f0alstr\u00e6tis. Lj\u00f3\u00f0m\u00e6li eftir Ingibj\u00f6rgu Benediktsd\u00f3ttur. B\u00f3kin er bundin \u00ed alband \u00ed shirtingsl\u00edki, gyllt \u00e1 framhli\u00f0 (teikning) og kj\u00f6l. St\u00e6r\u00f0:18.6"}},"product_brand":[],"product_cat":[82],"product_tag":[],"class_list":{"0":"post-10020","1":"product","2":"type-product","3":"status-publish","4":"has-post-thumbnail","6":"product_cat-baekur","7":"product_shipping_class-litill","9":"first","10":"instock","11":"purchasable","12":"product-type-simple"},"_links":{"self":[{"href":"https:\/\/kindart.is\/en\/wp-json\/wp\/v2\/product\/10020","targetHints":{"allow":["GET"]}}],"collection":[{"href":"https:\/\/kindart.is\/en\/wp-json\/wp\/v2\/product"}],"about":[{"href":"https:\/\/kindart.is\/en\/wp-json\/wp\/v2\/types\/product"}],"wp:featuredmedia":[{"embeddable":true,"href":"https:\/\/kindart.is\/en\/wp-json\/wp\/v2\/media\/10021"}],"wp:attachment":[{"href":"https:\/\/kindart.is\/en\/wp-json\/wp\/v2\/media?parent=10020"}],"wp:term":[{"taxonomy":"product_brand","embeddable":true,"href":"https:\/\/kindart.is\/en\/wp-json\/wp\/v2\/product_brand?post=10020"},{"taxonomy":"product_cat","embeddable":true,"href":"https:\/\/kindart.is\/en\/wp-json\/wp\/v2\/product_cat?post=10020"},{"taxonomy":"product_tag","embeddable":true,"href":"https:\/\/kindart.is\/en\/wp-json\/wp\/v2\/product_tag?post=10020"}],"curies":[{"name":"wp","href":"https:\/\/api.w.org\/{rel}","templated":true}]}}