{"id":10029,"date":"2025-01-22T16:20:19","date_gmt":"2025-01-22T16:20:19","guid":{"rendered":"https:\/\/kindart.is\/?post_type=product&#038;p=10029"},"modified":"2025-01-22T16:20:19","modified_gmt":"2025-01-22T16:20:19","slug":"sefafjoll","status":"publish","type":"product","link":"https:\/\/kindart.is\/en\/vara\/sefafjoll\/","title":{"rendered":"Sefafj\u00f6ll"},"content":{"rendered":"<p><strong>Sefafj\u00f6ll<\/strong> Frumort og \u00fe\u00fddd lj\u00f3\u00f0 eftir \u00de\u00f3rodd Gu\u00f0mundsson fr\u00e1 Sandi. B\u00f3kin er bundin \u00ed rautt alband \u00ed rex\u00ednl\u00edki. St\u00e6r\u00f0: 20.3 X 14 cm og 112 bls. K\u00e1pulaus.<\/p>\n<p><strong>\u00datg\u00e1fa og prentun<\/strong>:<br \/>\n\u00datgefanda ekki geti\u00f0. Hafnarfj\u00f6r\u00f0ur 1954. Prentun: Prentsmi\u00f0ja Hafnarfjar\u00f0ar.<\/p>\n","protected":false},"excerpt":{"rendered":"<p>Sefafj\u00f6ll Frumort og \u00fe\u00fddd lj\u00f3\u00f0 eftir \u00de\u00f3rodd Gu\u00f0mundsson fr\u00e1 Sandi. B\u00f3kin er bundin \u00ed rautt alband \u00ed rex\u00ednl\u00edki. St\u00e6r\u00f0: 20.3 X 14 cm og 112 bls. K\u00e1pulaus. \u00datg\u00e1fa og prentun: \u00datgefanda ekki geti\u00f0. Hafnarfj\u00f6r\u00f0ur 1954. Prentun: Prentsmi\u00f0ja Hafnarfjar\u00f0ar.<\/p>\n","protected":false},"featured_media":10030,"template":"","meta":{"slim_seo":{"title":"Sefafj\u00f6ll - KindArt","description":"Sefafj\u00f6ll Frumort og \u00fe\u00fddd lj\u00f3\u00f0 eftir \u00de\u00f3rodd Gu\u00f0mundsson fr\u00e1 Sandi. B\u00f3kin er bundin \u00ed rautt alband \u00ed rex\u00ednl\u00edki. St\u00e6r\u00f0: 20.3 X 14 cm og 112 bls. K\u00e1pulaus. \u00datg\u00e1fa"}},"product_brand":[],"product_cat":[82],"product_tag":[],"class_list":{"0":"post-10029","1":"product","2":"type-product","3":"status-publish","4":"has-post-thumbnail","6":"product_cat-baekur","7":"product_shipping_class-litill","9":"first","10":"instock","11":"purchasable","12":"product-type-simple"},"_links":{"self":[{"href":"https:\/\/kindart.is\/en\/wp-json\/wp\/v2\/product\/10029","targetHints":{"allow":["GET"]}}],"collection":[{"href":"https:\/\/kindart.is\/en\/wp-json\/wp\/v2\/product"}],"about":[{"href":"https:\/\/kindart.is\/en\/wp-json\/wp\/v2\/types\/product"}],"wp:featuredmedia":[{"embeddable":true,"href":"https:\/\/kindart.is\/en\/wp-json\/wp\/v2\/media\/10030"}],"wp:attachment":[{"href":"https:\/\/kindart.is\/en\/wp-json\/wp\/v2\/media?parent=10029"}],"wp:term":[{"taxonomy":"product_brand","embeddable":true,"href":"https:\/\/kindart.is\/en\/wp-json\/wp\/v2\/product_brand?post=10029"},{"taxonomy":"product_cat","embeddable":true,"href":"https:\/\/kindart.is\/en\/wp-json\/wp\/v2\/product_cat?post=10029"},{"taxonomy":"product_tag","embeddable":true,"href":"https:\/\/kindart.is\/en\/wp-json\/wp\/v2\/product_tag?post=10029"}],"curies":[{"name":"wp","href":"https:\/\/api.w.org\/{rel}","templated":true}]}}