{"id":10035,"date":"2025-01-25T18:04:00","date_gmt":"2025-01-25T18:04:00","guid":{"rendered":"https:\/\/kindart.is\/?post_type=product&#038;p=10035"},"modified":"2025-01-25T18:04:01","modified_gmt":"2025-01-25T18:04:01","slug":"sina","status":"publish","type":"product","link":"https:\/\/kindart.is\/en\/vara\/sina\/","title":{"rendered":"S\u00edna"},"content":{"rendered":"<p><strong>S\u00edna<\/strong>. S\u00f6ngtextab\u00f3k Sk\u00f3laf\u00e9lags Kennarask\u00f3la \u00cdslands. \u00c1n titils\u00ed\u00f0u.\u2028S\u00f6ngtextab\u00f3kina S\u00ednu vann t\u00f3nlistardeild S.K.\u00cd. a\u00f0allega. \u00de\u00f3 a\u00f0sto\u00f0u\u00f0u \u00fe\u00e6r Sigr\u00ed\u00f0ur Einarsd\u00f3ttir Hl\u00edf Arndal \u00e1samt fleirum. T\u00f3nlistardeild S.K.\u00cd. er skipu\u00f0:Helgi Viborg, form. J\u00f3n \u00c1. \u00de\u00f3risson 4-E &#8211; Hulda Gu\u00f0j\u00f3nsd. 3-E. &#8211; El\u00edn Sigmarsd.2 &#8211; A Snorri Sturluson 1 &#8211; A..\u2028B\u00f3kin er saumu\u00f0 og heft og l\u00edmd \u00ed kartonk\u00e1pu. Nafn og mynd prenta\u00f0 a\u00f0 ftaman og a\u00f0 aftan er mynd og texti: Hva\u00f0 viltu upp\u00e1 pall S\u00ednuskinn? \u00ed skeifu utan um myndina. St\u00e6r\u00f0 kversins er: 14.7 X 10.6 cm og 99 bls.<\/p>\n<p><strong>\u00datg\u00e1fa og prentun<\/strong>:\u2028 T\u00f3nlistardeild S.K.\u00cd. Sta\u00f0ur og \u00e1rs er ekki geti\u00f0. Prentunar er ekki geti\u00f0.<\/p>\n","protected":false},"excerpt":{"rendered":"<p>S\u00edna. S\u00f6ngtextab\u00f3k Sk\u00f3laf\u00e9lags Kennarask\u00f3la \u00cdslands. \u00c1n titils\u00ed\u00f0u.\u2028S\u00f6ngtextab\u00f3kina S\u00ednu vann t\u00f3nlistardeild S.K.\u00cd. a\u00f0allega. \u00de\u00f3 a\u00f0sto\u00f0u\u00f0u \u00fe\u00e6r Sigr\u00ed\u00f0ur Einarsd\u00f3ttir Hl\u00edf Arndal \u00e1samt fleirum. T\u00f3nlistardeild S.K.\u00cd. er skipu\u00f0:Helgi Viborg, form. J\u00f3n \u00c1. \u00de\u00f3risson 4-E &#8211; Hulda Gu\u00f0j\u00f3nsd. 3-E. &#8211; El\u00edn Sigmarsd.2 &#8211; A Snorri Sturluson 1 &#8211; A..\u2028B\u00f3kin er saumu\u00f0 og heft og l\u00edmd \u00ed kartonk\u00e1pu. Nafn og [&hellip;]<\/p>\n","protected":false},"featured_media":10036,"template":"","meta":{"slim_seo":{"title":"S\u00edna - KindArt","description":"S\u00edna . S\u00f6ngtextab\u00f3k Sk\u00f3laf\u00e9lags Kennarask\u00f3la \u00cdslands. \u00c1n titils\u00ed\u00f0u.\u2028S\u00f6ngtextab\u00f3kina S\u00ednu vann t\u00f3nlistardeild S.K.\u00cd. a\u00f0allega. \u00de\u00f3 a\u00f0sto\u00f0u\u00f0u \u00fe\u00e6r Sigr\u00ed\u00f0ur Einarsd\u00f3"}},"product_brand":[],"product_cat":[82],"product_tag":[],"class_list":{"0":"post-10035","1":"product","2":"type-product","3":"status-publish","4":"has-post-thumbnail","6":"product_cat-baekur","7":"product_shipping_class-litill","9":"first","10":"instock","11":"purchasable","12":"product-type-simple"},"_links":{"self":[{"href":"https:\/\/kindart.is\/en\/wp-json\/wp\/v2\/product\/10035","targetHints":{"allow":["GET"]}}],"collection":[{"href":"https:\/\/kindart.is\/en\/wp-json\/wp\/v2\/product"}],"about":[{"href":"https:\/\/kindart.is\/en\/wp-json\/wp\/v2\/types\/product"}],"wp:featuredmedia":[{"embeddable":true,"href":"https:\/\/kindart.is\/en\/wp-json\/wp\/v2\/media\/10036"}],"wp:attachment":[{"href":"https:\/\/kindart.is\/en\/wp-json\/wp\/v2\/media?parent=10035"}],"wp:term":[{"taxonomy":"product_brand","embeddable":true,"href":"https:\/\/kindart.is\/en\/wp-json\/wp\/v2\/product_brand?post=10035"},{"taxonomy":"product_cat","embeddable":true,"href":"https:\/\/kindart.is\/en\/wp-json\/wp\/v2\/product_cat?post=10035"},{"taxonomy":"product_tag","embeddable":true,"href":"https:\/\/kindart.is\/en\/wp-json\/wp\/v2\/product_tag?post=10035"}],"curies":[{"name":"wp","href":"https:\/\/api.w.org\/{rel}","templated":true}]}}