{"id":10041,"date":"2025-01-25T18:09:24","date_gmt":"2025-01-25T18:09:24","guid":{"rendered":"https:\/\/kindart.is\/?post_type=product&#038;p=10041"},"modified":"2025-01-25T18:09:24","modified_gmt":"2025-01-25T18:09:24","slug":"the-father-christmas-letters","status":"publish","type":"product","link":"https:\/\/kindart.is\/en\/vara\/the-father-christmas-letters\/","title":{"rendered":"The Father Christmas Letters"},"content":{"rendered":"<p><strong>The Father Christmas Letters<\/strong>. H\u00f6fundur: J.R.R. Tolkien. B\u00f3kin er \u00e1 ensku. H\u00f6fundurinn skrifa\u00f0i br\u00e9f til barnanna sinna \u00e1 hverjum j\u00f3lum. \u00cd b\u00f3kinni er \u00feessum br\u00e9fum l\u00fdst og fylgja teikningar me\u00f0 sem Tolkien ger\u00f0i, sem eru mj\u00f6g skemmtilegar. Myndirnar eru litprenta\u00f0ar Fyrsta br\u00e9fi\u00f0 er fr\u00e1 \u00e1rinu 1926 og \u00fea\u00f0 s\u00ed\u00f0asta 1938 e\u00f0a 1939. B\u00f3kin er saumu\u00f0 og \u00ed har\u00f0spjaldabandi og litprenta\u00f0a k\u00e1pu. St\u00e6r\u00f0:28 X 22 cm og 48 bls.<\/p>\n<p><strong>\u00datg\u00e1fa og prentun<\/strong>:\u2028 George Allen &amp; Unwin Ltd (Publishers) London 1976. Ruskin house &#8211; Museum street. Prentun: Printed in Great Britain by Westerham Press.\u2028\u2028Fyrsta \u00fatg\u00e1fa kom \u00fat 1976. 2. prentun sama \u00e1r og 3ja prentun 1976.<\/p>\n","protected":false},"excerpt":{"rendered":"<p>The Father Christmas Letters. H\u00f6fundur: J.R.R. Tolkien. B\u00f3kin er \u00e1 ensku. H\u00f6fundurinn skrifa\u00f0i br\u00e9f til barnanna sinna \u00e1 hverjum j\u00f3lum. \u00cd b\u00f3kinni er \u00feessum br\u00e9fum l\u00fdst og fylgja teikningar me\u00f0 sem Tolkien ger\u00f0i, sem eru mj\u00f6g skemmtilegar. Myndirnar eru litprenta\u00f0ar Fyrsta br\u00e9fi\u00f0 er fr\u00e1 \u00e1rinu 1926 og \u00fea\u00f0 s\u00ed\u00f0asta 1938 e\u00f0a 1939. B\u00f3kin er saumu\u00f0 [&hellip;]<\/p>\n","protected":false},"featured_media":10042,"template":"","meta":{"slim_seo":{"title":"The Father Christmas Letters - KindArt","description":"The Father Christmas Letters . H\u00f6fundur: J.R.R. Tolkien. B\u00f3kin er \u00e1 ensku. H\u00f6fundurinn skrifa\u00f0i br\u00e9f til barnanna sinna \u00e1 hverjum j\u00f3lum. \u00cd b\u00f3kinni er \u00feessum br\u00e9"}},"product_brand":[],"product_cat":[82],"product_tag":[],"class_list":{"0":"post-10041","1":"product","2":"type-product","3":"status-publish","4":"has-post-thumbnail","6":"product_cat-baekur","7":"product_shipping_class-litill","9":"first","10":"instock","11":"purchasable","12":"product-type-simple"},"_links":{"self":[{"href":"https:\/\/kindart.is\/en\/wp-json\/wp\/v2\/product\/10041","targetHints":{"allow":["GET"]}}],"collection":[{"href":"https:\/\/kindart.is\/en\/wp-json\/wp\/v2\/product"}],"about":[{"href":"https:\/\/kindart.is\/en\/wp-json\/wp\/v2\/types\/product"}],"wp:featuredmedia":[{"embeddable":true,"href":"https:\/\/kindart.is\/en\/wp-json\/wp\/v2\/media\/10042"}],"wp:attachment":[{"href":"https:\/\/kindart.is\/en\/wp-json\/wp\/v2\/media?parent=10041"}],"wp:term":[{"taxonomy":"product_brand","embeddable":true,"href":"https:\/\/kindart.is\/en\/wp-json\/wp\/v2\/product_brand?post=10041"},{"taxonomy":"product_cat","embeddable":true,"href":"https:\/\/kindart.is\/en\/wp-json\/wp\/v2\/product_cat?post=10041"},{"taxonomy":"product_tag","embeddable":true,"href":"https:\/\/kindart.is\/en\/wp-json\/wp\/v2\/product_tag?post=10041"}],"curies":[{"name":"wp","href":"https:\/\/api.w.org\/{rel}","templated":true}]}}