{"id":10048,"date":"2025-01-26T10:54:58","date_gmt":"2025-01-26T10:54:58","guid":{"rendered":"https:\/\/kindart.is\/?post_type=product&#038;p=10048"},"modified":"2025-02-11T15:33:51","modified_gmt":"2025-02-11T15:33:51","slug":"vidernin-i-brjosti-mer","status":"publish","type":"product","link":"https:\/\/kindart.is\/en\/vara\/vidernin-i-brjosti-mer\/","title":{"rendered":"V\u00ed\u00f0ernin \u00ed brj\u00f3sti m\u00e9r"},"content":{"rendered":"<p><strong>V\u00ed\u00f0ernin \u00ed brj\u00f3sti m\u00e9r<\/strong>. Lj\u00f3\u00f0 eftir Samann Nils-Aslak Valkeap\u00e4\u00e4 \u00ed \u00fe\u00fd\u00f0ingu Einars Braga. Hann er v\u00ed\u00f0kunnastur sam\u00edskra n\u00fat\u00edmask\u00e1lda segir Einar Bragi \u00ed grein um h\u00f6fundinn, fremst \u00ed \u00feessari b\u00f3k. B\u00f3kin er s\u00e9rlega vel \u00fat gefin af \u00fatg\u00e1fufyrirt\u00e6ki Einars Braga Lj\u00f3\u00f0bylgju me\u00f0 styrk fr\u00e1 Norr\u00e6nu r\u00e1\u00f0herranefndinni (Nordbok). St\u00e6r\u00f0: 20.6 X 15 cm og 80 bls. l\u00edmheft \u00ed \u00feykka \u00ed tv\u00edlita kartonk\u00e1pu, bl\u00e1a og rau\u00f0a me\u00f0 9.2 cm innsl\u00f6gum. Skorin a\u00f0 ofan og ne\u00f0an<\/p>\n<p><strong>\u00datg\u00e1fa og prentun<\/strong>:\u2028Lj\u00f3\u00f0bylgja, Reykjav\u00edk 2003. Prentun: Prentsmi\u00f0jan Steinholt.<\/p>\n","protected":false},"excerpt":{"rendered":"<p>V\u00ed\u00f0ernin \u00ed brj\u00f3sti m\u00e9r. Lj\u00f3\u00f0 eftir Samann Nils-Aslak Valkeap\u00e4\u00e4 \u00ed \u00fe\u00fd\u00f0ingu Einars Braga. Hann er v\u00ed\u00f0kunnastur sam\u00edskra n\u00fat\u00edmask\u00e1lda segir Einar Bragi \u00ed grein um h\u00f6fundinn, fremst \u00ed \u00feessari b\u00f3k. B\u00f3kin er s\u00e9rlega vel \u00fat gefin af \u00fatg\u00e1fufyrirt\u00e6ki Einars Braga Lj\u00f3\u00f0bylgju me\u00f0 styrk fr\u00e1 Norr\u00e6nu r\u00e1\u00f0herranefndinni (Nordbok). St\u00e6r\u00f0: 20.6 X 15 cm og 80 bls. l\u00edmheft [&hellip;]<\/p>\n","protected":false},"featured_media":10049,"template":"","meta":{"slim_seo":{"title":"V\u00ed\u00f0ernin \u00ed brj\u00f3sti m\u00e9r - KindArt","description":"V\u00ed\u00f0ernin \u00ed brj\u00f3sti m\u00e9r . Lj\u00f3\u00f0 eftir Samann Nils-Aslak Valkeap\u00e4\u00e4 \u00ed \u00fe\u00fd\u00f0ingu Einars Braga. Hann er v\u00ed\u00f0kunnastur sam\u00edskra n\u00fat\u00edmask\u00e1lda segir Einar Bragi \u00ed grein um"}},"product_brand":[],"product_cat":[82],"product_tag":[],"class_list":{"0":"post-10048","1":"product","2":"type-product","3":"status-publish","4":"has-post-thumbnail","6":"product_cat-baekur","7":"product_shipping_class-litill","9":"first","10":"outofstock","11":"purchasable","12":"product-type-simple"},"_links":{"self":[{"href":"https:\/\/kindart.is\/en\/wp-json\/wp\/v2\/product\/10048","targetHints":{"allow":["GET"]}}],"collection":[{"href":"https:\/\/kindart.is\/en\/wp-json\/wp\/v2\/product"}],"about":[{"href":"https:\/\/kindart.is\/en\/wp-json\/wp\/v2\/types\/product"}],"wp:featuredmedia":[{"embeddable":true,"href":"https:\/\/kindart.is\/en\/wp-json\/wp\/v2\/media\/10049"}],"wp:attachment":[{"href":"https:\/\/kindart.is\/en\/wp-json\/wp\/v2\/media?parent=10048"}],"wp:term":[{"taxonomy":"product_brand","embeddable":true,"href":"https:\/\/kindart.is\/en\/wp-json\/wp\/v2\/product_brand?post=10048"},{"taxonomy":"product_cat","embeddable":true,"href":"https:\/\/kindart.is\/en\/wp-json\/wp\/v2\/product_cat?post=10048"},{"taxonomy":"product_tag","embeddable":true,"href":"https:\/\/kindart.is\/en\/wp-json\/wp\/v2\/product_tag?post=10048"}],"curies":[{"name":"wp","href":"https:\/\/api.w.org\/{rel}","templated":true}]}}