{"id":10055,"date":"2025-01-29T03:31:33","date_gmt":"2025-01-29T03:31:33","guid":{"rendered":"https:\/\/kindart.is\/?post_type=product&#038;p=10055"},"modified":"2025-01-29T03:31:33","modified_gmt":"2025-01-29T03:31:33","slug":"islandske-maaneds-tidender","status":"publish","type":"product","link":"https:\/\/kindart.is\/en\/vara\/islandske-maaneds-tidender\/","title":{"rendered":"Islandske Maaneds-Tidender"},"content":{"rendered":"<p><strong>Islandske Maaneds-Tidender<\/strong>. 1.-3. Aargang. October 1773 til October 1776. Islandske Maaneds-Tidender var fyrsta \u00edslenska t\u00edmariti\u00f0 sem kom \u00fat \u00e1 \u00cdslandi og var prenta\u00f0 \u00ed Hrappsey \u00e1 Brei\u00f0afir\u00f0i. \u00d3lafur \u00d3lafsson Olavius (1741-1788) f\u00e9kk konungsleyfi 1773 til a\u00f0 stofna prentsmi\u00f0ju \u00ed Sk\u00e1lholtsbiskupsd\u00e6mi me\u00f0 \u00fev\u00ed skilyr\u00f0i a\u00f0 \u00fear yr\u00f0u ekki prenta\u00f0ar gu\u00f0sor\u00f0a- e\u00f0a sk\u00f3lab\u00e6kur. \u00dear voru prenta\u00f0ar alls um 80 b\u00e6kur, a\u00f0allega rit veraldlegs efnis. Riti\u00f0 kom \u00fat m\u00e1na\u00f0arlega , ein \u00f6rk 16 bls. og \u00feannig er \u00fea\u00f0 l\u00edka gert \u00ed lj\u00f3srituninni og s\u00ed\u00f0an sauma\u00f0 og l\u00edmt saman og sett \u00ed kartonk\u00e1pu 3 \u00e1rg. St\u00e6r\u00f0: 17.7 X 11 cm og 4 cm \u00feykk.<\/p>\n<p><strong>\u00datg\u00e1fa og prentun<\/strong>:<br \/>\nKiebenhavn og Hrappsey. \u00deessi \u00fatg\u00e1fa er ger\u00f0 \u00ed 200 t\u00f6lusettum eint\u00f6kum \u00ed Lithoprenti \u00ed Reykjav\u00edk \u00ed desember 1952. \u00deetta eintak er \u00f3t\u00f6lusett eintak eins og s\u00e9st \u00e1 fors\u00ed\u00f0u. Lithoprent er l\u00edklega \u00fatgefandinn \u00fev\u00ed \u00fea\u00f0 er enginn annar gefinn upp sem sl\u00edkur. \u00deeir voru frumkv\u00f6\u00f0lar \u00ed \u00fev\u00ed a\u00f0 nota hina n\u00fdju t\u00e6kni, offsetprentunina til a\u00f0 endurprenta gamlar \u00edslenskar b\u00e6kur eins og Gu\u00f0brandsbibl\u00edu sem d\u00e6mi.<\/p>\n","protected":false},"excerpt":{"rendered":"<p>Islandske Maaneds-Tidender. 1.-3. Aargang. October 1773 til October 1776. Islandske Maaneds-Tidender var fyrsta \u00edslenska t\u00edmariti\u00f0 sem kom \u00fat \u00e1 \u00cdslandi og var prenta\u00f0 \u00ed Hrappsey \u00e1 Brei\u00f0afir\u00f0i. \u00d3lafur \u00d3lafsson Olavius (1741-1788) f\u00e9kk konungsleyfi 1773 til a\u00f0 stofna prentsmi\u00f0ju \u00ed Sk\u00e1lholtsbiskupsd\u00e6mi me\u00f0 \u00fev\u00ed skilyr\u00f0i a\u00f0 \u00fear yr\u00f0u ekki prenta\u00f0ar gu\u00f0sor\u00f0a- e\u00f0a sk\u00f3lab\u00e6kur. \u00dear voru prenta\u00f0ar alls [&hellip;]<\/p>\n","protected":false},"featured_media":10056,"template":"","meta":{"slim_seo":{"title":"Islandske Maaneds-Tidender - KindArt","description":"Islandske Maaneds-Tidender . 1.-3. Aargang. October 1773 til October 1776. Islandske Maaneds-Tidender var fyrsta \u00edslenska t\u00edmariti\u00f0 sem kom \u00fat \u00e1 \u00cdslandi og var"}},"product_brand":[],"product_cat":[82],"product_tag":[],"class_list":{"0":"post-10055","1":"product","2":"type-product","3":"status-publish","4":"has-post-thumbnail","6":"product_cat-baekur","7":"product_shipping_class-litill","9":"first","10":"instock","11":"purchasable","12":"product-type-simple"},"_links":{"self":[{"href":"https:\/\/kindart.is\/en\/wp-json\/wp\/v2\/product\/10055","targetHints":{"allow":["GET"]}}],"collection":[{"href":"https:\/\/kindart.is\/en\/wp-json\/wp\/v2\/product"}],"about":[{"href":"https:\/\/kindart.is\/en\/wp-json\/wp\/v2\/types\/product"}],"wp:featuredmedia":[{"embeddable":true,"href":"https:\/\/kindart.is\/en\/wp-json\/wp\/v2\/media\/10056"}],"wp:attachment":[{"href":"https:\/\/kindart.is\/en\/wp-json\/wp\/v2\/media?parent=10055"}],"wp:term":[{"taxonomy":"product_brand","embeddable":true,"href":"https:\/\/kindart.is\/en\/wp-json\/wp\/v2\/product_brand?post=10055"},{"taxonomy":"product_cat","embeddable":true,"href":"https:\/\/kindart.is\/en\/wp-json\/wp\/v2\/product_cat?post=10055"},{"taxonomy":"product_tag","embeddable":true,"href":"https:\/\/kindart.is\/en\/wp-json\/wp\/v2\/product_tag?post=10055"}],"curies":[{"name":"wp","href":"https:\/\/api.w.org\/{rel}","templated":true}]}}