{"id":10060,"date":"2025-01-29T03:35:29","date_gmt":"2025-01-29T03:35:29","guid":{"rendered":"https:\/\/kindart.is\/?post_type=product&#038;p=10060"},"modified":"2025-01-29T03:35:29","modified_gmt":"2025-01-29T03:35:29","slug":"hvita-bokin","status":"publish","type":"product","link":"https:\/\/kindart.is\/en\/vara\/hvita-bokin\/","title":{"rendered":"Hv\u00edta b\u00f3kin"},"content":{"rendered":"<p><strong>Hv\u00edta b\u00f3kin<\/strong> eftir Einar M\u00e1 Gu\u00f0mundsson.\u00deessi b\u00f3k er g\u00f3\u00f0 skilgreing \u00e1 \u00fev\u00ed \u00fej\u00f3\u00f0f\u00e9lagi sem vi\u00f0 b\u00faum \u00ed, \u00cdslandi. H\u00fan er samin eftir hruni\u00f0 mikla 2009. H\u00fan er holl lesning fyrir \u00fe\u00e1 sem n\u00fa sitja vi\u00f0 v\u00f6ld og \u00e6tla s\u00e9r a\u00f0 setjast vi\u00f0 kj\u00f6tkatlana \u00ed Brussel. Einar M\u00e1r talar h\u00e9r t\u00e6pitungulaust vi\u00f0 \u00edb\u00faa \u00feessa lands sem alltof lengi hafa veri\u00f0 hallir undir erlent vald \u00ed austri og vestri. B\u00f3kin er l\u00edmheft \u00ed hv\u00edta kartonk\u00e1pu. Upphleypt letur me\u00f0 lakki \u00e1 k\u00e1pu og skorin. St\u00e6r\u00f0: 20 X 12 cm og 189 bls.<\/p>\n<p><strong>\u00datg\u00e1fa og prentun<\/strong>:<br \/>\nM\u00e1l og menning \/ Forlagi\u00f0.is. Reykjav\u00edk 2009. Prentun: \u00cdsafoldarprentsmi\u00f0ja.<\/p>\n","protected":false},"excerpt":{"rendered":"<p>Hv\u00edta b\u00f3kin eftir Einar M\u00e1 Gu\u00f0mundsson.\u00deessi b\u00f3k er g\u00f3\u00f0 skilgreing \u00e1 \u00fev\u00ed \u00fej\u00f3\u00f0f\u00e9lagi sem vi\u00f0 b\u00faum \u00ed, \u00cdslandi. H\u00fan er samin eftir hruni\u00f0 mikla 2009. H\u00fan er holl lesning fyrir \u00fe\u00e1 sem n\u00fa sitja vi\u00f0 v\u00f6ld og \u00e6tla s\u00e9r a\u00f0 setjast vi\u00f0 kj\u00f6tkatlana \u00ed Brussel. Einar M\u00e1r talar h\u00e9r t\u00e6pitungulaust vi\u00f0 \u00edb\u00faa \u00feessa lands sem [&hellip;]<\/p>\n","protected":false},"featured_media":10061,"template":"","meta":{"slim_seo":{"title":"Hv\u00edta b\u00f3kin - KindArt","description":"Hv\u00edta b\u00f3kin eftir Einar M\u00e1 Gu\u00f0mundsson.\u00deessi b\u00f3k er g\u00f3\u00f0 skilgreing \u00e1 \u00fev\u00ed \u00fej\u00f3\u00f0f\u00e9lagi sem vi\u00f0 b\u00faum \u00ed, \u00cdslandi. H\u00fan er samin eftir hruni\u00f0 mikla 2009. H\u00fan er holl l"}},"product_brand":[],"product_cat":[82],"product_tag":[],"class_list":{"0":"post-10060","1":"product","2":"type-product","3":"status-publish","4":"has-post-thumbnail","6":"product_cat-baekur","7":"product_shipping_class-litill","9":"first","10":"instock","11":"purchasable","12":"product-type-simple"},"_links":{"self":[{"href":"https:\/\/kindart.is\/en\/wp-json\/wp\/v2\/product\/10060","targetHints":{"allow":["GET"]}}],"collection":[{"href":"https:\/\/kindart.is\/en\/wp-json\/wp\/v2\/product"}],"about":[{"href":"https:\/\/kindart.is\/en\/wp-json\/wp\/v2\/types\/product"}],"wp:featuredmedia":[{"embeddable":true,"href":"https:\/\/kindart.is\/en\/wp-json\/wp\/v2\/media\/10061"}],"wp:attachment":[{"href":"https:\/\/kindart.is\/en\/wp-json\/wp\/v2\/media?parent=10060"}],"wp:term":[{"taxonomy":"product_brand","embeddable":true,"href":"https:\/\/kindart.is\/en\/wp-json\/wp\/v2\/product_brand?post=10060"},{"taxonomy":"product_cat","embeddable":true,"href":"https:\/\/kindart.is\/en\/wp-json\/wp\/v2\/product_cat?post=10060"},{"taxonomy":"product_tag","embeddable":true,"href":"https:\/\/kindart.is\/en\/wp-json\/wp\/v2\/product_tag?post=10060"}],"curies":[{"name":"wp","href":"https:\/\/api.w.org\/{rel}","templated":true}]}}