{"id":10067,"date":"2025-01-29T15:51:51","date_gmt":"2025-01-29T15:51:51","guid":{"rendered":"https:\/\/kindart.is\/?post_type=product&#038;p=10067"},"modified":"2025-06-16T14:43:51","modified_gmt":"2025-06-16T14:43:51","slug":"galdur-a-brennuold","status":"publish","type":"product","link":"https:\/\/kindart.is\/en\/vara\/galdur-a-brennuold\/","title":{"rendered":"Galdur \u00e1 brennu\u00f6ld"},"content":{"rendered":"<p><strong>Galdur \u00e1 brennu\u00f6ld<\/strong> eftir Matth\u00edas Vi\u00f0ar S\u00e6mundsson. \u00cdslensk galdrab\u00f3k hefur \u00ferisvar sinnum veri\u00f0 gefin \u00fat: Fyrst af Nat. Lindqvist (En isl. svartkonstb\u00f3k fron 1500 talet, 1921. \u00f6\u00f0ru sinni af Stephen Flowers (The Galdrab\u00f3k. An Icelandic Grimoire, 1989 og \u00feri\u00f0ja: af Matth\u00edasi Vi\u00f0ari S\u00e6mundssyni (Galdrar \u00e1 \u00cdslandi, 1992. H\u00e9r er stu\u00f0st vi\u00f0 \u00fe\u00e1 s\u00ed\u00f0astnefndu. Helstu heimildir eru \u00e1 bls. 128 \u00ed \u00feessari b\u00f3k, Galdur \u00e1 brennu\u00f6ld. St\u00e6r\u00f0: 16.7 X 12.2 cm og 128 bls. B\u00f3kin er saumu\u00f0 og bundin \u00ed har\u00f0spjaldab\u00f3k og gyllt.<\/p>\n<p><strong>\u00datg\u00e1fa og prentun<\/strong>:<br \/>\nIceland Review\/Stor\u00f0. Reykjav\u00edk 1996. Prentun: Prentsmi\u00f0jan Oddi.<\/p>\n","protected":false},"excerpt":{"rendered":"<p>Galdur \u00e1 brennu\u00f6ld eftir Matth\u00edas Vi\u00f0ar S\u00e6mundsson. \u00cdslensk galdrab\u00f3k hefur \u00ferisvar sinnum veri\u00f0 gefin \u00fat: Fyrst af Nat. Lindqvist (En isl. svartkonstb\u00f3k fron 1500 talet, 1921. \u00f6\u00f0ru sinni af Stephen Flowers (The Galdrab\u00f3k. An Icelandic Grimoire, 1989 og \u00feri\u00f0ja: af Matth\u00edasi Vi\u00f0ari S\u00e6mundssyni (Galdrar \u00e1 \u00cdslandi, 1992. H\u00e9r er stu\u00f0st vi\u00f0 \u00fe\u00e1 s\u00ed\u00f0astnefndu. Helstu heimildir [&hellip;]<\/p>\n","protected":false},"featured_media":10068,"template":"","meta":{"slim_seo":{"title":"Galdur \u00e1 brennu\u00f6ld - KindArt","description":"Galdur \u00e1 brennu\u00f6ld eftir Matth\u00edas Vi\u00f0ar S\u00e6mundsson. \u00cdslensk galdrab\u00f3k hefur \u00ferisvar sinnum veri\u00f0 gefin \u00fat: Fyrst af Nat. Lindqvist (En isl. svartkonstb\u00f3k fron 1"}},"product_brand":[],"product_cat":[82],"product_tag":[],"class_list":{"0":"post-10067","1":"product","2":"type-product","3":"status-publish","4":"has-post-thumbnail","6":"product_cat-baekur","7":"product_shipping_class-litill","9":"first","10":"outofstock","11":"purchasable","12":"product-type-simple"},"_links":{"self":[{"href":"https:\/\/kindart.is\/en\/wp-json\/wp\/v2\/product\/10067","targetHints":{"allow":["GET"]}}],"collection":[{"href":"https:\/\/kindart.is\/en\/wp-json\/wp\/v2\/product"}],"about":[{"href":"https:\/\/kindart.is\/en\/wp-json\/wp\/v2\/types\/product"}],"wp:featuredmedia":[{"embeddable":true,"href":"https:\/\/kindart.is\/en\/wp-json\/wp\/v2\/media\/10068"}],"wp:attachment":[{"href":"https:\/\/kindart.is\/en\/wp-json\/wp\/v2\/media?parent=10067"}],"wp:term":[{"taxonomy":"product_brand","embeddable":true,"href":"https:\/\/kindart.is\/en\/wp-json\/wp\/v2\/product_brand?post=10067"},{"taxonomy":"product_cat","embeddable":true,"href":"https:\/\/kindart.is\/en\/wp-json\/wp\/v2\/product_cat?post=10067"},{"taxonomy":"product_tag","embeddable":true,"href":"https:\/\/kindart.is\/en\/wp-json\/wp\/v2\/product_tag?post=10067"}],"curies":[{"name":"wp","href":"https:\/\/api.w.org\/{rel}","templated":true}]}}