{"id":10074,"date":"2025-01-29T15:58:03","date_gmt":"2025-01-29T15:58:03","guid":{"rendered":"https:\/\/kindart.is\/?post_type=product&#038;p=10074"},"modified":"2025-01-29T15:58:03","modified_gmt":"2025-01-29T15:58:03","slug":"adventa","status":"publish","type":"product","link":"https:\/\/kindart.is\/en\/vara\/adventa\/","title":{"rendered":"A\u00f0venta"},"content":{"rendered":"<p><strong>A\u00f0venta<\/strong> eftir Gunnar Gunnarsson. Engin b\u00f3k Gunnars hefur fari\u00f0 jafn v\u00ed\u00f0a um l\u00f6nd og A\u00f0venta. Form\u00e1li eftir J\u00f3n Kalmann Stef\u00e1nsson. St\u00e6r\u00f0:20 X 12.2 cm og 117 bls.<\/p>\n<p><strong>\u00datg\u00e1fa og prentun<\/strong>:<br \/>\nB\u00f3ka\u00fatg\u00e1fan Bjartur, Reykjav\u00edk 2007. Prentun: Prentsmi\u00f0jan Oddi.<\/p>\n","protected":false},"excerpt":{"rendered":"<p>A\u00f0venta eftir Gunnar Gunnarsson. Engin b\u00f3k Gunnars hefur fari\u00f0 jafn v\u00ed\u00f0a um l\u00f6nd og A\u00f0venta. Form\u00e1li eftir J\u00f3n Kalmann Stef\u00e1nsson. St\u00e6r\u00f0:20 X 12.2 cm og 117 bls. \u00datg\u00e1fa og prentun: B\u00f3ka\u00fatg\u00e1fan Bjartur, Reykjav\u00edk 2007. Prentun: Prentsmi\u00f0jan Oddi.<\/p>\n","protected":false},"featured_media":10075,"template":"","meta":{"slim_seo":{"title":"A\u00f0venta - KindArt","description":"A\u00f0venta eftir Gunnar Gunnarsson. Engin b\u00f3k Gunnars hefur fari\u00f0 jafn v\u00ed\u00f0a um l\u00f6nd og A\u00f0venta. Form\u00e1li eftir J\u00f3n Kalmann Stef\u00e1nsson. St\u00e6r\u00f0:20 X 12.2 cm og 117 bls"}},"product_brand":[],"product_cat":[82],"product_tag":[],"class_list":{"0":"post-10074","1":"product","2":"type-product","3":"status-publish","4":"has-post-thumbnail","6":"product_cat-baekur","7":"product_shipping_class-litill","9":"first","10":"instock","11":"purchasable","12":"product-type-simple"},"_links":{"self":[{"href":"https:\/\/kindart.is\/en\/wp-json\/wp\/v2\/product\/10074","targetHints":{"allow":["GET"]}}],"collection":[{"href":"https:\/\/kindart.is\/en\/wp-json\/wp\/v2\/product"}],"about":[{"href":"https:\/\/kindart.is\/en\/wp-json\/wp\/v2\/types\/product"}],"wp:featuredmedia":[{"embeddable":true,"href":"https:\/\/kindart.is\/en\/wp-json\/wp\/v2\/media\/10075"}],"wp:attachment":[{"href":"https:\/\/kindart.is\/en\/wp-json\/wp\/v2\/media?parent=10074"}],"wp:term":[{"taxonomy":"product_brand","embeddable":true,"href":"https:\/\/kindart.is\/en\/wp-json\/wp\/v2\/product_brand?post=10074"},{"taxonomy":"product_cat","embeddable":true,"href":"https:\/\/kindart.is\/en\/wp-json\/wp\/v2\/product_cat?post=10074"},{"taxonomy":"product_tag","embeddable":true,"href":"https:\/\/kindart.is\/en\/wp-json\/wp\/v2\/product_tag?post=10074"}],"curies":[{"name":"wp","href":"https:\/\/api.w.org\/{rel}","templated":true}]}}