{"id":10089,"date":"2025-02-19T13:40:01","date_gmt":"2025-02-19T13:40:01","guid":{"rendered":"https:\/\/kindart.is\/?post_type=product&#038;p=10089"},"modified":"2025-02-19T13:40:02","modified_gmt":"2025-02-19T13:40:02","slug":"neistar","status":"publish","type":"product","link":"https:\/\/kindart.is\/en\/vara\/neistar\/","title":{"rendered":"NEISTAR"},"content":{"rendered":"<p><strong>NEISTAR<\/strong> \u00far \u00fe\u00fasund \u00e1ra l\u00edfsbar\u00e1ttu \u00edslenskrar al\u00fe\u00fd\u00f0u. Bj\u00f6rn Sigf\u00fasson t\u00f3k saman. B\u00f3kin er bundin \u00ed handband, upphleypt shagrin skinn og handgyllt \u00e1 kj\u00f6l. St\u00e6r\u00f0: 18.5 X 12.7 cm og 388 bls. Eftirm\u00e1li eftir Bj\u00f6rn Sigf\u00fasson.<\/p>\n<p><strong>\u00datg\u00e1fa og prentun<\/strong>:<br \/>\n\u00dej\u00f3\u00f0 og saga Reykjav\u00edk 1944. Prentun: Prentsmi\u00f0jan H\u00f3lar.<\/p>\n","protected":false},"excerpt":{"rendered":"<p>NEISTAR \u00far \u00fe\u00fasund \u00e1ra l\u00edfsbar\u00e1ttu \u00edslenskrar al\u00fe\u00fd\u00f0u. Bj\u00f6rn Sigf\u00fasson t\u00f3k saman. B\u00f3kin er bundin \u00ed handband, upphleypt shagrin skinn og handgyllt \u00e1 kj\u00f6l. St\u00e6r\u00f0: 18.5 X 12.7 cm og 388 bls. Eftirm\u00e1li eftir Bj\u00f6rn Sigf\u00fasson. \u00datg\u00e1fa og prentun: \u00dej\u00f3\u00f0 og saga Reykjav\u00edk 1944. Prentun: Prentsmi\u00f0jan H\u00f3lar.<\/p>\n","protected":false},"featured_media":10090,"template":"","meta":{"slim_seo":{"title":"NEISTAR - KindArt","description":"NEISTAR \u00far \u00fe\u00fasund \u00e1ra l\u00edfsbar\u00e1ttu \u00edslenskrar al\u00fe\u00fd\u00f0u. Bj\u00f6rn Sigf\u00fasson t\u00f3k saman. B\u00f3kin er bundin \u00ed handband, upphleypt shagrin skinn og handgyllt \u00e1 kj\u00f6l. St\u00e6r\u00f0:"}},"product_brand":[],"product_cat":[82],"product_tag":[],"class_list":{"0":"post-10089","1":"product","2":"type-product","3":"status-publish","4":"has-post-thumbnail","6":"product_cat-baekur","7":"product_shipping_class-litill","9":"first","10":"instock","11":"purchasable","12":"product-type-simple"},"_links":{"self":[{"href":"https:\/\/kindart.is\/en\/wp-json\/wp\/v2\/product\/10089","targetHints":{"allow":["GET"]}}],"collection":[{"href":"https:\/\/kindart.is\/en\/wp-json\/wp\/v2\/product"}],"about":[{"href":"https:\/\/kindart.is\/en\/wp-json\/wp\/v2\/types\/product"}],"wp:featuredmedia":[{"embeddable":true,"href":"https:\/\/kindart.is\/en\/wp-json\/wp\/v2\/media\/10090"}],"wp:attachment":[{"href":"https:\/\/kindart.is\/en\/wp-json\/wp\/v2\/media?parent=10089"}],"wp:term":[{"taxonomy":"product_brand","embeddable":true,"href":"https:\/\/kindart.is\/en\/wp-json\/wp\/v2\/product_brand?post=10089"},{"taxonomy":"product_cat","embeddable":true,"href":"https:\/\/kindart.is\/en\/wp-json\/wp\/v2\/product_cat?post=10089"},{"taxonomy":"product_tag","embeddable":true,"href":"https:\/\/kindart.is\/en\/wp-json\/wp\/v2\/product_tag?post=10089"}],"curies":[{"name":"wp","href":"https:\/\/api.w.org\/{rel}","templated":true}]}}