{"id":10099,"date":"2025-02-19T13:47:22","date_gmt":"2025-02-19T13:47:22","guid":{"rendered":"https:\/\/kindart.is\/?post_type=product&#038;p=10099"},"modified":"2025-02-19T13:47:22","modified_gmt":"2025-02-19T13:47:22","slug":"stjornublik","status":"publish","type":"product","link":"https:\/\/kindart.is\/en\/vara\/stjornublik\/","title":{"rendered":"Stj\u00f6rnublik"},"content":{"rendered":"<p><strong>Stj\u00f6rnublik<\/strong>, Lj\u00f3\u00f0m\u00e6li eftir Hugr\u00fanu (Filipp\u00eda Kristj\u00e1nsd\u00f3ttir). B\u00f3kin er bundin \u00ed alband, v\u00ednrau\u00f0an shirting, gyllt \u00e1 framhli\u00f0. St\u00e6r\u00f0: 15.6 X 11.2 cm og 96 bls.<\/p>\n<p><strong>\u00datg\u00e1fa og prentun<\/strong>:<br \/>\n\u00cdsafoldarprentsmi\u00f0ja hf, 1942. Hir\u00f0prentsmi\u00f0ja konungs Prentun og band: \u00cdsafoldarprentsmi\u00f0ja.<\/p>\n","protected":false},"excerpt":{"rendered":"<p>Stj\u00f6rnublik, Lj\u00f3\u00f0m\u00e6li eftir Hugr\u00fanu (Filipp\u00eda Kristj\u00e1nsd\u00f3ttir). B\u00f3kin er bundin \u00ed alband, v\u00ednrau\u00f0an shirting, gyllt \u00e1 framhli\u00f0. St\u00e6r\u00f0: 15.6 X 11.2 cm og 96 bls. \u00datg\u00e1fa og prentun: \u00cdsafoldarprentsmi\u00f0ja hf, 1942. Hir\u00f0prentsmi\u00f0ja konungs Prentun og band: \u00cdsafoldarprentsmi\u00f0ja.<\/p>\n","protected":false},"featured_media":10100,"template":"","meta":{"slim_seo":{"title":"Stj\u00f6rnublik - KindArt","description":"Stj\u00f6rnublik , Lj\u00f3\u00f0m\u00e6li eftir Hugr\u00fanu (Filipp\u00eda Kristj\u00e1nsd\u00f3ttir). B\u00f3kin er bundin \u00ed alband, v\u00ednrau\u00f0an shirting, gyllt \u00e1 framhli\u00f0. St\u00e6r\u00f0: 15.6 X 11.2 cm og 96 bls"}},"product_brand":[],"product_cat":[82],"product_tag":[],"class_list":{"0":"post-10099","1":"product","2":"type-product","3":"status-publish","4":"has-post-thumbnail","6":"product_cat-baekur","7":"product_shipping_class-litill","9":"first","10":"instock","11":"purchasable","12":"product-type-simple"},"_links":{"self":[{"href":"https:\/\/kindart.is\/en\/wp-json\/wp\/v2\/product\/10099","targetHints":{"allow":["GET"]}}],"collection":[{"href":"https:\/\/kindart.is\/en\/wp-json\/wp\/v2\/product"}],"about":[{"href":"https:\/\/kindart.is\/en\/wp-json\/wp\/v2\/types\/product"}],"wp:featuredmedia":[{"embeddable":true,"href":"https:\/\/kindart.is\/en\/wp-json\/wp\/v2\/media\/10100"}],"wp:attachment":[{"href":"https:\/\/kindart.is\/en\/wp-json\/wp\/v2\/media?parent=10099"}],"wp:term":[{"taxonomy":"product_brand","embeddable":true,"href":"https:\/\/kindart.is\/en\/wp-json\/wp\/v2\/product_brand?post=10099"},{"taxonomy":"product_cat","embeddable":true,"href":"https:\/\/kindart.is\/en\/wp-json\/wp\/v2\/product_cat?post=10099"},{"taxonomy":"product_tag","embeddable":true,"href":"https:\/\/kindart.is\/en\/wp-json\/wp\/v2\/product_tag?post=10099"}],"curies":[{"name":"wp","href":"https:\/\/api.w.org\/{rel}","templated":true}]}}