{"id":10108,"date":"2025-02-19T13:55:16","date_gmt":"2025-02-19T13:55:16","guid":{"rendered":"https:\/\/kindart.is\/?post_type=product&#038;p=10108"},"modified":"2025-02-19T13:55:16","modified_gmt":"2025-02-19T13:55:16","slug":"fra-lidne-dagar","status":"publish","type":"product","link":"https:\/\/kindart.is\/en\/vara\/fra-lidne-dagar\/","title":{"rendered":"FRA LIDNE DAGAR"},"content":{"rendered":"<p><strong>FRA LIDNE DAGAR<\/strong> eftir Stef\u00e1n fr\u00e1 Hv\u00edtadal. Dikt i utval. Norsk omdikting ved Ivar Orgland. Halld\u00f3r Kiljan Laxness skrifar um Stef\u00e1n \u00ed form\u00e1la b\u00f3kar sem Ivar Eskeland hefur sn\u00fai\u00f0 \u00e1 norsku. Bls. 5-19 og Ivar Orgland skrifar greinina: Stef\u00e1n fr\u00e1 Hv\u00edtadal og Noreg. Bls. 21-30. S\u00ed\u00f0an koma lj\u00f3\u00f0 Stef\u00e1ns fr\u00e1 Hv\u00edtadal \u00ed 4 k\u00f6flum: I. S\u00f6ngvar f\u00f6rumannsins (1918) Bls. 33-72. II. \u00d3\u00f0ur einyrkjans (1921) Bls. 77-94. III. Helsingjar (1927) Bls. 99-108. IV. \u00ddms lj\u00f3\u00f0 sem birtust \u00ed t\u00edmaritum og b\u00f3kum: Bls.113-121.- B\u00f3kin er bundin \u00ed rautt alband, shirting me\u00f0 rau\u00f0 sni\u00f0 a\u00f0 ofan. Nafn b\u00f3kar er gyllt \u00e1 kj\u00f6l og nafn sk\u00e1ldsins gyllt \u00e1 fram-spjald me\u00f0 eiginhandarskrifst\u00f6fum. St\u00e6r\u00f0: 23 X 15.6 cm. Vantar k\u00e1pu.<\/p>\n<p><strong>\u00datg\u00e1fa og prentun<\/strong>:<br \/>\nFONNA FORLAG 1958. Prentun: Johansen &amp; Nielsen boktrykkeri Oslo 1958.<\/p>\n","protected":false},"excerpt":{"rendered":"<p>FRA LIDNE DAGAR eftir Stef\u00e1n fr\u00e1 Hv\u00edtadal. Dikt i utval. Norsk omdikting ved Ivar Orgland. Halld\u00f3r Kiljan Laxness skrifar um Stef\u00e1n \u00ed form\u00e1la b\u00f3kar sem Ivar Eskeland hefur sn\u00fai\u00f0 \u00e1 norsku. Bls. 5-19 og Ivar Orgland skrifar greinina: Stef\u00e1n fr\u00e1 Hv\u00edtadal og Noreg. Bls. 21-30. S\u00ed\u00f0an koma lj\u00f3\u00f0 Stef\u00e1ns fr\u00e1 Hv\u00edtadal \u00ed 4 k\u00f6flum: I. [&hellip;]<\/p>\n","protected":false},"featured_media":10109,"template":"","meta":{"slim_seo":{"title":"FRA LIDNE DAGAR - KindArt","description":"FRA LIDNE DAGAR eftir Stef\u00e1n fr\u00e1 Hv\u00edtadal. Dikt i utval. Norsk omdikting ved Ivar Orgland. Halld\u00f3r Kiljan Laxness skrifar um Stef\u00e1n \u00ed form\u00e1la b\u00f3kar sem Ivar Esk"}},"product_brand":[],"product_cat":[82],"product_tag":[],"class_list":{"0":"post-10108","1":"product","2":"type-product","3":"status-publish","4":"has-post-thumbnail","6":"product_cat-baekur","7":"product_shipping_class-litill","9":"first","10":"instock","11":"purchasable","12":"product-type-simple"},"_links":{"self":[{"href":"https:\/\/kindart.is\/en\/wp-json\/wp\/v2\/product\/10108","targetHints":{"allow":["GET"]}}],"collection":[{"href":"https:\/\/kindart.is\/en\/wp-json\/wp\/v2\/product"}],"about":[{"href":"https:\/\/kindart.is\/en\/wp-json\/wp\/v2\/types\/product"}],"wp:featuredmedia":[{"embeddable":true,"href":"https:\/\/kindart.is\/en\/wp-json\/wp\/v2\/media\/10109"}],"wp:attachment":[{"href":"https:\/\/kindart.is\/en\/wp-json\/wp\/v2\/media?parent=10108"}],"wp:term":[{"taxonomy":"product_brand","embeddable":true,"href":"https:\/\/kindart.is\/en\/wp-json\/wp\/v2\/product_brand?post=10108"},{"taxonomy":"product_cat","embeddable":true,"href":"https:\/\/kindart.is\/en\/wp-json\/wp\/v2\/product_cat?post=10108"},{"taxonomy":"product_tag","embeddable":true,"href":"https:\/\/kindart.is\/en\/wp-json\/wp\/v2\/product_tag?post=10108"}],"curies":[{"name":"wp","href":"https:\/\/api.w.org\/{rel}","templated":true}]}}