{"id":10119,"date":"2025-02-24T16:31:27","date_gmt":"2025-02-24T16:31:27","guid":{"rendered":"https:\/\/kindart.is\/?post_type=product&#038;p=10119"},"modified":"2025-02-24T16:31:27","modified_gmt":"2025-02-24T16:31:27","slug":"krigen-mod-salamandrene","status":"publish","type":"product","link":"https:\/\/kindart.is\/en\/vara\/krigen-mod-salamandrene\/","title":{"rendered":"Krigen mod salamandrene"},"content":{"rendered":"<p><strong>Krigen mod salamandrene<\/strong>. Salam\u00f6ndrustr\u00ed\u00f0i\u00f0 eftir Karel Capek. \u00de\u00fddd \u00far t\u00e9kknesku af V\u00e1lka S Mloky. \u00c1 d\u00f6nsku eftir Else Westh Neuhard. B\u00f3kin var notu\u00f0 til a\u00f0 \u00fe\u00fd\u00f0a hana yfir \u00e1 \u00edslensku. B\u00f3kin er saumu\u00f0 og l\u00edmd \u00ed kartonk\u00e1pu. St\u00e6r\u00f0: 27.3 X14.1 cm og 288 bls. \u00c1ritun fr\u00e1 L\u00e1rusi H. Bl\u00f6ndal til J\u00f3hannesar \u00far K\u00f6tlum. \u00deeir \u00e1ttu sama afm\u00e6lisdag, 4. n\u00f3vember.<\/p>\n<p><strong>\u00datg\u00e1fa og prentun<\/strong>:<br \/>\nGyldendalske boghandel, Nordisk forlag, &#8211; K\u00f8benhavn 1937. Prentun: Gyldendals forlagstrykkeri.<\/p>\n","protected":false},"excerpt":{"rendered":"<p>Krigen mod salamandrene. Salam\u00f6ndrustr\u00ed\u00f0i\u00f0 eftir Karel Capek. \u00de\u00fddd \u00far t\u00e9kknesku af V\u00e1lka S Mloky. \u00c1 d\u00f6nsku eftir Else Westh Neuhard. B\u00f3kin var notu\u00f0 til a\u00f0 \u00fe\u00fd\u00f0a hana yfir \u00e1 \u00edslensku. B\u00f3kin er saumu\u00f0 og l\u00edmd \u00ed kartonk\u00e1pu. St\u00e6r\u00f0: 27.3 X14.1 cm og 288 bls. \u00c1ritun fr\u00e1 L\u00e1rusi H. Bl\u00f6ndal til J\u00f3hannesar \u00far K\u00f6tlum. \u00deeir \u00e1ttu [&hellip;]<\/p>\n","protected":false},"featured_media":10120,"template":"","meta":{"slim_seo":{"title":"Krigen mod salamandrene - KindArt","description":"Krigen mod salamandrene . Salam\u00f6ndrustr\u00ed\u00f0i\u00f0 eftir Karel Capek. \u00de\u00fddd \u00far t\u00e9kknesku af V\u00e1lka S Mloky. \u00c1 d\u00f6nsku eftir Else Westh Neuhard. B\u00f3kin var notu\u00f0 til a\u00f0 \u00fe\u00fd\u00f0"}},"product_brand":[],"product_cat":[82],"product_tag":[],"class_list":{"0":"post-10119","1":"product","2":"type-product","3":"status-publish","4":"has-post-thumbnail","6":"product_cat-baekur","7":"product_shipping_class-litill","9":"first","10":"instock","11":"purchasable","12":"product-type-simple"},"_links":{"self":[{"href":"https:\/\/kindart.is\/en\/wp-json\/wp\/v2\/product\/10119","targetHints":{"allow":["GET"]}}],"collection":[{"href":"https:\/\/kindart.is\/en\/wp-json\/wp\/v2\/product"}],"about":[{"href":"https:\/\/kindart.is\/en\/wp-json\/wp\/v2\/types\/product"}],"wp:featuredmedia":[{"embeddable":true,"href":"https:\/\/kindart.is\/en\/wp-json\/wp\/v2\/media\/10120"}],"wp:attachment":[{"href":"https:\/\/kindart.is\/en\/wp-json\/wp\/v2\/media?parent=10119"}],"wp:term":[{"taxonomy":"product_brand","embeddable":true,"href":"https:\/\/kindart.is\/en\/wp-json\/wp\/v2\/product_brand?post=10119"},{"taxonomy":"product_cat","embeddable":true,"href":"https:\/\/kindart.is\/en\/wp-json\/wp\/v2\/product_cat?post=10119"},{"taxonomy":"product_tag","embeddable":true,"href":"https:\/\/kindart.is\/en\/wp-json\/wp\/v2\/product_tag?post=10119"}],"curies":[{"name":"wp","href":"https:\/\/api.w.org\/{rel}","templated":true}]}}