{"id":10127,"date":"2025-02-24T16:37:42","date_gmt":"2025-02-24T16:37:42","guid":{"rendered":"https:\/\/kindart.is\/?post_type=product&#038;p=10127"},"modified":"2025-02-24T16:37:42","modified_gmt":"2025-02-24T16:37:42","slug":"embla-1-ar","status":"publish","type":"product","link":"https:\/\/kindart.is\/en\/vara\/embla-1-ar\/","title":{"rendered":"EMBLA 1. \u00e1r"},"content":{"rendered":"<p><strong>EMBLA<\/strong>. \u00c1rsrit er flytur ritverk kvenna &#8211; 1. \u00c1r. &#8211; Ritstj\u00f3rar og \u00e1byrg\u00f0armenn: Valborg Bentsd\u00f3ttir, Kar\u00f3l\u00edna Einarsd\u00f3ttir og Vald\u00eds Halld\u00f3rsd\u00f3ttir. Riti\u00f0 er \u00ed lausum \u00f6rkum innan \u00ed kartonk\u00e1pu \u00ed daufbr\u00fanum lit me\u00f0 mynd \u00ed br\u00fanum lit eftir Gu\u00f0mund Einarsson fr\u00e1 Mi\u00f0dal. St\u00e6r\u00f0: 24.7 X17 cm. 7 arkir (104 bls.) + 1 augl\u00fdsinga\u00f6rk<\/p>\n<p><strong>\u00datg\u00e1fa og prentun<\/strong>:<br \/>\nNokkrar konur \u00ed Reykjav\u00edk og n\u00e1grenni: Reykjav\u00edk 1945. Prentun: Prentsmi\u00f0jan H\u00f3lar<\/p>\n","protected":false},"excerpt":{"rendered":"<p>EMBLA. \u00c1rsrit er flytur ritverk kvenna &#8211; 1. \u00c1r. &#8211; Ritstj\u00f3rar og \u00e1byrg\u00f0armenn: Valborg Bentsd\u00f3ttir, Kar\u00f3l\u00edna Einarsd\u00f3ttir og Vald\u00eds Halld\u00f3rsd\u00f3ttir. Riti\u00f0 er \u00ed lausum \u00f6rkum innan \u00ed kartonk\u00e1pu \u00ed daufbr\u00fanum lit me\u00f0 mynd \u00ed br\u00fanum lit eftir Gu\u00f0mund Einarsson fr\u00e1 Mi\u00f0dal. St\u00e6r\u00f0: 24.7 X17 cm. 7 arkir (104 bls.) + 1 augl\u00fdsinga\u00f6rk \u00datg\u00e1fa og prentun: [&hellip;]<\/p>\n","protected":false},"featured_media":10128,"template":"","meta":{"slim_seo":{"title":"EMBLA 1. \u00e1r - KindArt","description":"EMBLA . \u00c1rsrit er flytur ritverk kvenna - 1. \u00c1r. - Ritstj\u00f3rar og \u00e1byrg\u00f0armenn: Valborg Bentsd\u00f3ttir, Kar\u00f3l\u00edna Einarsd\u00f3ttir og Vald\u00eds Halld\u00f3rsd\u00f3ttir. Riti\u00f0 er \u00ed l"}},"product_brand":[],"product_cat":[82],"product_tag":[],"class_list":{"0":"post-10127","1":"product","2":"type-product","3":"status-publish","4":"has-post-thumbnail","6":"product_cat-baekur","7":"product_shipping_class-litill","9":"first","10":"instock","11":"purchasable","12":"product-type-simple"},"_links":{"self":[{"href":"https:\/\/kindart.is\/en\/wp-json\/wp\/v2\/product\/10127","targetHints":{"allow":["GET"]}}],"collection":[{"href":"https:\/\/kindart.is\/en\/wp-json\/wp\/v2\/product"}],"about":[{"href":"https:\/\/kindart.is\/en\/wp-json\/wp\/v2\/types\/product"}],"wp:featuredmedia":[{"embeddable":true,"href":"https:\/\/kindart.is\/en\/wp-json\/wp\/v2\/media\/10128"}],"wp:attachment":[{"href":"https:\/\/kindart.is\/en\/wp-json\/wp\/v2\/media?parent=10127"}],"wp:term":[{"taxonomy":"product_brand","embeddable":true,"href":"https:\/\/kindart.is\/en\/wp-json\/wp\/v2\/product_brand?post=10127"},{"taxonomy":"product_cat","embeddable":true,"href":"https:\/\/kindart.is\/en\/wp-json\/wp\/v2\/product_cat?post=10127"},{"taxonomy":"product_tag","embeddable":true,"href":"https:\/\/kindart.is\/en\/wp-json\/wp\/v2\/product_tag?post=10127"}],"curies":[{"name":"wp","href":"https:\/\/api.w.org\/{rel}","templated":true}]}}