{"id":10134,"date":"2025-02-24T16:43:59","date_gmt":"2025-02-24T16:43:59","guid":{"rendered":"https:\/\/kindart.is\/?post_type=product&#038;p=10134"},"modified":"2025-02-24T16:43:59","modified_gmt":"2025-02-24T16:43:59","slug":"embla-2-ar","status":"publish","type":"product","link":"https:\/\/kindart.is\/en\/vara\/embla-2-ar\/","title":{"rendered":"EMBLA 2. \u00e1r"},"content":{"rendered":"<p><strong>EMBLA<\/strong>. \u00c1rsrit er flytur ritverk kvenna &#8211; 2. \u00c1r. &#8211; Ritstj\u00f3rar og \u00e1byrg\u00f0armenn: Valborg Bentsd\u00f3ttir, Kar\u00f3l\u00edna Einarsd\u00f3ttir og Vald\u00eds Halld\u00f3rsd\u00f3ttir. Riti\u00f0 er sauma\u00f0 og l\u00edmt og laust innan \u00ed kartonk\u00e1pu me\u00f0 mynd framan\u00e1 \u00ed gr\u00e6num lit eftir Gu\u00f0mund Einarsson fr\u00e1 Mi\u00f0dal. St\u00e6r\u00f0: 24.7 X 18.6 cm og 114 bls + 3 bls augl\u00fdsingar.<\/p>\n<p><strong>\u00datg\u00e1fa og prentun<\/strong>:<br \/>\nNokkrar konur \u00ed Reykjav\u00edk og n\u00e1grenni: Reykjav\u00edk 1946. Prentun: Prentsmi\u00f0jan H\u00f3lar<\/p>\n","protected":false},"excerpt":{"rendered":"<p>EMBLA. \u00c1rsrit er flytur ritverk kvenna &#8211; 2. \u00c1r. &#8211; Ritstj\u00f3rar og \u00e1byrg\u00f0armenn: Valborg Bentsd\u00f3ttir, Kar\u00f3l\u00edna Einarsd\u00f3ttir og Vald\u00eds Halld\u00f3rsd\u00f3ttir. Riti\u00f0 er sauma\u00f0 og l\u00edmt og laust innan \u00ed kartonk\u00e1pu me\u00f0 mynd framan\u00e1 \u00ed gr\u00e6num lit eftir Gu\u00f0mund Einarsson fr\u00e1 Mi\u00f0dal. St\u00e6r\u00f0: 24.7 X 18.6 cm og 114 bls + 3 bls augl\u00fdsingar. \u00datg\u00e1fa og [&hellip;]<\/p>\n","protected":false},"featured_media":10135,"template":"","meta":{"slim_seo":{"title":"EMBLA 2. \u00e1r - KindArt","description":"EMBLA . \u00c1rsrit er flytur ritverk kvenna - 2. \u00c1r. - Ritstj\u00f3rar og \u00e1byrg\u00f0armenn: Valborg Bentsd\u00f3ttir, Kar\u00f3l\u00edna Einarsd\u00f3ttir og Vald\u00eds Halld\u00f3rsd\u00f3ttir. Riti\u00f0 er sau"}},"product_brand":[],"product_cat":[82],"product_tag":[],"class_list":{"0":"post-10134","1":"product","2":"type-product","3":"status-publish","4":"has-post-thumbnail","6":"product_cat-baekur","7":"product_shipping_class-litill","9":"first","10":"instock","11":"purchasable","12":"product-type-simple"},"_links":{"self":[{"href":"https:\/\/kindart.is\/en\/wp-json\/wp\/v2\/product\/10134","targetHints":{"allow":["GET"]}}],"collection":[{"href":"https:\/\/kindart.is\/en\/wp-json\/wp\/v2\/product"}],"about":[{"href":"https:\/\/kindart.is\/en\/wp-json\/wp\/v2\/types\/product"}],"wp:featuredmedia":[{"embeddable":true,"href":"https:\/\/kindart.is\/en\/wp-json\/wp\/v2\/media\/10135"}],"wp:attachment":[{"href":"https:\/\/kindart.is\/en\/wp-json\/wp\/v2\/media?parent=10134"}],"wp:term":[{"taxonomy":"product_brand","embeddable":true,"href":"https:\/\/kindart.is\/en\/wp-json\/wp\/v2\/product_brand?post=10134"},{"taxonomy":"product_cat","embeddable":true,"href":"https:\/\/kindart.is\/en\/wp-json\/wp\/v2\/product_cat?post=10134"},{"taxonomy":"product_tag","embeddable":true,"href":"https:\/\/kindart.is\/en\/wp-json\/wp\/v2\/product_tag?post=10134"}],"curies":[{"name":"wp","href":"https:\/\/api.w.org\/{rel}","templated":true}]}}