{"id":10152,"date":"2025-02-28T13:51:32","date_gmt":"2025-02-28T13:51:32","guid":{"rendered":"https:\/\/kindart.is\/?post_type=product&#038;p=10152"},"modified":"2025-10-03T14:20:18","modified_gmt":"2025-10-03T14:20:18","slug":"hveragerdi-busetusaga","status":"publish","type":"product","link":"https:\/\/kindart.is\/en\/vara\/hveragerdi-busetusaga\/","title":{"rendered":"Hverager\u00f0i &#8211; B\u00fasetusaga"},"content":{"rendered":"<p><strong>Hverager\u00f0i &#8211; B\u00fasetusaga<\/strong>. \u00deessa b\u00f3k skrifu\u00f0u \u00feau saman \u00deorsteinn Antonsson og Norma E. Sam\u00faelsd\u00f3ttir, b\u00e6\u00f0i sk\u00e1ld og b\u00faa b\u00e6\u00f0i \u00ed Hverager\u00f0i. \u00cd eftirm\u00e1la \u00e1 aftari k\u00e1pu segir \u00deorsteinn a\u00f0 fr\u00e1s\u00f6gnin taki a\u00f0allega til \u00e1ranna 2000-2010. Hann leggi til form og efnisfr\u00e1gang s\u00f6gunnar en hughrif og jar\u00f0samband s\u00e9 komi\u00f0 fr\u00e1 Normu. Fr\u00e1s\u00f6gnin kallast \u00e1 vi\u00f0 sm\u00e1\u00feorpi\u00f0 Hn\u00edfsdal \u00e1 Vestfj\u00f6r\u00f0um \u00fea\u00f0an sem Norma er \u00e6ttu\u00f0 en svo segir l\u00edka fr\u00e1 mannl\u00edfi \u00ed Hverager\u00f0i \u00feessi \u00e1r og f\u00f3lki sem lifir \u00fear haust og vetrart\u00ed\u00f0 \u00e6vi sinnar vegna aldurs e\u00f0a sj\u00fakd\u00f3ma. B\u00f3kin er l\u00edmheft \u00ed kartonk\u00e1pu me\u00f0 innsl\u00f6gum, en k\u00e1puteikningu eftir Normu, hins vegar eru teikningar \u00ed b\u00f3kinni af nokkrum s\u00f6gupers\u00f3num eftir Braga Einarsson \u00ed Eden. St\u00e6r\u00f0: 19.4 X 13.1 cm og 172 bls.<\/p>\n<p><strong>\u00datg\u00e1fa og prentun<\/strong>:<br \/>\nSagnasmi\u00f0jan, Hverager\u00f0i og Reykjav\u00edk. 2009. Prentun:H\u00e1sk\u00f3laprent Reykjav\u00edk.<\/p>\n","protected":false},"excerpt":{"rendered":"<p>Hverager\u00f0i &#8211; B\u00fasetusaga. \u00deessa b\u00f3k skrifu\u00f0u \u00feau saman \u00deorsteinn Antonsson og Norma E. Sam\u00faelsd\u00f3ttir, b\u00e6\u00f0i sk\u00e1ld og b\u00faa b\u00e6\u00f0i \u00ed Hverager\u00f0i. \u00cd eftirm\u00e1la \u00e1 aftari k\u00e1pu segir \u00deorsteinn a\u00f0 fr\u00e1s\u00f6gnin taki a\u00f0allega til \u00e1ranna 2000-2010. Hann leggi til form og efnisfr\u00e1gang s\u00f6gunnar en hughrif og jar\u00f0samband s\u00e9 komi\u00f0 fr\u00e1 Normu. Fr\u00e1s\u00f6gnin kallast \u00e1 vi\u00f0 sm\u00e1\u00feorpi\u00f0 [&hellip;]<\/p>\n","protected":false},"featured_media":10153,"template":"","meta":{"slim_seo":{"title":"Hverager\u00f0i - B\u00fasetusaga - KindArt","description":"Hverager\u00f0i - B\u00fasetusaga . \u00deessa b\u00f3k skrifu\u00f0u \u00feau saman \u00deorsteinn Antonsson og Norma E. Sam\u00faelsd\u00f3ttir, b\u00e6\u00f0i sk\u00e1ld og b\u00faa b\u00e6\u00f0i \u00ed Hverager\u00f0i. \u00cd eftirm\u00e1la \u00e1 aftari"}},"product_brand":[],"product_cat":[82],"product_tag":[],"class_list":{"0":"post-10152","1":"product","2":"type-product","3":"status-publish","4":"has-post-thumbnail","6":"product_cat-baekur","7":"product_shipping_class-litill","9":"first","10":"outofstock","11":"purchasable","12":"product-type-simple"},"_links":{"self":[{"href":"https:\/\/kindart.is\/en\/wp-json\/wp\/v2\/product\/10152","targetHints":{"allow":["GET"]}}],"collection":[{"href":"https:\/\/kindart.is\/en\/wp-json\/wp\/v2\/product"}],"about":[{"href":"https:\/\/kindart.is\/en\/wp-json\/wp\/v2\/types\/product"}],"wp:featuredmedia":[{"embeddable":true,"href":"https:\/\/kindart.is\/en\/wp-json\/wp\/v2\/media\/10153"}],"wp:attachment":[{"href":"https:\/\/kindart.is\/en\/wp-json\/wp\/v2\/media?parent=10152"}],"wp:term":[{"taxonomy":"product_brand","embeddable":true,"href":"https:\/\/kindart.is\/en\/wp-json\/wp\/v2\/product_brand?post=10152"},{"taxonomy":"product_cat","embeddable":true,"href":"https:\/\/kindart.is\/en\/wp-json\/wp\/v2\/product_cat?post=10152"},{"taxonomy":"product_tag","embeddable":true,"href":"https:\/\/kindart.is\/en\/wp-json\/wp\/v2\/product_tag?post=10152"}],"curies":[{"name":"wp","href":"https:\/\/api.w.org\/{rel}","templated":true}]}}