{"id":10159,"date":"2025-02-28T14:01:42","date_gmt":"2025-02-28T14:01:42","guid":{"rendered":"https:\/\/kindart.is\/?post_type=product&#038;p=10159"},"modified":"2025-02-28T14:04:33","modified_gmt":"2025-02-28T14:04:33","slug":"eyjaskinna","status":"publish","type":"product","link":"https:\/\/kindart.is\/en\/vara\/eyjaskinna\/","title":{"rendered":"Eyjaskinna"},"content":{"rendered":"<p><strong>Eyjaskinna<\/strong>. Rit S\u00f6guf\u00e9lags Vestmannaeyja, 1. rit. Ritnefnd: Haraldur Gu\u00f0nason, \u00c1g\u00fast Karlsson, Helgi Bern\u00f3dusson og Hermann Einarsson. B\u00f3kin er saumu\u00f0 og l\u00edmd \u00ed br\u00fana kartonk\u00e1pu me\u00f0 mynd af sj\u00f3manni framan \u00e1. St\u00e6r\u00f0: 20.5 X 14.5 cm og 157 bls.+ 23 bls. augl\u00fdsingar.<\/p>\n<p><strong>\u00datg\u00e1fa og prentun<\/strong>:<br \/>\nS\u00f6guf\u00e9lag Vestmannaeyja 1982. Prentun: Prentsmi\u00f0jan Eyr\u00fan Vestmannaeyjum.<\/p>\n","protected":false},"excerpt":{"rendered":"<p>Eyjaskinna. Rit S\u00f6guf\u00e9lags Vestmannaeyja, 1. rit. Ritnefnd: Haraldur Gu\u00f0nason, \u00c1g\u00fast Karlsson, Helgi Bern\u00f3dusson og Hermann Einarsson. B\u00f3kin er saumu\u00f0 og l\u00edmd \u00ed br\u00fana kartonk\u00e1pu me\u00f0 mynd af sj\u00f3manni framan \u00e1. St\u00e6r\u00f0: 20.5 X 14.5 cm og 157 bls.+ 23 bls. augl\u00fdsingar. \u00datg\u00e1fa og prentun: S\u00f6guf\u00e9lag Vestmannaeyja 1982. Prentun: Prentsmi\u00f0jan Eyr\u00fan Vestmannaeyjum.<\/p>\n","protected":false},"featured_media":10160,"template":"","meta":{"slim_seo":{"title":"Eyjaskinna - KindArt","description":"Eyjaskinna . Rit S\u00f6guf\u00e9lags Vestmannaeyja, 1. rit. Ritnefnd: Haraldur Gu\u00f0nason, \u00c1g\u00fast Karlsson, Helgi Bern\u00f3dusson og Hermann Einarsson. B\u00f3kin er saumu\u00f0 og l\u00edmd"}},"product_brand":[],"product_cat":[82],"product_tag":[],"class_list":{"0":"post-10159","1":"product","2":"type-product","3":"status-publish","4":"has-post-thumbnail","6":"product_cat-baekur","7":"product_shipping_class-litill","9":"first","10":"instock","11":"purchasable","12":"product-type-simple"},"_links":{"self":[{"href":"https:\/\/kindart.is\/en\/wp-json\/wp\/v2\/product\/10159","targetHints":{"allow":["GET"]}}],"collection":[{"href":"https:\/\/kindart.is\/en\/wp-json\/wp\/v2\/product"}],"about":[{"href":"https:\/\/kindart.is\/en\/wp-json\/wp\/v2\/types\/product"}],"wp:featuredmedia":[{"embeddable":true,"href":"https:\/\/kindart.is\/en\/wp-json\/wp\/v2\/media\/10160"}],"wp:attachment":[{"href":"https:\/\/kindart.is\/en\/wp-json\/wp\/v2\/media?parent=10159"}],"wp:term":[{"taxonomy":"product_brand","embeddable":true,"href":"https:\/\/kindart.is\/en\/wp-json\/wp\/v2\/product_brand?post=10159"},{"taxonomy":"product_cat","embeddable":true,"href":"https:\/\/kindart.is\/en\/wp-json\/wp\/v2\/product_cat?post=10159"},{"taxonomy":"product_tag","embeddable":true,"href":"https:\/\/kindart.is\/en\/wp-json\/wp\/v2\/product_tag?post=10159"}],"curies":[{"name":"wp","href":"https:\/\/api.w.org\/{rel}","templated":true}]}}