{"id":10195,"date":"2025-04-11T04:27:31","date_gmt":"2025-04-11T04:27:31","guid":{"rendered":"https:\/\/kindart.is\/?post_type=product&#038;p=10195"},"modified":"2025-04-11T04:27:32","modified_gmt":"2025-04-11T04:27:32","slug":"gomul-blod-xii","status":"publish","type":"product","link":"https:\/\/kindart.is\/en\/vara\/gomul-blod-xii\/","title":{"rendered":"G\u00f6mul bl\u00f6\u00f0 XII"},"content":{"rendered":"<p><strong>G\u00f6mul bl\u00f6\u00f0 XII<\/strong>. Fr\u00e1 Vestmannaeyjum. Ra\u00f0a\u00f0 eftir aldri. \u00deau elstu eru um 100 \u00e1ra g\u00f6mul.<\/p>\n<p><strong>SKJ\u00d6LDUR<\/strong> var anna\u00f0 bla\u00f0i\u00f0 sem prenta\u00f0 var \u00ed Prentsmi\u00f0ju Vestmannaeyja. \u00dea\u00f0 byrja\u00f0i a\u00f0 koma \u00fat hausti\u00f0 1923 og fyrsta bla\u00f0i\u00f0 s\u00e1 dagsins lj\u00f3s 12. okt\u00f3ber. \u00dea\u00f0 var nokku\u00f0 st\u00f3rt \u00ed sni\u00f0um e\u00f0a 47.5 X 28.5 sm. Prentpressan var l\u00edka afar st\u00f3r og mikil fyrirfer\u00f0ar. Var v\u00e9linni sn\u00fai\u00f0 af handafli. Var \u00fea\u00f0 b\u00e6\u00f0i erfitt og nokku\u00f0 vandasamt, \u00fev\u00ed a\u00f0 \u00fea\u00f0 var\u00f0 a\u00f0 hafa \u00fea\u00f0 me\u00f0 sem j\u00f6fnustum hra\u00f0a. J\u00f3hann G\u00edslason \u00ed Hl\u00ed\u00f0arh\u00fasi sn\u00e9ri henni oftast og s\u00f6ng vi\u00f0 raust, ef vel gekk.<\/p>\n<p><strong>\u00de\u00d3R<\/strong> var \u00feri\u00f0ja tilraunin til a\u00f0 gefa \u00fat bla\u00f0 \u00ed Vestmannaeyjum. Reksturinn \u00e1 Prentsmi\u00f0ju Vestmannaeyja var alltaf mj\u00f6g erfi\u00f0ur, en G\u00edsli J. Johnsen h\u00e9lt \u00e1fram eignarhaldi s\u00ednu \u00e1 henni. Eftir a\u00f0 P\u00e1ll Bjarnason og P\u00e1ll V. G, Kolka h\u00e6ttu sem ritstj\u00f3rar Skeggja og Skjaldar f\u00e9kk hann Valdimar B. Hersi prentara til a\u00f0 sinna b\u00e1\u00f0um st\u00f6rfunum a\u00f0 vera ritstj\u00f3ri og prenta bla\u00f0i\u00f0. Valdimar f\u00f3r a\u00f0 gefa \u00fat bla\u00f0i\u00f0 \u00de\u00f3r og kom fyrsta bla\u00f0i\u00f0 \u00fat 6. \u00e1g\u00fast 1924. Prentsmi\u00f0jan skipti um nafn og h\u00e9t n\u00fa Prentsmi\u00f0ja G. J. Johnsen.<\/p>\n<p><strong>Eyjabla\u00f0i\u00f0<\/strong> var fyrst prenta\u00f0 \u00ed Prentsmi\u00f0ju Gu\u00f0j\u00f3nsbr\u00e6\u00f0ra 26. sep. 1926 \u00ed Vestmannaeyjum, h\u00e9r t\u00f6lvuprenta\u00f0, en fr\u00e1 14. tbl. 9. des. 1926 \u00ed Prentsmi\u00f0ju Eyjabla\u00f0sins \u00ed Vestmannaeyjum, h\u00e9r t\u00f6lvuprenta\u00f0. Undirtitill bla\u00f0sins M\u00e1lgagn al\u00fe\u00fd\u00f0u \u00ed Vestmannaeyjum var prenta\u00f0ur \u00ed rau\u00f0um lit sem var n\u00fdlunda \u00ed prentun \u00e1 \u00cdslandi.<\/p>\n<p><strong>Huginn\u2028<\/strong> \u00dea\u00f0 var gefi\u00f0 \u00fat \u00ed Vestmannaeyjum og 1.tbl. kom \u00fat 30. mars 1928. Ritstj\u00f3ri \u00feess var Sigur\u00f0ur Gu\u00f0mundsson, en prentari var \u00c1rni Gu\u00f0laugsson. \u00deeir t\u00f3ku \u00e1 leigu Prentsmi\u00f0juna \u00e1 Helgafellsbraut 19 og \u00e1tti bla\u00f0i\u00f0 a\u00f0 vera \u00f3h\u00e1\u00f0 \u00f6llum stj\u00f3rnm\u00e1laflokkum\u2028.<\/p>\n<p><strong>Bl\u00f3mi\u00f0<\/strong> \u2028var gefi\u00f0 \u00fat af Reglustarfseminni \u00ed Vestmannaeyjum og kom 1. tbl. \u00fat \u00ed desember 1928. Ritstj\u00f3ri var \u00deorsteinn \u00de. V\u00edglundsson. \u00dea\u00f0 var \u00ed litlu formi og var prenta\u00f0 \u00ed Prentsmi\u00f0ju Vikunnar \u00ed Vestmannaeyjum. H\u00e9r er l\u00edka bo\u00f0i\u00f0 upp \u00e1 4. tbl.\u00ed okt. 1929 sem er prenta\u00f0 \u00ed Prentsmi\u00f0ju V\u00ed\u00f0is \u00ed Vestmannaeyjum. \u00dea\u00f0 er sagt vera bindindissinna\u00f0 barnabla\u00f0 me\u00f0 myndum.<\/p>\n<p><strong>Vikan<\/strong> var gefin \u00fat af Jafna\u00f0armannaf\u00e9lagi Vestmannaeyja. Ritstj\u00f3rar voru Steind\u00f3r Sigur\u00f0sson og Andr\u00e9s J. Straumland. Bla\u00f0i\u00f0 var prenta\u00f0 \u00ed Prentsmi\u00f0ju Vikunnar og var Steind\u00f3r fyrst \u00fatgefandi, en hann haf\u00f0i teki\u00f0 prentsmi\u00f0juna \u00e1 Helgafellsbraut 19 \u00e1 leigu. Hann vildi hafa bla\u00f0i\u00f0 \u00f3p\u00f3lit\u00edskt en \u00fea\u00f0 gekk ekki eftir \u00fev\u00ed Jafna\u00f0armannaf\u00e9lagi\u00f0 t\u00f3k vi\u00f0 \u00fatg\u00e1fu bla\u00f0sins. Steind\u00f3ri t\u00f3kst \u00fe\u00f3 a\u00f0 n\u00e1 undir sig bla\u00f0inu aftur og samdi vi\u00f0 \u00cdsleif H\u00f6gnason um kaup \u00e1 henni og h\u00fan er flutt \u00far h\u00fasi \u00cdsleifs \u00ed h\u00fasi\u00f0 a\u00f0 S\u00f3lheimum vi\u00f0 Njar\u00f0arg\u00f6tu sem var eign Helga Benediktssonar. Bla\u00f0i\u00f0 h\u00e6tti s\u00ed\u00f0an a\u00f0 koma \u00fat 13. apr\u00edl 1930. Alls komu \u00fat 54 t\u00f6lubl\u00f6\u00f0 af Vikunni. Steind\u00f3r sag\u00f0i fr\u00e1 \u00fev\u00ed \u00ed b\u00f3k sem hann gaf \u00fat \u00e1 Akureyri a\u00f0 Sj\u00e1lfst\u00e6\u00f0ismenn hef\u00f0u fest kaup \u00e1 prentsmi\u00f0ju Vikunnar og sameina\u00f0 hana Eyjaprentsmi\u00f0junni. \u00deannig gekk \u00fea\u00f0 n\u00fa til.<\/p>\n<p><strong>Hamar<\/strong> var gefinn \u00fat \u00ed Vestmannaeyjum og var 1.tbl. prenta\u00f0 \u00ed Eyjaprentsmi\u00f0junni 17. mars 1936. Ritstj\u00f3ri var Gu\u00f0laugur Br. J\u00f3nsson. H\u00e9r eru bo\u00f0in til s\u00f6lu 5 tbl. Bla\u00f0i\u00f0 var gefi\u00f0 \u00fat af sj\u00e1lfst\u00e6\u00f0ism\u00f6nnum og var mark bla\u00f0sins: Menning, frelsi og r\u00e9ttl\u00e6ti.<\/p>\n<p><strong>V\u00ed\u00f0ir<\/strong> \u00dea\u00f0 var \u00e1 reiki \u00ed byrjun me\u00f0 nafni\u00f0 \u00e1 prentsmi\u00f0ju V\u00ed\u00f0is, en fyrra bla\u00f0i\u00f0 sem h\u00e9r er bo\u00f0i\u00f0 upp \u00e1 var prenta\u00f0 26.ma\u00ed 1944 \u00ed Eyjaprentsmi\u00f0junni \u00ed Vestmannaeyjum og ritstj\u00f3ri var Magn\u00fas J\u00f3nsson. Hitt bla\u00f0i\u00f0 er fr\u00e1 13.\u00e1g\u00fast 1949, prenta\u00f0 \u00ed Prentsm. Eyr\u00fan og ritstj\u00f3ri var Einar Sigur\u00f0sson.<\/p>\n<p><strong>Eyjabla\u00f0i\u00f0<\/strong>. Auka\u00fatg\u00e1fa Nr. 2 af kosningabla\u00f0i s\u00f3s\u00edalista \u00ed Vestmannaeyjum \u00ed kosningunum 1949. Kom \u00fat 27. sept. 1949. \u00datg\u00e1fa og prentun:\u2028 \u00datgefendur: S\u00f3s\u00edalistar Vestmannaeyjum. Prentun: Prentsmi\u00f0jan Eyr\u00fan Vestmannaeyjum.<\/p>\n<p><strong>Stofnar<\/strong> Fj\u00f6lrita\u00f0 bla\u00f0 gefi\u00f0 \u00fat af Eyverjum F.U.S. \u00ed Vestmannaeyjum 20. n\u00f3v. 1974. \u00deetta eru 4 bl\u00f6\u00f0, prentu\u00f0 \u00f6\u00f0rumegin og fest saman me\u00f0 einum v\u00edrklamma \u00ed vinstra horni\u00f0 a\u00f0 ofan. Prenta\u00f0 \u00ed Eyjaprent. \u00c1bm.: Sigur\u00f0ur J\u00f3nsson.<\/p>\n<p><strong>\u00dej\u00f3\u00f0h\u00e1t\u00ed\u00f0arbla\u00f0 Vestmannaeyja<\/strong> \u00de\u00f3r 1984. Ritstj\u00f3ri og \u00e1byrg\u00f0arma\u00f0ur: \u00c1rni Johnsen. \u00c1 fors\u00ed\u00f0u er Teistumynd eftir Sigurgeir J\u00f3nasson. \u00c1 baks\u00ed\u00f0u er mynd af bjargsigi, l\u00edka eftir Sigurgeir. \u00dej\u00f3\u00f0h\u00e1t\u00ed\u00f0arnefnd \u00de\u00f3rs 1984: \u00de\u00f3r Vilhj\u00e1lmsson, \u00d3skar \u00d3skarsson, \u00deorsteinn Ing\u00f3lfsson, Engilbert G\u00edslason, \u00c1smundur Fri\u00f0riksson, P\u00e1ll Scheving og \u00c1rni Johnsen. Bla\u00f0i\u00f0 er 25 X 18,6 cm a\u00f0 st\u00e6r\u00f0, 78 bls. me\u00f0 litprenta\u00f0ri k\u00e1pu og v\u00edrheft. \u00datg\u00e1fa og prentun:\u2028 \u00datgefandi: \u00cd\u00fer\u00f3ttaf\u00e9lagi\u00f0 \u00de\u00f3r \u00ed Vestmannaeyjum. Prentun: Eyjaprent Vestmannaeyjum 1984.<\/p>\n<p>&nbsp;<\/p>\n","protected":false},"excerpt":{"rendered":"<p>G\u00f6mul bl\u00f6\u00f0 XII. Fr\u00e1 Vestmannaeyjum. Ra\u00f0a\u00f0 eftir aldri. \u00deau elstu eru um 100 \u00e1ra g\u00f6mul. SKJ\u00d6LDUR var anna\u00f0 bla\u00f0i\u00f0 sem prenta\u00f0 var \u00ed Prentsmi\u00f0ju Vestmannaeyja. \u00dea\u00f0 byrja\u00f0i a\u00f0 koma \u00fat hausti\u00f0 1923 og fyrsta bla\u00f0i\u00f0 s\u00e1 dagsins lj\u00f3s 12. okt\u00f3ber. \u00dea\u00f0 var nokku\u00f0 st\u00f3rt \u00ed sni\u00f0um e\u00f0a 47.5 X 28.5 sm. Prentpressan var l\u00edka afar [&hellip;]<\/p>\n","protected":false},"featured_media":10196,"template":"","meta":{"slim_seo":{"title":"G\u00f6mul bl\u00f6\u00f0 XII - KindArt","description":"G\u00f6mul bl\u00f6\u00f0 XII . Fr\u00e1 Vestmannaeyjum. Ra\u00f0a\u00f0 eftir aldri. \u00deau elstu eru um 100 \u00e1ra g\u00f6mul. SKJ\u00d6LDUR var anna\u00f0 bla\u00f0i\u00f0 sem prenta\u00f0 var \u00ed Prentsmi\u00f0ju Vestmannaeyja. \u00de"}},"product_brand":[],"product_cat":[82],"product_tag":[],"class_list":{"0":"post-10195","1":"product","2":"type-product","3":"status-publish","4":"has-post-thumbnail","6":"product_cat-baekur","7":"product_shipping_class-litill","9":"first","10":"instock","11":"purchasable","12":"product-type-simple"},"_links":{"self":[{"href":"https:\/\/kindart.is\/en\/wp-json\/wp\/v2\/product\/10195","targetHints":{"allow":["GET"]}}],"collection":[{"href":"https:\/\/kindart.is\/en\/wp-json\/wp\/v2\/product"}],"about":[{"href":"https:\/\/kindart.is\/en\/wp-json\/wp\/v2\/types\/product"}],"wp:featuredmedia":[{"embeddable":true,"href":"https:\/\/kindart.is\/en\/wp-json\/wp\/v2\/media\/10196"}],"wp:attachment":[{"href":"https:\/\/kindart.is\/en\/wp-json\/wp\/v2\/media?parent=10195"}],"wp:term":[{"taxonomy":"product_brand","embeddable":true,"href":"https:\/\/kindart.is\/en\/wp-json\/wp\/v2\/product_brand?post=10195"},{"taxonomy":"product_cat","embeddable":true,"href":"https:\/\/kindart.is\/en\/wp-json\/wp\/v2\/product_cat?post=10195"},{"taxonomy":"product_tag","embeddable":true,"href":"https:\/\/kindart.is\/en\/wp-json\/wp\/v2\/product_tag?post=10195"}],"curies":[{"name":"wp","href":"https:\/\/api.w.org\/{rel}","templated":true}]}}