{"id":10220,"date":"2025-04-13T15:22:40","date_gmt":"2025-04-13T15:22:40","guid":{"rendered":"https:\/\/kindart.is\/?post_type=product&#038;p=10220"},"modified":"2025-04-15T12:57:34","modified_gmt":"2025-04-15T12:57:34","slug":"exploring-scotlands-heritage-the-highlands","status":"publish","type":"product","link":"https:\/\/kindart.is\/en\/vara\/exploring-scotlands-heritage-the-highlands\/","title":{"rendered":"Exploring Scotland\u00b4s Heritage. The Highlands"},"content":{"rendered":"<p><strong>Exploring Scotland\u00b4s Heritage. The Highlands<\/strong>. H\u00f6fundur: Joanna Close Brooks.<br \/>\nB\u00f3kin er saumu\u00f0, l\u00edmborin og skorin. \u00cd g\u00f3\u00f0u \u00e1sigkomulagi. Miki\u00f0 af lj\u00f3smyndum pr\u00fd\u00f0a b\u00f3kina. St\u00e6r\u00f0:18.8 X 24.5 cm og 134 bls.<\/p>\n<p><strong>\u00datg\u00e1fa og prentun<\/strong>:<br \/>\nThe Royal Commission on the Ancient and Historical Monuments of Scotland.<br \/>\nEdinburgh. Her Majesty\u00b4s Stationery Office 1986. Prentun: Printed in Scotland for HMSO by Bell and Bain Ltd. Glasgow Dd. 762191\/HF4486 C70 7\/86.<\/p>\n","protected":false},"excerpt":{"rendered":"<p>Exploring Scotland\u00b4s Heritage. The Highlands. H\u00f6fundur: Joanna Close Brooks. B\u00f3kin er saumu\u00f0, l\u00edmborin og skorin. \u00cd g\u00f3\u00f0u \u00e1sigkomulagi. Miki\u00f0 af lj\u00f3smyndum pr\u00fd\u00f0a b\u00f3kina. St\u00e6r\u00f0:18.8 X 24.5 cm og 134 bls. \u00datg\u00e1fa og prentun: The Royal Commission on the Ancient and Historical Monuments of Scotland. Edinburgh. Her Majesty\u00b4s Stationery Office 1986. Prentun: Printed in Scotland for [&hellip;]<\/p>\n","protected":false},"featured_media":10221,"template":"","meta":{"slim_seo":{"title":"Exploring Scotland\u00b4s Heritage. The Highlands - KindArt","description":"Exploring Scotland\u00b4s Heritage. The Highlands . H\u00f6fundur: Joanna Close Brooks. B\u00f3kin er saumu\u00f0, l\u00edmborin og skorin. \u00cd g\u00f3\u00f0u \u00e1sigkomulagi. Miki\u00f0 af lj\u00f3smyndum pr\u00fd\u00f0"}},"product_brand":[],"product_cat":[82],"product_tag":[],"class_list":{"0":"post-10220","1":"product","2":"type-product","3":"status-publish","4":"has-post-thumbnail","6":"product_cat-baekur","7":"product_shipping_class-litill","9":"first","10":"outofstock","11":"purchasable","12":"product-type-simple"},"_links":{"self":[{"href":"https:\/\/kindart.is\/en\/wp-json\/wp\/v2\/product\/10220","targetHints":{"allow":["GET"]}}],"collection":[{"href":"https:\/\/kindart.is\/en\/wp-json\/wp\/v2\/product"}],"about":[{"href":"https:\/\/kindart.is\/en\/wp-json\/wp\/v2\/types\/product"}],"wp:featuredmedia":[{"embeddable":true,"href":"https:\/\/kindart.is\/en\/wp-json\/wp\/v2\/media\/10221"}],"wp:attachment":[{"href":"https:\/\/kindart.is\/en\/wp-json\/wp\/v2\/media?parent=10220"}],"wp:term":[{"taxonomy":"product_brand","embeddable":true,"href":"https:\/\/kindart.is\/en\/wp-json\/wp\/v2\/product_brand?post=10220"},{"taxonomy":"product_cat","embeddable":true,"href":"https:\/\/kindart.is\/en\/wp-json\/wp\/v2\/product_cat?post=10220"},{"taxonomy":"product_tag","embeddable":true,"href":"https:\/\/kindart.is\/en\/wp-json\/wp\/v2\/product_tag?post=10220"}],"curies":[{"name":"wp","href":"https:\/\/api.w.org\/{rel}","templated":true}]}}