{"id":10225,"date":"2025-04-13T15:40:06","date_gmt":"2025-04-13T15:40:06","guid":{"rendered":"https:\/\/kindart.is\/?post_type=product&#038;p=10225"},"modified":"2025-04-13T15:40:07","modified_gmt":"2025-04-13T15:40:07","slug":"italia","status":"publish","type":"product","link":"https:\/\/kindart.is\/en\/vara\/italia\/","title":{"rendered":"\u00cdtal\u00eda"},"content":{"rendered":"<p><strong>\u00cdtal\u00eda<\/strong>, L\u00f6nd og \u00fej\u00f3\u00f0ir: \u00cdTAL\u00cdA eftir Herbert Kubly og ritstj\u00f3ra t\u00edmaritsins LIFE. Einar P\u00e1lsson \u00fe\u00fdddi. B\u00f3kin er bundin \u00ed sterkt papp\u00edrsband me\u00f0 sl\u00e9ttum kj\u00f6l. \u00c1prentu\u00f0 saurbl\u00f6\u00f0, (landakort) St\u00e6r\u00f0: 27.8 X 21.5 cm og 100 bls.<\/p>\n<p><strong>\u00datg\u00e1fa og prentun<\/strong>:<br \/>\nAlmenna B\u00f3kaf\u00e9lagi\u00f0, Reykjav\u00edk 1962. Prentun: Prentsmi\u00f0jan Oddi. Prentun mynda: Broard et Taupin, Par\u00eds. B\u00f3kband: Sveinab\u00f3kbandi\u00f0, Reykjav\u00edk.<\/p>\n","protected":false},"excerpt":{"rendered":"<p>\u00cdtal\u00eda, L\u00f6nd og \u00fej\u00f3\u00f0ir: \u00cdTAL\u00cdA eftir Herbert Kubly og ritstj\u00f3ra t\u00edmaritsins LIFE. Einar P\u00e1lsson \u00fe\u00fdddi. B\u00f3kin er bundin \u00ed sterkt papp\u00edrsband me\u00f0 sl\u00e9ttum kj\u00f6l. \u00c1prentu\u00f0 saurbl\u00f6\u00f0, (landakort) St\u00e6r\u00f0: 27.8 X 21.5 cm og 100 bls. \u00datg\u00e1fa og prentun: Almenna B\u00f3kaf\u00e9lagi\u00f0, Reykjav\u00edk 1962. Prentun: Prentsmi\u00f0jan Oddi. Prentun mynda: Broard et Taupin, Par\u00eds. B\u00f3kband: Sveinab\u00f3kbandi\u00f0, Reykjav\u00edk.<\/p>\n","protected":false},"featured_media":10228,"template":"","meta":{"slim_seo":{"title":"\u00cdtal\u00eda - KindArt","description":"\u00cdtal\u00eda , L\u00f6nd og \u00fej\u00f3\u00f0ir: \u00cdTAL\u00cdA eftir Herbert Kubly og ritstj\u00f3ra t\u00edmaritsins LIFE. Einar P\u00e1lsson \u00fe\u00fdddi. B\u00f3kin er bundin \u00ed sterkt papp\u00edrsband me\u00f0 sl\u00e9ttum kj\u00f6l. \u00c1"}},"product_brand":[],"product_cat":[82],"product_tag":[],"class_list":{"0":"post-10225","1":"product","2":"type-product","3":"status-publish","4":"has-post-thumbnail","6":"product_cat-baekur","7":"product_shipping_class-litill","9":"first","10":"instock","11":"purchasable","12":"product-type-simple"},"_links":{"self":[{"href":"https:\/\/kindart.is\/en\/wp-json\/wp\/v2\/product\/10225","targetHints":{"allow":["GET"]}}],"collection":[{"href":"https:\/\/kindart.is\/en\/wp-json\/wp\/v2\/product"}],"about":[{"href":"https:\/\/kindart.is\/en\/wp-json\/wp\/v2\/types\/product"}],"wp:featuredmedia":[{"embeddable":true,"href":"https:\/\/kindart.is\/en\/wp-json\/wp\/v2\/media\/10228"}],"wp:attachment":[{"href":"https:\/\/kindart.is\/en\/wp-json\/wp\/v2\/media?parent=10225"}],"wp:term":[{"taxonomy":"product_brand","embeddable":true,"href":"https:\/\/kindart.is\/en\/wp-json\/wp\/v2\/product_brand?post=10225"},{"taxonomy":"product_cat","embeddable":true,"href":"https:\/\/kindart.is\/en\/wp-json\/wp\/v2\/product_cat?post=10225"},{"taxonomy":"product_tag","embeddable":true,"href":"https:\/\/kindart.is\/en\/wp-json\/wp\/v2\/product_tag?post=10225"}],"curies":[{"name":"wp","href":"https:\/\/api.w.org\/{rel}","templated":true}]}}