{"id":10234,"date":"2025-04-21T13:34:47","date_gmt":"2025-04-21T13:34:47","guid":{"rendered":"https:\/\/kindart.is\/?post_type=product&#038;p=10234"},"modified":"2025-04-21T14:00:40","modified_gmt":"2025-04-21T14:00:40","slug":"gomul-blod-xiii","status":"publish","type":"product","link":"https:\/\/kindart.is\/en\/vara\/gomul-blod-xiii\/","title":{"rendered":"G\u00f6mul bl\u00f6\u00f0 XIII"},"content":{"rendered":"<p><strong>G\u00f6mul bl\u00f6\u00f0 XIII<\/strong>. T\u00edu bl\u00f6\u00f0 fr\u00e1 \u00fdmsum st\u00f6\u00f0um \u00e1 landinu og fr\u00e1 \u00fdmsum t\u00edmum.<\/p>\n<p><strong>\u00deingey<\/strong> er fyrsta prenta\u00f0a bla\u00f0i\u00f0 sem var gefi\u00f0 \u00fat \u00e1 H\u00fasav\u00edk og \u00fea\u00f0 kom \u00fat 1.ma\u00ed 1945.<\/p>\n<p><strong>Al\u00fe\u00fd\u00f0ubla\u00f0i\u00f0<\/strong>. II.\u00e1rg 1907. P\u00e9tur G. \u00e1fram ritstj\u00f3ri &#8211; A\u00f0eins st\u00e6rra en I.\u00e1rg. sem kom \u00fat 1906. Skrifstofa og afgrei\u00f0sla \u00ed Austurstr\u00e6ti 10 \u00ed Reykjav\u00edk.<\/p>\n<p><strong>Frams\u00f3knarbla\u00f0i\u00f0<\/strong> 1950. \u00datgefandi: Frams\u00f3knarflokkurinn \u00ed Vestnannaeyjum. Kom \u00fat 20. jan. 1950. A\u00f0 mestu helga\u00f0 st\u00f3rslysinu \u00feegar VS Helgi f\u00f3rst \u00e1 Faxaskeri 7. jan. 1950.<\/p>\n<p><strong>Gamanbla\u00f0i\u00f0<\/strong>. 1917. \u00c1 fors\u00ed\u00f0u er sagt a\u00f0 \u00fea\u00f0 s\u00e9 gefi\u00f0 \u00fat f\u00f3lkinu til gamans. \u00de\u00e1 er l\u00edka sagt hva\u00f0 verkama\u00f0ur hefur \u00ed laun, en \u00fea\u00f0 var 60 aurar \u00e1 t\u00edmann e\u00f0a 1 eyrir \u00e1 hverja m\u00edn\u00fatu. H\u00e9r eru 6 fyrstu bl\u00f6\u00f0in.<\/p>\n<p><strong>V\u00edsis-drengurinn<\/strong>. Tv\u00f6 bl\u00f6\u00f0: Des.1913. 1.\u00e1rg. 1.tbl. og 2.tbl Jan.1914 &#8211; Myndabla\u00f0 handa unglingum. Bla\u00f0i\u00f0 kostar 10 aura en \u00e1rg. 90 aura.<\/p>\n<p><strong>Sunnudagask\u00f3labla\u00f0i\u00f0<\/strong>. 1948. \u00deetta bla\u00f0 er gefi\u00f0 \u00fat af Sunnudagask\u00f3la Akureyrarkirkju og er s\u00e9rstaklega \u00e6tla\u00f0 b\u00f6rnunum. \u00dea\u00f0 er prenta\u00f0 \u00ed Prentsmi\u00f0ju Bj\u00f6rns J\u00f3nssonar \u00e1 Akureyri. Edvard Sigurgeirsson, lj\u00f3smyndari bj\u00f3 \u00fat nafn bla\u00f0sins fyrir prentmyndager\u00f0ina.<\/p>\n<p><strong>\u00dever\u00e6ingur<\/strong>. Reykjav\u00edk 1. ma\u00ed 1945. \u00dea\u00f0 var gefi\u00f0 \u00fat af \u00d3lafi J. Hvanndal prentmyndasmi\u00f0 og fjalla\u00f0i miki\u00f0 um h\u00fasaleigum\u00e1l, en \u00e1 \u00feessum \u00e1rum voru \u00feau \u00ed miklum \u00f3lestri \u00ed Reykjav\u00edk og v\u00ed\u00f0ar og margir bjuggu hermannabr\u00f6ggum. \u00c1 fors\u00ed\u00f0u er birt r\u00e6\u00f0a Sigur\u00f0ar Kristj\u00e1nssonar, sem var flutt \u00ed t\u00f3mum sal \u00ed sameinu\u00f0u Al\u00feingi 2. mars 1945, skv. fr\u00e1s\u00f6gn bla\u00f0sins \u00e1 1.bls.<\/p>\n<p><strong>Einar \u00dever\u00e6ingur<\/strong>. Reykjav\u00edk 19.okt. 1918, 8.tbl. \u00c1byrg\u00f0arma\u00f0ur bla\u00f0sins var Pjetur L\u00e1russon, en \u00fatgefandi: Fjelag \u00ed Reykjav\u00edk. Bla\u00f0i\u00f0 kom \u00fat annan hvern dag og aukabl\u00f6\u00f0 eftir \u00fe\u00f6rfum. \u00dea\u00f0 kosta\u00f0i 5 aura \u00ed lausas\u00f6lu, en 50 aura m\u00e1na\u00f0arlega. Bla\u00f0i\u00f0 Einar \u00dever\u00e6ingur fjalla\u00f0i mest um Sambandsl\u00f6gin vi\u00f0 Dani.<\/p>\n<p><strong>\u00d3kindin<\/strong>. 19. mars 1976 2.tbl. 1.\u00e1rg. \u00d3h\u00e1\u00f0 bla\u00f0 sem kostar 200 kr. Vir\u00f0ist vera nokkurs konar sp\u00e9bla\u00f0 um r\u00edkisstj\u00f3rn \u00f3lafs J\u00f3hannessonar. \u00datgefandi: Sj\u00f3n og saga sf.-\u00c1bm.: Ewald Berndsen. Prenta\u00f0 \u00ed Fjar\u00f0arprent, Hafnarfir\u00f0i.<\/p>\n<p><strong>\u00deingt\u00ed\u00f0indi um starf S\u00f3s\u00edalistaflokksins \u00e1 Al\u00feingi<\/strong>. \u00c1bm: \u00cdsleifur H\u00f6gnason. \u00deetta er hrafl af bla\u00f0inu. Vantar 6. og 12. tbl.af 13 tbl. &#8211; Var gefi\u00f0 \u00fat \u00feegar \u00dej\u00f3\u00f0viljinn var banna\u00f0ur af bresku herstj\u00f3rninni og \u00feingma\u00f0ur og ritstj\u00f3ri bla\u00f0sins o.fl. voru fluttir \u00ed breskt fangelsi.<\/p>\n","protected":false},"excerpt":{"rendered":"<p>G\u00f6mul bl\u00f6\u00f0 XIII. T\u00edu bl\u00f6\u00f0 fr\u00e1 \u00fdmsum st\u00f6\u00f0um \u00e1 landinu og fr\u00e1 \u00fdmsum t\u00edmum. \u00deingey er fyrsta prenta\u00f0a bla\u00f0i\u00f0 sem var gefi\u00f0 \u00fat \u00e1 H\u00fasav\u00edk og \u00fea\u00f0 kom \u00fat 1.ma\u00ed 1945. Al\u00fe\u00fd\u00f0ubla\u00f0i\u00f0. II.\u00e1rg 1907. P\u00e9tur G. \u00e1fram ritstj\u00f3ri &#8211; A\u00f0eins st\u00e6rra en I.\u00e1rg. sem kom \u00fat 1906. Skrifstofa og afgrei\u00f0sla \u00ed Austurstr\u00e6ti 10 \u00ed Reykjav\u00edk. [&hellip;]<\/p>\n","protected":false},"featured_media":10237,"template":"","meta":{"slim_seo":{"title":"G\u00f6mul bl\u00f6\u00f0 XIII - KindArt","description":"G\u00f6mul bl\u00f6\u00f0 XIII . T\u00edu bl\u00f6\u00f0 fr\u00e1 \u00fdmsum st\u00f6\u00f0um \u00e1 landinu og fr\u00e1 \u00fdmsum t\u00edmum. \u00deingey er fyrsta prenta\u00f0a bla\u00f0i\u00f0 sem var gefi\u00f0 \u00fat \u00e1 H\u00fasav\u00edk og \u00fea\u00f0 kom \u00fat 1.ma\u00ed 1945."}},"product_brand":[],"product_cat":[82],"product_tag":[],"class_list":{"0":"post-10234","1":"product","2":"type-product","3":"status-publish","4":"has-post-thumbnail","6":"product_cat-baekur","7":"product_shipping_class-litill","9":"first","10":"instock","11":"purchasable","12":"product-type-simple"},"_links":{"self":[{"href":"https:\/\/kindart.is\/en\/wp-json\/wp\/v2\/product\/10234","targetHints":{"allow":["GET"]}}],"collection":[{"href":"https:\/\/kindart.is\/en\/wp-json\/wp\/v2\/product"}],"about":[{"href":"https:\/\/kindart.is\/en\/wp-json\/wp\/v2\/types\/product"}],"wp:featuredmedia":[{"embeddable":true,"href":"https:\/\/kindart.is\/en\/wp-json\/wp\/v2\/media\/10237"}],"wp:attachment":[{"href":"https:\/\/kindart.is\/en\/wp-json\/wp\/v2\/media?parent=10234"}],"wp:term":[{"taxonomy":"product_brand","embeddable":true,"href":"https:\/\/kindart.is\/en\/wp-json\/wp\/v2\/product_brand?post=10234"},{"taxonomy":"product_cat","embeddable":true,"href":"https:\/\/kindart.is\/en\/wp-json\/wp\/v2\/product_cat?post=10234"},{"taxonomy":"product_tag","embeddable":true,"href":"https:\/\/kindart.is\/en\/wp-json\/wp\/v2\/product_tag?post=10234"}],"curies":[{"name":"wp","href":"https:\/\/api.w.org\/{rel}","templated":true}]}}