{"id":10259,"date":"2025-04-23T11:26:17","date_gmt":"2025-04-23T11:26:17","guid":{"rendered":"https:\/\/kindart.is\/?post_type=product&#038;p=10259"},"modified":"2025-04-23T11:34:34","modified_gmt":"2025-04-23T11:34:34","slug":"gomul-blod-xiv","status":"publish","type":"product","link":"https:\/\/kindart.is\/en\/vara\/gomul-blod-xiv\/","title":{"rendered":"G\u00f6mul bl\u00f6\u00f0 XIV"},"content":{"rendered":"<p><strong>G\u00f6mul bl\u00f6\u00f0 XIV<\/strong>. T\u00edu bl\u00f6\u00f0 fr\u00e1 \u00fdmsum st\u00f6\u00f0um \u00e1 landinu og fr\u00e1 \u00fdmsum t\u00edmum.<\/p>\n<p><strong>Skuld<\/strong> er fyrsta prenta\u00f0a bla\u00f0i\u00f0 sem var gefi\u00f0 \u00fat \u00e1 Austurlandi. \u00dea\u00f0 var prenta\u00f0 \u00ed Prentsmi\u00f0ju Skuldar \u00e1 Eskifir\u00f0i og h\u00e9r er bo\u00f0i\u00f0 upp \u00e1 bla\u00f0 fr\u00e1 8. j\u00fan\u00ed nr. 8 \u00e1ri\u00f0 1878.<\/p>\n<p><strong>Aldan<\/strong>. Sj\u00f3mannabla\u00f0. Reykjav\u00edk. I. \u00e1rg 23. apr\u00edl 1926. Ritstj\u00f3ri: J\u00f3nas J\u00f3nasson.-<\/p>\n<p><strong>Nor\u00f0urland<\/strong> 1902. \u00dea\u00f0 var gefi\u00f0 \u00fat \u00e1 Akureyri og prenta\u00f0 \u00ed Prentsmi\u00f0ju Nor\u00f0urlands. Ritstj\u00f3ri var Einar Hj\u00f6rleifsson Kvaran. \u00dea\u00f0 kom \u00fat 13, sept. 1902. I. \u00e1r &#8211; 51. bla\u00f0.<\/p>\n<p><strong>Su\u00f0ri<\/strong>. 1883 1. \u00e1rg. 1.tbl. Bla\u00f0i\u00f0 var sunnlenskt og kom \u00fat \u00ed Reykjav\u00edk. \u00datgefendur: Einar \u00de\u00f3r\u00f0arson prentari og Kr.\u00d3. \u00deorgr\u00edmsson b\u00f3kbindari. Ritstj\u00f3ri og \u00e1bm. Gestur P\u00e1lsson. Afgrei\u00f0sla Nr. 8 vi\u00f0 Austurv\u00f6ll. Prenta\u00f0 hj\u00e1 Einari \u00de\u00f3r\u00f0arsyni. \u00d3d\u00fdrasta bla\u00f0 \u00e1 \u00cdslandi. Kostar a\u00f0eins 2 kr \u00e1rg. Kom \u00fat h\u00e1lfsm\u00e1na\u00f0arlega.<\/p>\n<p><strong>Gandrei\u00f0in<\/strong>, 4. febr\u00faar, 1925 1. \u00e1rg. 1. tbl. Gandrei\u00f0in er gamanbla\u00f0 me\u00f0 myndum er sagt \u00ed haus bla\u00f0sins \u00e1 bls.2, en \u00fea\u00f0 fer n\u00fa l\u00edti\u00f0 fyrir myndunum \u00ed \u00feessu fyrsta bla\u00f0i nema \u00e1 fors\u00ed\u00f0u \u00fear sem er teiknu\u00f0 mynd \u00ed kring um nafn bla\u00f0sins. Afgrei\u00f0sla er \u00e1 Laugavegi 67 \u00e1 allra ne\u00f0stu h\u00e6\u00f0. Bla\u00f0i\u00f0 kostar 15 aura eint. \u00ed lausas\u00f6lu. \u00c1bm. er \u00c1g\u00fast J\u00f3hannesson. Prenta\u00f0 \u00ed Prentsm. Gutenberg.<\/p>\n<p><strong>Bjarki<\/strong>. 1896, 1. \u00e1rg. 8. tbl. Bjarki var gefinn \u00fat \u00e1 Sey\u00f0isfir\u00f0i. Eigandi: Prentfjelag Austfir\u00f0inga. Ritstj\u00f3ri og \u00e1bm.: \u00deorsteinn Erlingsson sk\u00e1ld, en \u00deorsteinn G\u00edslason t\u00f3k vi\u00f0 af honum \u00feegar hinn t\u00f3k vi\u00f0 ritstj\u00f3rn Arnfir\u00f0ings \u00e1 sunnanver\u00f0um Vestfj\u00f6r\u00f0um.<\/p>\n<p><strong>Spanska flugan<\/strong>. 1920. Bla\u00f0i\u00f0 var l\u00edti\u00f0 h\u00e1\u00f0bla\u00f0 um s\u00f3ttvarnir \u00cdslendinga eftir a\u00f0 Spanska veikin haf\u00f0i gengi\u00f0 h\u00e9r \u00e1 landi um nokkurn t\u00edma. \u00c1byrg\u00f0arma\u00f0ur var \u00de\u00f3r\u00f0ur J\u00f3nsson, en \u00fea\u00f0 var prenta\u00f0 \u00ed F\u00e9lagsprentsmi\u00f0junni.<\/p>\n<p><strong>Heimilisbla\u00f0i\u00f0. <\/strong>1912. \u00dea\u00f0 var prenta\u00f0 og gefi\u00f0 \u00fat \u00e1 Eyrarbakka en \u00fatgefandi og \u00e1bm. var J\u00f3n Helgason prentari. J\u00f3n flutti til Eyrarbakka \u00feegar Prentsmi\u00f0ja Su\u00f0urlands var stofnu\u00f0 \u00fear sama \u00e1r til a\u00f0 gefa \u00fat bla\u00f0i\u00f0 Su\u00f0urland. Hann flutti s\u00ed\u00f0an aftur til Reykjav\u00edkur og h\u00e9lt \u00e1fram prentsmi\u00f0jurekstri \u00fear \u00ed m\u00f6rg \u00e1r.<\/p>\n<p><strong>Reykv\u00edkingur<\/strong> 1. \u00e1rg. 4. tbl. 11.apr\u00edl 1952. \u00deetta bla\u00f0 kom a\u00f0eins \u00fat \u00feetta eina \u00e1r, 1952. Ritstj\u00f3ri var G\u00edsli J. \u00c1st\u00fe\u00f3rsson, sem \u00e1\u00f0ur haf\u00f0i geti\u00f0 s\u00e9r gott or\u00f0 sem myndas\u00f6guh\u00f6fundur, Siggu Viggu b\u00e6kurnar og eins sem bla\u00f0ama\u00f0ur vi\u00f0 Morgunbla\u00f0i\u00f0.<\/p>\n<p><strong>Eystra-horn<\/strong>. Fr\u00e9ttabla\u00f0 \u00e1 Su\u00f0austurhorninu. 1. tbl. 1. \u00e1rg.1983. Ritstj\u00f3ri: Halld\u00f3r Tj\u00f6rvi Einarsson. Bla\u00f0i\u00f0 er n\u00fa prenta\u00f0 skv. n\u00fdjustu t\u00e6kni, en fr\u00e9ttabla\u00f0 \u00e1 \u00feessum sl\u00f3\u00f0um var \u00e1\u00f0ur handskrifa\u00f0 og var \u00feannig sent \u00e1 milli b\u00e6ja. \u00dea\u00f0 er prenta\u00f0 \u00ed Prentsmi\u00f0ju Hornafjar\u00f0ar.<\/p>\n","protected":false},"excerpt":{"rendered":"<p>G\u00f6mul bl\u00f6\u00f0 XIV. T\u00edu bl\u00f6\u00f0 fr\u00e1 \u00fdmsum st\u00f6\u00f0um \u00e1 landinu og fr\u00e1 \u00fdmsum t\u00edmum. Skuld er fyrsta prenta\u00f0a bla\u00f0i\u00f0 sem var gefi\u00f0 \u00fat \u00e1 Austurlandi. \u00dea\u00f0 var prenta\u00f0 \u00ed Prentsmi\u00f0ju Skuldar \u00e1 Eskifir\u00f0i og h\u00e9r er bo\u00f0i\u00f0 upp \u00e1 bla\u00f0 fr\u00e1 8. j\u00fan\u00ed nr. 8 \u00e1ri\u00f0 1878. Aldan. Sj\u00f3mannabla\u00f0. Reykjav\u00edk. I. \u00e1rg 23. apr\u00edl 1926. [&hellip;]<\/p>\n","protected":false},"featured_media":10260,"template":"","meta":{"slim_seo":{"title":"G\u00f6mul bl\u00f6\u00f0 XIV - KindArt","description":"G\u00f6mul bl\u00f6\u00f0 XIV . T\u00edu bl\u00f6\u00f0 fr\u00e1 \u00fdmsum st\u00f6\u00f0um \u00e1 landinu og fr\u00e1 \u00fdmsum t\u00edmum. Skuld er fyrsta prenta\u00f0a bla\u00f0i\u00f0 sem var gefi\u00f0 \u00fat \u00e1 Austurlandi. \u00dea\u00f0 var prenta\u00f0 \u00ed Prent"}},"product_brand":[],"product_cat":[82],"product_tag":[],"class_list":{"0":"post-10259","1":"product","2":"type-product","3":"status-publish","4":"has-post-thumbnail","6":"product_cat-baekur","7":"product_shipping_class-litill","9":"first","10":"instock","11":"purchasable","12":"product-type-simple"},"_links":{"self":[{"href":"https:\/\/kindart.is\/en\/wp-json\/wp\/v2\/product\/10259","targetHints":{"allow":["GET"]}}],"collection":[{"href":"https:\/\/kindart.is\/en\/wp-json\/wp\/v2\/product"}],"about":[{"href":"https:\/\/kindart.is\/en\/wp-json\/wp\/v2\/types\/product"}],"wp:featuredmedia":[{"embeddable":true,"href":"https:\/\/kindart.is\/en\/wp-json\/wp\/v2\/media\/10260"}],"wp:attachment":[{"href":"https:\/\/kindart.is\/en\/wp-json\/wp\/v2\/media?parent=10259"}],"wp:term":[{"taxonomy":"product_brand","embeddable":true,"href":"https:\/\/kindart.is\/en\/wp-json\/wp\/v2\/product_brand?post=10259"},{"taxonomy":"product_cat","embeddable":true,"href":"https:\/\/kindart.is\/en\/wp-json\/wp\/v2\/product_cat?post=10259"},{"taxonomy":"product_tag","embeddable":true,"href":"https:\/\/kindart.is\/en\/wp-json\/wp\/v2\/product_tag?post=10259"}],"curies":[{"name":"wp","href":"https:\/\/api.w.org\/{rel}","templated":true}]}}