{"id":10284,"date":"2025-04-26T16:00:29","date_gmt":"2025-04-26T16:00:29","guid":{"rendered":"https:\/\/kindart.is\/?post_type=product&#038;p=10284"},"modified":"2025-04-26T16:05:37","modified_gmt":"2025-04-26T16:05:37","slug":"gomul-blod-xv","status":"publish","type":"product","link":"https:\/\/kindart.is\/en\/vara\/gomul-blod-xv\/","title":{"rendered":"G\u00f6mul bl\u00f6\u00f0 XV"},"content":{"rendered":"<p>T\u00edu bl\u00f6\u00f0 fr\u00e1 fyrri hluta 19. aldar 1918 &#8211; 1962, Eitt bla\u00f0 af hverju bla\u00f0i. Fr\u00e1 \u00fdmsum st\u00f6\u00f0um.<\/p>\n<p>1. <strong>\u00cdslenzkar raddir<\/strong>. Laugardagur 29.apr\u00edl 1961. \u00datgefandi: Samt\u00f6k hern\u00e1msandst\u00e6\u00f0inga. \u00c1byrg\u00f0arma\u00f0ur Bjarni Benediktsson. Bla\u00f0i\u00f0 birtir \u00far greinum stj\u00f3rnm\u00e1laforingja og menntamanna \u00cdslendinga, \u00fea\u00f0 sem \u00feeir hafa sagt \u00e1 undanf\u00f6rnum \u00e1rum um hervernd og hlutleysi \u00cdslendinga. Bla\u00f0i\u00f0 fjalla\u00f0i um stj\u00f3rnm\u00e1l og kom a\u00f0eins \u00fat \u00ed 1 \u00e1r. 7.tbl. 1961<\/p>\n<p>2. <strong>Fr\u00e9ttir<\/strong>: \u00datgefandi F\u00e9lag \u00ed Reykjav\u00edk. 28.apr\u00edl 1918. Ritstj\u00f3ri til br\u00e1\u00f0abirg\u00f0a: Gu\u00f0mundur Gu\u00f0mundsson sk\u00e1ld.<\/p>\n<p>3. <strong>Rau\u00f0i f\u00e1ninn<\/strong>. 1. \u00e1rg. 2.tbl.1924. \u00datgefandi: Samband ungra komm\u00fanista. Prenta\u00f0 \u00ed F\u00e9lagsprentsni\u00f0junni. \u00c1bm: Sigur\u00f0ur J\u00f3hannsson. Einkunnaror\u00f0: \u00d6reigar \u00ed \u00f6llum l\u00f6ndum sameinist.<\/p>\n<p>4. <strong>R\u00f6\u00f0ull<\/strong>. \u00datgefandi: Al\u00fe\u00fd\u00f0uflokksf\u00e9l\u00f6gin \u00ed Keflav\u00edk. Ritstj\u00f3ri: Karl Steinar Gu\u00f0nason. Kosningabla\u00f0 19. ma\u00ed 1962. Prenta\u00f0 \u00ed Al\u00fe\u00fd\u00f0uprentsmi\u00f0junni.<\/p>\n<p>5. <strong>Har\u00f0jaxl, Rjettl\u00e6tis og laga<\/strong>. \u00datgefandi: Har\u00f0jaxlsflokkurinn \u00e1 \u00cdslandi. Ritstj\u00f3ri: Oddur Sigurgeirsson, Berg\u00fe\u00f3rug\u00f6tu 18. \u00c1bm.:Axel \u00d3lafsson. Reykjav\u00edk. Prenta\u00f0 \u00ed Prentsmi\u00f0ju Hallgr\u00edms Benediktssonar. Bergsta\u00f0astr\u00e6ti 19.<\/p>\n<p>6. <strong>\u00dej\u00f3\u00f0\u00f3lfur<\/strong>. Ritstj\u00f3ri og \u00e1byrg\u00f0arma\u00f0ur: Valdimar J\u00f3hannsson. Reykjav\u00edk. 17. J\u00fan\u00ed 1941.Ritstj\u00f3rn og afgrei\u00f0sla: Laugavegi 18. Prenta\u00f0 \u00ed Steind\u00f3rsprenti.<\/p>\n<p>7. <strong>G\u00f3\u00f0an daginn<\/strong>. \u00datgefandi og \u00e1bm. Hannes J\u00f3nasson Siglufir\u00f0i. Prenta\u00f0 \u00ed Siglufjar\u00f0arprentsmi\u00f0ju. Hannes stofna\u00f0i b\u00f3kaverslun 1927 og rak hana til 1953. Hann gaf \u00fat fleiri bl\u00f6\u00f0 m.a. bla\u00f0i\u00f0 FRAM \u00e1samt Fri\u00f0birni N\u00edelssyni fr\u00e1 1916 og var ritstj\u00f3ri bla\u00f0sins Einherja um hr\u00ed\u00f0. \u00de\u00e1 stofna\u00f0i hann l\u00edka Frams\u00f3knarf\u00e9lag \u00e1 Siglufir\u00f0i.<\/p>\n<p>8. <strong>Eyjabla\u00f0i\u00f0<\/strong>. \u00datgefandi: S\u00f3s\u00edalistaf\u00e9lag Vestmannaeyja. Ritstj\u00f3ri og \u00e1bm.: Sig. Guttormsson. Kosningabla\u00f0 \u00ed kosningunum 1942. \u00cdsleifur H\u00f6gnason skrifar forystugrein \u00e1 fors\u00ed\u00f0u bla\u00f0sins og segir menn fylkja s\u00e9r um verkamanninn \u00de\u00f3r\u00f0 Benediktsson \u00ed Vestmannaeyjum. \u00de\u00f3r\u00f0ur n\u00e1\u00f0i kj\u00f6ri, en hann var l\u00edti\u00f0 \u00e1 \u00feingi \u00ed fyrstu vegna veikinda. \u00de\u00f3r\u00f0ur vann lengi hj\u00e1 Sambandi berklasj\u00faklinga n\u00e6stu \u00e1rin.<\/p>\n<p>9. <strong>H\u00e6nir<\/strong> var bla\u00f0 sem var gefi\u00f0 \u00fat \u00e1 Sey\u00f0isfir\u00f0i 1923-1930. Ritstj\u00f3ri var Sigur\u00f0ur Arngr\u00edmsson (1885-1962). Bla\u00f0i\u00f0 var fyrst prenta\u00f0 \u00ed Prentsmi\u00f0ju Austurlands en \u00e1ri\u00f0 1924 keypti Sigur\u00f0ur \u00de. Gu\u00f0mundsson prentari prentsmi\u00f0juna og rak hana eftir \u00fea\u00f0 undir s\u00ednu nafni til 1934. H\u00e6nir var prenta\u00f0ur \u00fear \u00e1fram uns hann h\u00e6tti a\u00f0 koma \u00fat 1930.<br \/>\nH\u00e6nir var einn af \u00c1sunum, en \u00fea\u00f0 var l\u00edka s\u00e9rstakur galdrastafur skv. \u00cdslenskri or\u00f0ab\u00f3k (1988).<\/p>\n<p>10. <strong>DAGRENNING<\/strong> kom \u00fat \u00e1ri\u00f0 1924 og \u00fatgefendur voru \u201eNokkrir ungir menn\u201c. Ritstj\u00f3ri var Bjarni J\u00f3nsson fr\u00e1 Vogi, en hann var Al\u00fem. Dalamanna 1908-1926. Dagrenning var m\u00e1na\u00f0arbla\u00f0 en \u00fea\u00f0 komu a\u00f0eins \u00fat 5 tbl. Bjarni var ritstj\u00f3ri margra annarra bla\u00f0a m.a. Ing\u00f3lfs, Sumargjafar, Hugins og Birkibeina. o.fl. bla\u00f0a.<\/p>\n","protected":false},"excerpt":{"rendered":"<p>T\u00edu bl\u00f6\u00f0 fr\u00e1 fyrri hluta 19. aldar 1918 &#8211; 1962, Eitt bla\u00f0 af hverju bla\u00f0i. Fr\u00e1 \u00fdmsum st\u00f6\u00f0um. 1. \u00cdslenzkar raddir. Laugardagur 29.apr\u00edl 1961. \u00datgefandi: Samt\u00f6k hern\u00e1msandst\u00e6\u00f0inga. \u00c1byrg\u00f0arma\u00f0ur Bjarni Benediktsson. Bla\u00f0i\u00f0 birtir \u00far greinum stj\u00f3rnm\u00e1laforingja og menntamanna \u00cdslendinga, \u00fea\u00f0 sem \u00feeir hafa sagt \u00e1 undanf\u00f6rnum \u00e1rum um hervernd og hlutleysi \u00cdslendinga. Bla\u00f0i\u00f0 fjalla\u00f0i um stj\u00f3rnm\u00e1l [&hellip;]<\/p>\n","protected":false},"featured_media":10285,"template":"","meta":{"slim_seo":{"title":"G\u00f6mul bl\u00f6\u00f0 XV - KindArt","description":"T\u00edu bl\u00f6\u00f0 fr\u00e1 fyrri hluta 19. aldar 1918 - 1962, Eitt bla\u00f0 af hverju bla\u00f0i. Fr\u00e1 \u00fdmsum st\u00f6\u00f0um. 1. \u00cdslenzkar raddir . Laugardagur 29.apr\u00edl 1961. \u00datgefandi: Samt\u00f6k"}},"product_brand":[],"product_cat":[82],"product_tag":[],"class_list":{"0":"post-10284","1":"product","2":"type-product","3":"status-publish","4":"has-post-thumbnail","6":"product_cat-baekur","7":"product_shipping_class-litill","9":"first","10":"instock","11":"purchasable","12":"product-type-simple"},"_links":{"self":[{"href":"https:\/\/kindart.is\/en\/wp-json\/wp\/v2\/product\/10284","targetHints":{"allow":["GET"]}}],"collection":[{"href":"https:\/\/kindart.is\/en\/wp-json\/wp\/v2\/product"}],"about":[{"href":"https:\/\/kindart.is\/en\/wp-json\/wp\/v2\/types\/product"}],"wp:featuredmedia":[{"embeddable":true,"href":"https:\/\/kindart.is\/en\/wp-json\/wp\/v2\/media\/10285"}],"wp:attachment":[{"href":"https:\/\/kindart.is\/en\/wp-json\/wp\/v2\/media?parent=10284"}],"wp:term":[{"taxonomy":"product_brand","embeddable":true,"href":"https:\/\/kindart.is\/en\/wp-json\/wp\/v2\/product_brand?post=10284"},{"taxonomy":"product_cat","embeddable":true,"href":"https:\/\/kindart.is\/en\/wp-json\/wp\/v2\/product_cat?post=10284"},{"taxonomy":"product_tag","embeddable":true,"href":"https:\/\/kindart.is\/en\/wp-json\/wp\/v2\/product_tag?post=10284"}],"curies":[{"name":"wp","href":"https:\/\/api.w.org\/{rel}","templated":true}]}}