{"id":10313,"date":"2025-06-19T19:47:43","date_gmt":"2025-06-19T19:47:43","guid":{"rendered":"https:\/\/kindart.is\/?post_type=product&#038;p=10313"},"modified":"2025-06-19T19:52:38","modified_gmt":"2025-06-19T19:52:38","slug":"nokkrar-visur-um-vedrid-og-fleira","status":"publish","type":"product","link":"https:\/\/kindart.is\/en\/vara\/nokkrar-visur-um-vedrid-og-fleira\/","title":{"rendered":"Nokkrar v\u00edsur um ve\u00f0ri\u00f0 og fleira"},"content":{"rendered":"<p><strong>Nokkrar v\u00edsur um ve\u00f0ri\u00f0 og fleira<\/strong>. Kv\u00e6\u00f0i 1934-1951 eftir \u00d3laf J\u00f3hann Sigur\u00f0sson. \u00d6nnur \u00fatg\u00e1fa aukin. B\u00f3kin er bundin \u00ed forlagsband, gerfiefni \u00e1 kj\u00f6l og horn og kl\u00e6\u00f0ningu \u00ed st\u00edl.<br \/>\nSt\u00e6r\u00f0: 22 X 14.5 cm og 95 bls.<\/p>\n<p><strong>\u00datg\u00e1fa og prentun<\/strong>:<br \/>\n\u00datgefandi: M\u00e1l og menning. Reykjav\u00edk 1982. Setning, prentun og b\u00f3kband: Prentsmi\u00f0jan H\u00f3lar.<\/p>\n","protected":false},"excerpt":{"rendered":"<p>Nokkrar v\u00edsur um ve\u00f0ri\u00f0 og fleira. Kv\u00e6\u00f0i 1934-1951 eftir \u00d3laf J\u00f3hann Sigur\u00f0sson. \u00d6nnur \u00fatg\u00e1fa aukin. B\u00f3kin er bundin \u00ed forlagsband, gerfiefni \u00e1 kj\u00f6l og horn og kl\u00e6\u00f0ningu \u00ed st\u00edl. St\u00e6r\u00f0: 22 X 14.5 cm og 95 bls. \u00datg\u00e1fa og prentun: \u00datgefandi: M\u00e1l og menning. Reykjav\u00edk 1982. Setning, prentun og b\u00f3kband: Prentsmi\u00f0jan H\u00f3lar.<\/p>\n","protected":false},"featured_media":10314,"template":"","meta":{"slim_seo":{"title":"Nokkrar v\u00edsur um ve\u00f0ri\u00f0 og fleira - KindArt","description":"Nokkrar v\u00edsur um ve\u00f0ri\u00f0 og fleira . Kv\u00e6\u00f0i 1934-1951 eftir \u00d3laf J\u00f3hann Sigur\u00f0sson. \u00d6nnur \u00fatg\u00e1fa aukin. B\u00f3kin er bundin \u00ed forlagsband, gerfiefni \u00e1 kj\u00f6l og horn og"}},"product_brand":[],"product_cat":[82],"product_tag":[],"class_list":{"0":"post-10313","1":"product","2":"type-product","3":"status-publish","4":"has-post-thumbnail","6":"product_cat-baekur","7":"product_shipping_class-litill","9":"first","10":"instock","11":"purchasable","12":"product-type-simple"},"_links":{"self":[{"href":"https:\/\/kindart.is\/en\/wp-json\/wp\/v2\/product\/10313","targetHints":{"allow":["GET"]}}],"collection":[{"href":"https:\/\/kindart.is\/en\/wp-json\/wp\/v2\/product"}],"about":[{"href":"https:\/\/kindart.is\/en\/wp-json\/wp\/v2\/types\/product"}],"wp:featuredmedia":[{"embeddable":true,"href":"https:\/\/kindart.is\/en\/wp-json\/wp\/v2\/media\/10314"}],"wp:attachment":[{"href":"https:\/\/kindart.is\/en\/wp-json\/wp\/v2\/media?parent=10313"}],"wp:term":[{"taxonomy":"product_brand","embeddable":true,"href":"https:\/\/kindart.is\/en\/wp-json\/wp\/v2\/product_brand?post=10313"},{"taxonomy":"product_cat","embeddable":true,"href":"https:\/\/kindart.is\/en\/wp-json\/wp\/v2\/product_cat?post=10313"},{"taxonomy":"product_tag","embeddable":true,"href":"https:\/\/kindart.is\/en\/wp-json\/wp\/v2\/product_tag?post=10313"}],"curies":[{"name":"wp","href":"https:\/\/api.w.org\/{rel}","templated":true}]}}