{"id":10320,"date":"2025-06-19T19:57:42","date_gmt":"2025-06-19T19:57:42","guid":{"rendered":"https:\/\/kindart.is\/?post_type=product&#038;p=10320"},"modified":"2025-10-03T14:20:19","modified_gmt":"2025-10-03T14:20:19","slug":"regn-i-mai","status":"publish","type":"product","link":"https:\/\/kindart.is\/en\/vara\/regn-i-mai\/","title":{"rendered":"Regn \u00ed ma\u00ed"},"content":{"rendered":"<p><strong>Regn \u00ed ma\u00ed<\/strong>. Lj\u00f3\u00f0 eftir Einar Braga. H\u00f6r\u00f0ur \u00c1g\u00fastsson ger\u00f0i teikningar og k\u00e1pu og s\u00e1 um \u00fatlit b\u00f3karinnar. B\u00f3kin er saumu\u00f0 og heft \u00ed kartonk\u00e1pu \u00ed B\u00f3kfelli Hverfisg\u00f6tu 78 og prentu\u00f0 \u00ed V\u00edkingsprent \u00e1 sama sta\u00f0. St\u00e6r\u00f0: 17.3 X 14.0 cm og ca. 3 arkir<\/p>\n<p><strong>\u00datg\u00e1fa og prentun<\/strong>:<br \/>\n\u00datgefandi: Helgafell. Reykjav\u00edk \u00ed febr\u00faar 1957.<\/p>\n","protected":false},"excerpt":{"rendered":"<p>Regn \u00ed ma\u00ed. Lj\u00f3\u00f0 eftir Einar Braga. H\u00f6r\u00f0ur \u00c1g\u00fastsson ger\u00f0i teikningar og k\u00e1pu og s\u00e1 um \u00fatlit b\u00f3karinnar. B\u00f3kin er saumu\u00f0 og heft \u00ed kartonk\u00e1pu \u00ed B\u00f3kfelli Hverfisg\u00f6tu 78 og prentu\u00f0 \u00ed V\u00edkingsprent \u00e1 sama sta\u00f0. St\u00e6r\u00f0: 17.3 X 14.0 cm og ca. 3 arkir \u00datg\u00e1fa og prentun: \u00datgefandi: Helgafell. Reykjav\u00edk \u00ed febr\u00faar 1957.<\/p>\n","protected":false},"featured_media":10321,"template":"","meta":{"slim_seo":{"title":"Regn \u00ed ma\u00ed - KindArt","description":"Regn \u00ed ma\u00ed . Lj\u00f3\u00f0 eftir Einar Braga. H\u00f6r\u00f0ur \u00c1g\u00fastsson ger\u00f0i teikningar og k\u00e1pu og s\u00e1 um \u00fatlit b\u00f3karinnar. B\u00f3kin er saumu\u00f0 og heft \u00ed kartonk\u00e1pu \u00ed B\u00f3kfelli Hverfi"}},"product_brand":[],"product_cat":[82],"product_tag":[],"class_list":{"0":"post-10320","1":"product","2":"type-product","3":"status-publish","4":"has-post-thumbnail","6":"product_cat-baekur","7":"product_shipping_class-litill","9":"first","10":"outofstock","11":"purchasable","12":"product-type-simple"},"_links":{"self":[{"href":"https:\/\/kindart.is\/en\/wp-json\/wp\/v2\/product\/10320","targetHints":{"allow":["GET"]}}],"collection":[{"href":"https:\/\/kindart.is\/en\/wp-json\/wp\/v2\/product"}],"about":[{"href":"https:\/\/kindart.is\/en\/wp-json\/wp\/v2\/types\/product"}],"wp:featuredmedia":[{"embeddable":true,"href":"https:\/\/kindart.is\/en\/wp-json\/wp\/v2\/media\/10321"}],"wp:attachment":[{"href":"https:\/\/kindart.is\/en\/wp-json\/wp\/v2\/media?parent=10320"}],"wp:term":[{"taxonomy":"product_brand","embeddable":true,"href":"https:\/\/kindart.is\/en\/wp-json\/wp\/v2\/product_brand?post=10320"},{"taxonomy":"product_cat","embeddable":true,"href":"https:\/\/kindart.is\/en\/wp-json\/wp\/v2\/product_cat?post=10320"},{"taxonomy":"product_tag","embeddable":true,"href":"https:\/\/kindart.is\/en\/wp-json\/wp\/v2\/product_tag?post=10320"}],"curies":[{"name":"wp","href":"https:\/\/api.w.org\/{rel}","templated":true}]}}