{"id":10323,"date":"2025-06-19T20:05:32","date_gmt":"2025-06-19T20:05:32","guid":{"rendered":"https:\/\/kindart.is\/?post_type=product&#038;p=10323"},"modified":"2025-06-19T20:05:32","modified_gmt":"2025-06-19T20:05:32","slug":"islenzk-songlog-fyrir-fjorar-karlmannaraddir","status":"publish","type":"product","link":"https:\/\/kindart.is\/en\/vara\/islenzk-songlog-fyrir-fjorar-karlmannaraddir\/","title":{"rendered":"\u00cdslenzk s\u00f6ngl\u00f6g fyrir fj\u00f3rar karlmannaraddir"},"content":{"rendered":"<p><strong>\u00cdslenzk s\u00f6ngl\u00f6g fyrir fj\u00f3rar karlmannaraddir<\/strong>. N\u00f3tnab\u00f3k I. me\u00f0 t\u00f3lf \u00edslenzkum l\u00f6gum eftir Sigf\u00fas Einarsson t\u00f3nsk\u00e1ld. B\u00f3kin er bundin \u00ed handband \u00ed rex\u00edn og sterka kl\u00e6\u00f0ningu. H\u00fan hefur fyrst veri\u00f0 sett \u00ed k\u00e1pu en s\u00ed\u00f0an hefur k\u00e1pan veri\u00f0 skorin til og l\u00edmd framan \u00e1 spjaldi\u00f0 og virkar sem titilbla\u00f0.<\/p>\n<p><strong>\u00datg\u00e1fa og prentun<\/strong>:<br \/>\nKostna\u00f0arma\u00f0ur: Sigur\u00f0ur Kristj\u00e1nsson. Kaupmannah\u00f6fn 1903. Prenta\u00f0 hj\u00e1 Wilhelm Hansen.<\/p>\n","protected":false},"excerpt":{"rendered":"<p>\u00cdslenzk s\u00f6ngl\u00f6g fyrir fj\u00f3rar karlmannaraddir. N\u00f3tnab\u00f3k I. me\u00f0 t\u00f3lf \u00edslenzkum l\u00f6gum eftir Sigf\u00fas Einarsson t\u00f3nsk\u00e1ld. B\u00f3kin er bundin \u00ed handband \u00ed rex\u00edn og sterka kl\u00e6\u00f0ningu. H\u00fan hefur fyrst veri\u00f0 sett \u00ed k\u00e1pu en s\u00ed\u00f0an hefur k\u00e1pan veri\u00f0 skorin til og l\u00edmd framan \u00e1 spjaldi\u00f0 og virkar sem titilbla\u00f0. \u00datg\u00e1fa og prentun: Kostna\u00f0arma\u00f0ur: Sigur\u00f0ur Kristj\u00e1nsson. Kaupmannah\u00f6fn [&hellip;]<\/p>\n","protected":false},"featured_media":10324,"template":"","meta":{"slim_seo":{"title":"\u00cdslenzk s\u00f6ngl\u00f6g fyrir fj\u00f3rar karlmannaraddir - KindArt","description":"\u00cdslenzk s\u00f6ngl\u00f6g fyrir fj\u00f3rar karlmannaraddir . N\u00f3tnab\u00f3k I. me\u00f0 t\u00f3lf \u00edslenzkum l\u00f6gum eftir Sigf\u00fas Einarsson t\u00f3nsk\u00e1ld. B\u00f3kin er bundin \u00ed handband \u00ed rex\u00edn og sterk"}},"product_brand":[],"product_cat":[82],"product_tag":[],"class_list":{"0":"post-10323","1":"product","2":"type-product","3":"status-publish","4":"has-post-thumbnail","6":"product_cat-baekur","7":"product_shipping_class-litill","9":"first","10":"instock","11":"purchasable","12":"product-type-simple"},"_links":{"self":[{"href":"https:\/\/kindart.is\/en\/wp-json\/wp\/v2\/product\/10323","targetHints":{"allow":["GET"]}}],"collection":[{"href":"https:\/\/kindart.is\/en\/wp-json\/wp\/v2\/product"}],"about":[{"href":"https:\/\/kindart.is\/en\/wp-json\/wp\/v2\/types\/product"}],"wp:featuredmedia":[{"embeddable":true,"href":"https:\/\/kindart.is\/en\/wp-json\/wp\/v2\/media\/10324"}],"wp:attachment":[{"href":"https:\/\/kindart.is\/en\/wp-json\/wp\/v2\/media?parent=10323"}],"wp:term":[{"taxonomy":"product_brand","embeddable":true,"href":"https:\/\/kindart.is\/en\/wp-json\/wp\/v2\/product_brand?post=10323"},{"taxonomy":"product_cat","embeddable":true,"href":"https:\/\/kindart.is\/en\/wp-json\/wp\/v2\/product_cat?post=10323"},{"taxonomy":"product_tag","embeddable":true,"href":"https:\/\/kindart.is\/en\/wp-json\/wp\/v2\/product_tag?post=10323"}],"curies":[{"name":"wp","href":"https:\/\/api.w.org\/{rel}","templated":true}]}}