{"id":10327,"date":"2025-06-21T18:54:07","date_gmt":"2025-06-21T18:54:07","guid":{"rendered":"https:\/\/kindart.is\/?post_type=product&#038;p=10327"},"modified":"2025-06-21T18:54:07","modified_gmt":"2025-06-21T18:54:07","slug":"i-kvosinni","status":"publish","type":"product","link":"https:\/\/kindart.is\/en\/vara\/i-kvosinni\/","title":{"rendered":"\u00cd kvosinni"},"content":{"rendered":"<p><strong>\u00cd kvosinni<\/strong>. \u00c6skuminningar og bers\u00f6glism\u00e1l eftir Flosa \u00d3lafsson. Lj\u00f3smyndir eftir Odd \u00d3lafsson. B\u00f3kin er bundin \u00ed forlagsband, svartan silkishirting, alband. St\u00e6r\u00f0: 21.5 X 14.1 cm og 184 bls. K\u00e1pu vantar.<\/p>\n<p><strong>\u00datg\u00e1fa og prentun<\/strong>:<br \/>\n\u00datgefandi: I\u00f0unn. Reykjav\u00edk 1982. Prentsmi\u00f0ja Fri\u00f0riks J\u00f3elssonar.<\/p>\n","protected":false},"excerpt":{"rendered":"<p>\u00cd kvosinni. \u00c6skuminningar og bers\u00f6glism\u00e1l eftir Flosa \u00d3lafsson. Lj\u00f3smyndir eftir Odd \u00d3lafsson. B\u00f3kin er bundin \u00ed forlagsband, svartan silkishirting, alband. St\u00e6r\u00f0: 21.5 X 14.1 cm og 184 bls. K\u00e1pu vantar. \u00datg\u00e1fa og prentun: \u00datgefandi: I\u00f0unn. Reykjav\u00edk 1982. Prentsmi\u00f0ja Fri\u00f0riks J\u00f3elssonar.<\/p>\n","protected":false},"featured_media":10328,"template":"","meta":{"slim_seo":{"title":"\u00cd kvosinni - KindArt","description":"\u00cd kvosinni . \u00c6skuminningar og bers\u00f6glism\u00e1l eftir Flosa \u00d3lafsson. Lj\u00f3smyndir eftir Odd \u00d3lafsson. B\u00f3kin er bundin \u00ed forlagsband, svartan silkishirting, alband. St"}},"product_brand":[],"product_cat":[82],"product_tag":[],"class_list":{"0":"post-10327","1":"product","2":"type-product","3":"status-publish","4":"has-post-thumbnail","6":"product_cat-baekur","7":"product_shipping_class-litill","9":"first","10":"instock","11":"purchasable","12":"product-type-simple"},"_links":{"self":[{"href":"https:\/\/kindart.is\/en\/wp-json\/wp\/v2\/product\/10327","targetHints":{"allow":["GET"]}}],"collection":[{"href":"https:\/\/kindart.is\/en\/wp-json\/wp\/v2\/product"}],"about":[{"href":"https:\/\/kindart.is\/en\/wp-json\/wp\/v2\/types\/product"}],"wp:featuredmedia":[{"embeddable":true,"href":"https:\/\/kindart.is\/en\/wp-json\/wp\/v2\/media\/10328"}],"wp:attachment":[{"href":"https:\/\/kindart.is\/en\/wp-json\/wp\/v2\/media?parent=10327"}],"wp:term":[{"taxonomy":"product_brand","embeddable":true,"href":"https:\/\/kindart.is\/en\/wp-json\/wp\/v2\/product_brand?post=10327"},{"taxonomy":"product_cat","embeddable":true,"href":"https:\/\/kindart.is\/en\/wp-json\/wp\/v2\/product_cat?post=10327"},{"taxonomy":"product_tag","embeddable":true,"href":"https:\/\/kindart.is\/en\/wp-json\/wp\/v2\/product_tag?post=10327"}],"curies":[{"name":"wp","href":"https:\/\/api.w.org\/{rel}","templated":true}]}}