{"id":10332,"date":"2025-06-21T19:01:06","date_gmt":"2025-06-21T19:01:06","guid":{"rendered":"https:\/\/kindart.is\/?post_type=product&#038;p=10332"},"modified":"2025-06-21T19:05:12","modified_gmt":"2025-06-21T19:05:12","slug":"atviksord-i-thatid","status":"publish","type":"product","link":"https:\/\/kindart.is\/en\/vara\/atviksord-i-thatid\/","title":{"rendered":"Atviksor\u00f0 \u00ed \u00fe\u00e1t\u00ed\u00f0"},"content":{"rendered":"<p><strong>Atviksor\u00f0 \u00ed \u00fe\u00e1t\u00ed\u00f0<\/strong>. Lj\u00f3\u00f0m\u00e6li eftir Hermann P\u00e1lsson. Hann l\u00e9st af slysf\u00f6rum \u00ed B\u00falgar\u00edu 2002. Hann var nafnkunnur v\u00edsindama\u00f0ur \u00e1 svi\u00f0i \u00edslenskra fr\u00e6\u00f0a, en f\u00e9kkst l\u00edka vi\u00f0 sk\u00e1ldskap og haf\u00f0i gefi\u00f0 \u00fat tv\u00e6r b\u00e6kur \u00feegar hann l\u00e9st. \u00cd f\u00f3rum hans fannst svo handrit a\u00f0 \u00feeirri \u00feri\u00f0ju sem kemur h\u00e9r fyrir almenningssj\u00f3nir. Baldur Hafsta\u00f0 skrifa\u00f0i eftirm\u00e1la. B\u00f3kin er saumu\u00f0, heft \u00ed k\u00e1pu og skorin. St\u00e6r\u00f0: 21 X 14.8 cm og 78 bls.<\/p>\n<p><strong>\u00datg\u00e1fa og prentun<\/strong>:<br \/>\nB\u00f3ka\u00fatg\u00e1fan Hofi 2005. Prentun: Gutenberg.<\/p>\n","protected":false},"excerpt":{"rendered":"<p>Atviksor\u00f0 \u00ed \u00fe\u00e1t\u00ed\u00f0. Lj\u00f3\u00f0m\u00e6li eftir Hermann P\u00e1lsson. Hann l\u00e9st af slysf\u00f6rum \u00ed B\u00falgar\u00edu 2002. Hann var nafnkunnur v\u00edsindama\u00f0ur \u00e1 svi\u00f0i \u00edslenskra fr\u00e6\u00f0a, en f\u00e9kkst l\u00edka vi\u00f0 sk\u00e1ldskap og haf\u00f0i gefi\u00f0 \u00fat tv\u00e6r b\u00e6kur \u00feegar hann l\u00e9st. \u00cd f\u00f3rum hans fannst svo handrit a\u00f0 \u00feeirri \u00feri\u00f0ju sem kemur h\u00e9r fyrir almenningssj\u00f3nir. Baldur Hafsta\u00f0 skrifa\u00f0i eftirm\u00e1la. B\u00f3kin [&hellip;]<\/p>\n","protected":false},"featured_media":10333,"template":"","meta":{"slim_seo":{"title":"Atviksor\u00f0 \u00ed \u00fe\u00e1t\u00ed\u00f0 - KindArt","description":"Atviksor\u00f0 \u00ed \u00fe\u00e1t\u00ed\u00f0 . Lj\u00f3\u00f0m\u00e6li eftir Hermann P\u00e1lsson. Hann l\u00e9st af slysf\u00f6rum \u00ed B\u00falgar\u00edu 2002. Hann var nafnkunnur v\u00edsindama\u00f0ur \u00e1 svi\u00f0i \u00edslenskra fr\u00e6\u00f0a, en f\u00e9kkst"}},"product_brand":[],"product_cat":[82],"product_tag":[],"class_list":{"0":"post-10332","1":"product","2":"type-product","3":"status-publish","4":"has-post-thumbnail","6":"product_cat-baekur","7":"product_shipping_class-litill","9":"first","10":"instock","11":"purchasable","12":"product-type-simple"},"_links":{"self":[{"href":"https:\/\/kindart.is\/en\/wp-json\/wp\/v2\/product\/10332","targetHints":{"allow":["GET"]}}],"collection":[{"href":"https:\/\/kindart.is\/en\/wp-json\/wp\/v2\/product"}],"about":[{"href":"https:\/\/kindart.is\/en\/wp-json\/wp\/v2\/types\/product"}],"wp:featuredmedia":[{"embeddable":true,"href":"https:\/\/kindart.is\/en\/wp-json\/wp\/v2\/media\/10333"}],"wp:attachment":[{"href":"https:\/\/kindart.is\/en\/wp-json\/wp\/v2\/media?parent=10332"}],"wp:term":[{"taxonomy":"product_brand","embeddable":true,"href":"https:\/\/kindart.is\/en\/wp-json\/wp\/v2\/product_brand?post=10332"},{"taxonomy":"product_cat","embeddable":true,"href":"https:\/\/kindart.is\/en\/wp-json\/wp\/v2\/product_cat?post=10332"},{"taxonomy":"product_tag","embeddable":true,"href":"https:\/\/kindart.is\/en\/wp-json\/wp\/v2\/product_tag?post=10332"}],"curies":[{"name":"wp","href":"https:\/\/api.w.org\/{rel}","templated":true}]}}