{"id":10342,"date":"2025-07-10T14:27:03","date_gmt":"2025-07-10T14:27:03","guid":{"rendered":"https:\/\/kindart.is\/?post_type=product&#038;p=10342"},"modified":"2025-07-10T14:27:03","modified_gmt":"2025-07-10T14:27:03","slug":"vidattur","status":"publish","type":"product","link":"https:\/\/kindart.is\/en\/vara\/vidattur\/","title":{"rendered":"V\u00ed\u00f0\u00e1ttur"},"content":{"rendered":"<p><strong>V\u00ed\u00f0\u00e1ttur<\/strong>. Lj\u00f3\u00f0ab\u00f3k eftir Sigvalda Hj\u00e1lmarsson. B\u00f3kin er saumu\u00f0 og l\u00edmd \u00ed kartonk\u00e1pu. St\u00e6r\u00f0: 20 X 12 cm og 58 bls.B\u00f3kin er gefin \u00fat \u00ed 300 t\u00f6lusettum eint\u00f6kum og \u00e1ritu\u00f0 af h\u00f6fundi. \u00deetta er 261. eintaki\u00f0. K\u00e1pa og teikningar eru eftir Snorra Svein Fri\u00f0riksson.<\/p>\n<p><strong>\u00datg\u00e1fa og prentun<\/strong>:<br \/>\nHli\u00f0skj\u00e1lf, Reykjav\u00edk 1984. Setning og prentun: Litbr\u00e1 offset.<\/p>\n","protected":false},"excerpt":{"rendered":"<p>V\u00ed\u00f0\u00e1ttur. Lj\u00f3\u00f0ab\u00f3k eftir Sigvalda Hj\u00e1lmarsson. B\u00f3kin er saumu\u00f0 og l\u00edmd \u00ed kartonk\u00e1pu. St\u00e6r\u00f0: 20 X 12 cm og 58 bls.B\u00f3kin er gefin \u00fat \u00ed 300 t\u00f6lusettum eint\u00f6kum og \u00e1ritu\u00f0 af h\u00f6fundi. \u00deetta er 261. eintaki\u00f0. K\u00e1pa og teikningar eru eftir Snorra Svein Fri\u00f0riksson. \u00datg\u00e1fa og prentun: Hli\u00f0skj\u00e1lf, Reykjav\u00edk 1984. Setning og prentun: Litbr\u00e1 offset.<\/p>\n","protected":false},"featured_media":10343,"template":"","meta":{"slim_seo":{"title":"V\u00ed\u00f0\u00e1ttur - KindArt","description":"V\u00ed\u00f0\u00e1ttur . Lj\u00f3\u00f0ab\u00f3k eftir Sigvalda Hj\u00e1lmarsson. B\u00f3kin er saumu\u00f0 og l\u00edmd \u00ed kartonk\u00e1pu. St\u00e6r\u00f0: 20 X 12 cm og 58 bls.B\u00f3kin er gefin \u00fat \u00ed 300 t\u00f6lusettum eint\u00f6kum og"}},"product_brand":[],"product_cat":[82],"product_tag":[],"class_list":{"0":"post-10342","1":"product","2":"type-product","3":"status-publish","4":"has-post-thumbnail","6":"product_cat-baekur","7":"product_shipping_class-litill","9":"first","10":"instock","11":"purchasable","12":"product-type-simple"},"_links":{"self":[{"href":"https:\/\/kindart.is\/en\/wp-json\/wp\/v2\/product\/10342","targetHints":{"allow":["GET"]}}],"collection":[{"href":"https:\/\/kindart.is\/en\/wp-json\/wp\/v2\/product"}],"about":[{"href":"https:\/\/kindart.is\/en\/wp-json\/wp\/v2\/types\/product"}],"wp:featuredmedia":[{"embeddable":true,"href":"https:\/\/kindart.is\/en\/wp-json\/wp\/v2\/media\/10343"}],"wp:attachment":[{"href":"https:\/\/kindart.is\/en\/wp-json\/wp\/v2\/media?parent=10342"}],"wp:term":[{"taxonomy":"product_brand","embeddable":true,"href":"https:\/\/kindart.is\/en\/wp-json\/wp\/v2\/product_brand?post=10342"},{"taxonomy":"product_cat","embeddable":true,"href":"https:\/\/kindart.is\/en\/wp-json\/wp\/v2\/product_cat?post=10342"},{"taxonomy":"product_tag","embeddable":true,"href":"https:\/\/kindart.is\/en\/wp-json\/wp\/v2\/product_tag?post=10342"}],"curies":[{"name":"wp","href":"https:\/\/api.w.org\/{rel}","templated":true}]}}