{"id":10350,"date":"2025-07-10T14:32:54","date_gmt":"2025-07-10T14:32:54","guid":{"rendered":"https:\/\/kindart.is\/?post_type=product&#038;p=10350"},"modified":"2025-07-10T14:32:54","modified_gmt":"2025-07-10T14:32:54","slug":"lifskunstnerinn-leifur-haraldsson","status":"publish","type":"product","link":"https:\/\/kindart.is\/en\/vara\/lifskunstnerinn-leifur-haraldsson\/","title":{"rendered":"L\u00edfsk\u00fanstnerinn Leifur Haraldsson"},"content":{"rendered":"<p><strong>L\u00edfsk\u00fanstnerinn Leifur Haraldsson<\/strong> eftir Dan\u00edel \u00c1g\u00fast\u00ednusson. \u00c6viferill Leifs er rakinn \u00ed \u00feessari b\u00f3k, umsagnir samfer\u00f0amanna, lausav\u00edsur og lj\u00f3\u00f0. B\u00f3kin er innbundin \u00ed forlagsband, plastefni \u00ed alband. St\u00e6r\u00f0: 23.6 X 15.8 cm og 150 bls.<\/p>\n<p><strong>\u00datg\u00e1fa og prentun<\/strong>:<br \/>\nH\u00f6rpu\u00fatg\u00e1fan Akranes &#8211; Reykjav\u00edk 1996. Prentvinnsla: Oddi.<\/p>\n","protected":false},"excerpt":{"rendered":"<p>L\u00edfsk\u00fanstnerinn Leifur Haraldsson eftir Dan\u00edel \u00c1g\u00fast\u00ednusson. \u00c6viferill Leifs er rakinn \u00ed \u00feessari b\u00f3k, umsagnir samfer\u00f0amanna, lausav\u00edsur og lj\u00f3\u00f0. B\u00f3kin er innbundin \u00ed forlagsband, plastefni \u00ed alband. St\u00e6r\u00f0: 23.6 X 15.8 cm og 150 bls. \u00datg\u00e1fa og prentun: H\u00f6rpu\u00fatg\u00e1fan Akranes &#8211; Reykjav\u00edk 1996. Prentvinnsla: Oddi.<\/p>\n","protected":false},"featured_media":10351,"template":"","meta":{"slim_seo":{"title":"L\u00edfsk\u00fanstnerinn Leifur Haraldsson - KindArt","description":"L\u00edfsk\u00fanstnerinn Leifur Haraldsson eftir Dan\u00edel \u00c1g\u00fast\u00ednusson. \u00c6viferill Leifs er rakinn \u00ed \u00feessari b\u00f3k, umsagnir samfer\u00f0amanna, lausav\u00edsur og lj\u00f3\u00f0. B\u00f3kin er innbu"}},"product_brand":[],"product_cat":[82],"product_tag":[],"class_list":{"0":"post-10350","1":"product","2":"type-product","3":"status-publish","4":"has-post-thumbnail","6":"product_cat-baekur","7":"product_shipping_class-litill","9":"first","10":"instock","11":"purchasable","12":"product-type-simple"},"_links":{"self":[{"href":"https:\/\/kindart.is\/en\/wp-json\/wp\/v2\/product\/10350","targetHints":{"allow":["GET"]}}],"collection":[{"href":"https:\/\/kindart.is\/en\/wp-json\/wp\/v2\/product"}],"about":[{"href":"https:\/\/kindart.is\/en\/wp-json\/wp\/v2\/types\/product"}],"wp:featuredmedia":[{"embeddable":true,"href":"https:\/\/kindart.is\/en\/wp-json\/wp\/v2\/media\/10351"}],"wp:attachment":[{"href":"https:\/\/kindart.is\/en\/wp-json\/wp\/v2\/media?parent=10350"}],"wp:term":[{"taxonomy":"product_brand","embeddable":true,"href":"https:\/\/kindart.is\/en\/wp-json\/wp\/v2\/product_brand?post=10350"},{"taxonomy":"product_cat","embeddable":true,"href":"https:\/\/kindart.is\/en\/wp-json\/wp\/v2\/product_cat?post=10350"},{"taxonomy":"product_tag","embeddable":true,"href":"https:\/\/kindart.is\/en\/wp-json\/wp\/v2\/product_tag?post=10350"}],"curies":[{"name":"wp","href":"https:\/\/api.w.org\/{rel}","templated":true}]}}