{"id":10357,"date":"2025-07-10T14:37:19","date_gmt":"2025-07-10T14:37:19","guid":{"rendered":"https:\/\/kindart.is\/?post_type=product&#038;p=10357"},"modified":"2025-07-10T14:37:19","modified_gmt":"2025-07-10T14:37:19","slug":"baggalutsfrettir","status":"publish","type":"product","link":"https:\/\/kindart.is\/en\/vara\/baggalutsfrettir\/","title":{"rendered":"Baggal\u00fatsfr\u00e9ttir"},"content":{"rendered":"<p><strong>Baggal\u00fatsfr\u00e9ttir<\/strong>. V\u00edsd\u00f3msrit Baggal\u00fats, 3. hefti. Bogi \u00c1g\u00fastsson fr\u00e9ttama\u00f0ur vi\u00f0 R\u00edkis\u00fatvarpi\u00f0 skrifar form\u00e1la. B\u00f3kin er l\u00edmheft \u00ed k\u00e1pu. St\u00e6r\u00f0: 18 X 12.1 cm og 144 bls.<\/p>\n<p><strong>\u00datg\u00e1fa og prentun<\/strong>:<br \/>\n\u00datgefandi: Baggal\u00fatur, Reykjav\u00edk 1. prentun 2012. (MMXII) Prentun:\u00cdsafoldarprentsmi\u00f0ja.<\/p>\n","protected":false},"excerpt":{"rendered":"<p>Baggal\u00fatsfr\u00e9ttir. V\u00edsd\u00f3msrit Baggal\u00fats, 3. hefti. Bogi \u00c1g\u00fastsson fr\u00e9ttama\u00f0ur vi\u00f0 R\u00edkis\u00fatvarpi\u00f0 skrifar form\u00e1la. B\u00f3kin er l\u00edmheft \u00ed k\u00e1pu. St\u00e6r\u00f0: 18 X 12.1 cm og 144 bls. \u00datg\u00e1fa og prentun: \u00datgefandi: Baggal\u00fatur, Reykjav\u00edk 1. prentun 2012. (MMXII) Prentun:\u00cdsafoldarprentsmi\u00f0ja.<\/p>\n","protected":false},"featured_media":10359,"template":"","meta":{"slim_seo":{"title":"Baggal\u00fatsfr\u00e9ttir - KindArt","description":"Baggal\u00fatsfr\u00e9ttir . V\u00edsd\u00f3msrit Baggal\u00fats, 3. hefti. Bogi \u00c1g\u00fastsson fr\u00e9ttama\u00f0ur vi\u00f0 R\u00edkis\u00fatvarpi\u00f0 skrifar form\u00e1la. B\u00f3kin er l\u00edmheft \u00ed k\u00e1pu. St\u00e6r\u00f0: 18 X 12.1 cm og"}},"product_brand":[],"product_cat":[82],"product_tag":[],"class_list":{"0":"post-10357","1":"product","2":"type-product","3":"status-publish","4":"has-post-thumbnail","6":"product_cat-baekur","7":"product_shipping_class-litill","9":"first","10":"instock","11":"purchasable","12":"product-type-simple"},"_links":{"self":[{"href":"https:\/\/kindart.is\/en\/wp-json\/wp\/v2\/product\/10357","targetHints":{"allow":["GET"]}}],"collection":[{"href":"https:\/\/kindart.is\/en\/wp-json\/wp\/v2\/product"}],"about":[{"href":"https:\/\/kindart.is\/en\/wp-json\/wp\/v2\/types\/product"}],"wp:featuredmedia":[{"embeddable":true,"href":"https:\/\/kindart.is\/en\/wp-json\/wp\/v2\/media\/10359"}],"wp:attachment":[{"href":"https:\/\/kindart.is\/en\/wp-json\/wp\/v2\/media?parent=10357"}],"wp:term":[{"taxonomy":"product_brand","embeddable":true,"href":"https:\/\/kindart.is\/en\/wp-json\/wp\/v2\/product_brand?post=10357"},{"taxonomy":"product_cat","embeddable":true,"href":"https:\/\/kindart.is\/en\/wp-json\/wp\/v2\/product_cat?post=10357"},{"taxonomy":"product_tag","embeddable":true,"href":"https:\/\/kindart.is\/en\/wp-json\/wp\/v2\/product_tag?post=10357"}],"curies":[{"name":"wp","href":"https:\/\/api.w.org\/{rel}","templated":true}]}}