{"id":10361,"date":"2025-07-10T14:43:20","date_gmt":"2025-07-10T14:43:20","guid":{"rendered":"https:\/\/kindart.is\/?post_type=product&#038;p=10361"},"modified":"2025-07-10T14:43:20","modified_gmt":"2025-07-10T14:43:20","slug":"framtidarsynir-sjaenda","status":"publish","type":"product","link":"https:\/\/kindart.is\/en\/vara\/framtidarsynir-sjaenda\/","title":{"rendered":"Framt\u00ed\u00f0ars\u00fdnir sj\u00e1enda"},"content":{"rendered":"<p><strong>Framt\u00ed\u00f0ars\u00fdnir sj\u00e1enda<\/strong>. S\u00fdnir Nostradamusar og a\u00f0rir sp\u00e1d\u00f3mar. H\u00f6fundur: Gu\u00f0mundur S. J\u00f3nasson. B\u00f3kin er \u00ed forlagsbandi, bundin \u00ed gr\u00e1tt plastefni. St\u00e6r\u00f0: 22 X 14.3 cm og 242 bls.<\/p>\n<p><strong>\u00datg\u00e1fa og prentun<\/strong>:<br \/>\nB\u00f3ka\u00fatg\u00e1fan I\u00f0unn. Reykjav\u00edk 1987. Prentun: Prentsmi\u00f0jan Oddi.<\/p>\n","protected":false},"excerpt":{"rendered":"<p>Framt\u00ed\u00f0ars\u00fdnir sj\u00e1enda. S\u00fdnir Nostradamusar og a\u00f0rir sp\u00e1d\u00f3mar. H\u00f6fundur: Gu\u00f0mundur S. J\u00f3nasson. B\u00f3kin er \u00ed forlagsbandi, bundin \u00ed gr\u00e1tt plastefni. St\u00e6r\u00f0: 22 X 14.3 cm og 242 bls. \u00datg\u00e1fa og prentun: B\u00f3ka\u00fatg\u00e1fan I\u00f0unn. Reykjav\u00edk 1987. Prentun: Prentsmi\u00f0jan Oddi.<\/p>\n","protected":false},"featured_media":10363,"template":"","meta":{"slim_seo":{"title":"Framt\u00ed\u00f0ars\u00fdnir sj\u00e1enda - KindArt","description":"Framt\u00ed\u00f0ars\u00fdnir sj\u00e1enda . S\u00fdnir Nostradamusar og a\u00f0rir sp\u00e1d\u00f3mar. H\u00f6fundur: Gu\u00f0mundur S. J\u00f3nasson. B\u00f3kin er \u00ed forlagsbandi, bundin \u00ed gr\u00e1tt plastefni. St\u00e6r\u00f0: 22 X"}},"product_brand":[],"product_cat":[82],"product_tag":[],"class_list":{"0":"post-10361","1":"product","2":"type-product","3":"status-publish","4":"has-post-thumbnail","6":"product_cat-baekur","7":"product_shipping_class-litill","9":"first","10":"instock","11":"purchasable","12":"product-type-simple"},"_links":{"self":[{"href":"https:\/\/kindart.is\/en\/wp-json\/wp\/v2\/product\/10361","targetHints":{"allow":["GET"]}}],"collection":[{"href":"https:\/\/kindart.is\/en\/wp-json\/wp\/v2\/product"}],"about":[{"href":"https:\/\/kindart.is\/en\/wp-json\/wp\/v2\/types\/product"}],"wp:featuredmedia":[{"embeddable":true,"href":"https:\/\/kindart.is\/en\/wp-json\/wp\/v2\/media\/10363"}],"wp:attachment":[{"href":"https:\/\/kindart.is\/en\/wp-json\/wp\/v2\/media?parent=10361"}],"wp:term":[{"taxonomy":"product_brand","embeddable":true,"href":"https:\/\/kindart.is\/en\/wp-json\/wp\/v2\/product_brand?post=10361"},{"taxonomy":"product_cat","embeddable":true,"href":"https:\/\/kindart.is\/en\/wp-json\/wp\/v2\/product_cat?post=10361"},{"taxonomy":"product_tag","embeddable":true,"href":"https:\/\/kindart.is\/en\/wp-json\/wp\/v2\/product_tag?post=10361"}],"curies":[{"name":"wp","href":"https:\/\/api.w.org\/{rel}","templated":true}]}}