{"id":10369,"date":"2025-07-13T09:18:20","date_gmt":"2025-07-13T09:18:20","guid":{"rendered":"https:\/\/kindart.is\/?post_type=product&#038;p=10369"},"modified":"2025-07-13T09:18:21","modified_gmt":"2025-07-13T09:18:21","slug":"islenzk-urvalsrit-stefan-fra-hvitadal-ljodmaeli","status":"publish","type":"product","link":"https:\/\/kindart.is\/en\/vara\/islenzk-urvalsrit-stefan-fra-hvitadal-ljodmaeli\/","title":{"rendered":"\u00cdslenzk \u00farvalsrit: Stef\u00e1n fr\u00e1 Hv\u00edtadal, Lj\u00f3\u00f0m\u00e6li"},"content":{"rendered":"<p><strong>\u00cdslenzk \u00farvalsrit: Stef\u00e1n fr\u00e1 Hv\u00edtadal, Lj\u00f3\u00f0m\u00e6li<\/strong>. Sveinn Bergsveinsson s\u00e1 um \u00fatg\u00e1funa og ritar hann 32 bla\u00f0s\u00ed\u00f0na form\u00e1la fremst \u00ed b\u00f3kinni, og jafnframt sm\u00e1 eftirm\u00e1la um \u00fatg\u00e1funa aftast \u00ed b\u00f3kinni. B\u00f3kin er saumu\u00f0 og heft \u00ed k\u00e1pu. St\u00e6r\u00f0: 17.5 X 11.3 cm og 128 bls.<\/p>\n<p><strong>\u00datg\u00e1fa og prentun<\/strong>:<br \/>\nB\u00f3ka\u00fatg\u00e1fa Menningarsj\u00f3\u00f0s. Reykjav\u00edk 1952. Prentun: Al\u00fe\u00fd\u00f0uprentsmi\u00f0jan Vitast\u00edg.<\/p>\n","protected":false},"excerpt":{"rendered":"<p>\u00cdslenzk \u00farvalsrit: Stef\u00e1n fr\u00e1 Hv\u00edtadal, Lj\u00f3\u00f0m\u00e6li. Sveinn Bergsveinsson s\u00e1 um \u00fatg\u00e1funa og ritar hann 32 bla\u00f0s\u00ed\u00f0na form\u00e1la fremst \u00ed b\u00f3kinni, og jafnframt sm\u00e1 eftirm\u00e1la um \u00fatg\u00e1funa aftast \u00ed b\u00f3kinni. B\u00f3kin er saumu\u00f0 og heft \u00ed k\u00e1pu. St\u00e6r\u00f0: 17.5 X 11.3 cm og 128 bls. \u00datg\u00e1fa og prentun: B\u00f3ka\u00fatg\u00e1fa Menningarsj\u00f3\u00f0s. Reykjav\u00edk 1952. Prentun: Al\u00fe\u00fd\u00f0uprentsmi\u00f0jan Vitast\u00edg.<\/p>\n","protected":false},"featured_media":10370,"template":"","meta":{"slim_seo":{"title":"\u00cdslenzk \u00farvalsrit: Stef\u00e1n fr\u00e1 Hv\u00edtadal, Lj\u00f3\u00f0m\u00e6li - KindArt","description":"\u00cdslenzk \u00farvalsrit: Stef\u00e1n fr\u00e1 Hv\u00edtadal, Lj\u00f3\u00f0m\u00e6li . Sveinn Bergsveinsson s\u00e1 um \u00fatg\u00e1funa og ritar hann 32 bla\u00f0s\u00ed\u00f0na form\u00e1la fremst \u00ed b\u00f3kinni, og jafnframt sm\u00e1 eft"}},"product_brand":[],"product_cat":[82],"product_tag":[],"class_list":{"0":"post-10369","1":"product","2":"type-product","3":"status-publish","4":"has-post-thumbnail","6":"product_cat-baekur","7":"product_shipping_class-litill","9":"first","10":"instock","11":"purchasable","12":"product-type-simple"},"_links":{"self":[{"href":"https:\/\/kindart.is\/en\/wp-json\/wp\/v2\/product\/10369","targetHints":{"allow":["GET"]}}],"collection":[{"href":"https:\/\/kindart.is\/en\/wp-json\/wp\/v2\/product"}],"about":[{"href":"https:\/\/kindart.is\/en\/wp-json\/wp\/v2\/types\/product"}],"wp:featuredmedia":[{"embeddable":true,"href":"https:\/\/kindart.is\/en\/wp-json\/wp\/v2\/media\/10370"}],"wp:attachment":[{"href":"https:\/\/kindart.is\/en\/wp-json\/wp\/v2\/media?parent=10369"}],"wp:term":[{"taxonomy":"product_brand","embeddable":true,"href":"https:\/\/kindart.is\/en\/wp-json\/wp\/v2\/product_brand?post=10369"},{"taxonomy":"product_cat","embeddable":true,"href":"https:\/\/kindart.is\/en\/wp-json\/wp\/v2\/product_cat?post=10369"},{"taxonomy":"product_tag","embeddable":true,"href":"https:\/\/kindart.is\/en\/wp-json\/wp\/v2\/product_tag?post=10369"}],"curies":[{"name":"wp","href":"https:\/\/api.w.org\/{rel}","templated":true}]}}