{"id":10378,"date":"2025-07-13T09:25:33","date_gmt":"2025-07-13T09:25:33","guid":{"rendered":"https:\/\/kindart.is\/?post_type=product&#038;p=10378"},"modified":"2025-07-13T09:25:33","modified_gmt":"2025-07-13T09:25:33","slug":"islenzk-urvalsrit-matthias-jochumsson-ljodmaeli","status":"publish","type":"product","link":"https:\/\/kindart.is\/en\/vara\/islenzk-urvalsrit-matthias-jochumsson-ljodmaeli\/","title":{"rendered":"\u00cdslenzk \u00farvalsrit: Matth\u00edas Jochumsson Lj\u00f3\u00f0m\u00e6li"},"content":{"rendered":"<p><strong>\u00cdslenzk \u00farvalsrit: Matth\u00edas Jochumsson Lj\u00f3\u00f0m\u00e6li<\/strong>. B\u00f3kin er bundin \u00ed shirting og pappaspj\u00f6ld, en saurbla\u00f0i\u00f0 a\u00f0 aftan hefur losna\u00f0 og \u00fearf l\u00edmingu. St\u00e6r\u00f0: 16.5 X 10.7 cm og 126 bls. J\u00f3nas J\u00f3nsson skrifar ritger\u00f0 um sk\u00e1ldi\u00f0 sem er bls. 7-34 fremst \u00ed ritinu.<\/p>\n<p><strong>\u00datg\u00e1fa og prentun<\/strong>:<br \/>\nJ\u00f3nas J\u00f3nsson og B\u00f3ka\u00fatg\u00e1fa Menningarsj\u00f3\u00f0s g\u00e1fu \u00fat. Reykjav\u00edk 1945. Prentun:R\u00edkisprentsmi\u00f0jan Gutenberg.<\/p>\n","protected":false},"excerpt":{"rendered":"<p>\u00cdslenzk \u00farvalsrit: Matth\u00edas Jochumsson Lj\u00f3\u00f0m\u00e6li. B\u00f3kin er bundin \u00ed shirting og pappaspj\u00f6ld, en saurbla\u00f0i\u00f0 a\u00f0 aftan hefur losna\u00f0 og \u00fearf l\u00edmingu. St\u00e6r\u00f0: 16.5 X 10.7 cm og 126 bls. J\u00f3nas J\u00f3nsson skrifar ritger\u00f0 um sk\u00e1ldi\u00f0 sem er bls. 7-34 fremst \u00ed ritinu. \u00datg\u00e1fa og prentun: J\u00f3nas J\u00f3nsson og B\u00f3ka\u00fatg\u00e1fa Menningarsj\u00f3\u00f0s g\u00e1fu \u00fat. Reykjav\u00edk 1945. Prentun:R\u00edkisprentsmi\u00f0jan [&hellip;]<\/p>\n","protected":false},"featured_media":10379,"template":"","meta":{"slim_seo":{"title":"\u00cdslenzk \u00farvalsrit: Matth\u00edas Jochumsson Lj\u00f3\u00f0m\u00e6li - KindArt","description":"\u00cdslenzk \u00farvalsrit: Matth\u00edas Jochumsson Lj\u00f3\u00f0m\u00e6li . B\u00f3kin er bundin \u00ed shirting og pappaspj\u00f6ld, en saurbla\u00f0i\u00f0 a\u00f0 aftan hefur losna\u00f0 og \u00fearf l\u00edmingu. St\u00e6r\u00f0: 16.5 X"}},"product_brand":[],"product_cat":[82],"product_tag":[],"class_list":{"0":"post-10378","1":"product","2":"type-product","3":"status-publish","4":"has-post-thumbnail","6":"product_cat-baekur","7":"product_shipping_class-litill","9":"first","10":"instock","11":"purchasable","12":"product-type-simple"},"_links":{"self":[{"href":"https:\/\/kindart.is\/en\/wp-json\/wp\/v2\/product\/10378","targetHints":{"allow":["GET"]}}],"collection":[{"href":"https:\/\/kindart.is\/en\/wp-json\/wp\/v2\/product"}],"about":[{"href":"https:\/\/kindart.is\/en\/wp-json\/wp\/v2\/types\/product"}],"wp:featuredmedia":[{"embeddable":true,"href":"https:\/\/kindart.is\/en\/wp-json\/wp\/v2\/media\/10379"}],"wp:attachment":[{"href":"https:\/\/kindart.is\/en\/wp-json\/wp\/v2\/media?parent=10378"}],"wp:term":[{"taxonomy":"product_brand","embeddable":true,"href":"https:\/\/kindart.is\/en\/wp-json\/wp\/v2\/product_brand?post=10378"},{"taxonomy":"product_cat","embeddable":true,"href":"https:\/\/kindart.is\/en\/wp-json\/wp\/v2\/product_cat?post=10378"},{"taxonomy":"product_tag","embeddable":true,"href":"https:\/\/kindart.is\/en\/wp-json\/wp\/v2\/product_tag?post=10378"}],"curies":[{"name":"wp","href":"https:\/\/api.w.org\/{rel}","templated":true}]}}