{"id":10386,"date":"2025-07-13T09:33:34","date_gmt":"2025-07-13T09:33:34","guid":{"rendered":"https:\/\/kindart.is\/?post_type=product&#038;p=10386"},"modified":"2025-10-03T14:20:19","modified_gmt":"2025-10-03T14:20:19","slug":"eg-lagdi-mig-aftur-ljodabok-eftir-heidrunu-olafsdottur","status":"publish","type":"product","link":"https:\/\/kindart.is\/en\/vara\/eg-lagdi-mig-aftur-ljodabok-eftir-heidrunu-olafsdottur\/","title":{"rendered":"\u00c9g lag\u00f0i mig aftur, lj\u00f3\u00f0ab\u00f3k eftir Hei\u00f0r\u00fanu \u00d3lafsd\u00f3ttur"},"content":{"rendered":"<p><strong>\u00c9g lag\u00f0i mig aftur, lj\u00f3\u00f0ab\u00f3k eftir Hei\u00f0r\u00fanu \u00d3lafsd\u00f3ttur<\/strong>. B\u00f3kin er l\u00edmheft og sett \u00ed k\u00e1pu. St\u00e6r\u00f0: 17 X 11.7 cm og 52 bls. K\u00e1pa: Linda Loeskow<\/p>\n<p><strong>\u00datg\u00e1fa og prentun<\/strong>:<br \/>\n\u00datgefandi: Geit. Reykjav\u00edk 2017. Prentun: Leturprent.<\/p>\n","protected":false},"excerpt":{"rendered":"<p>\u00c9g lag\u00f0i mig aftur, lj\u00f3\u00f0ab\u00f3k eftir Hei\u00f0r\u00fanu \u00d3lafsd\u00f3ttur. B\u00f3kin er l\u00edmheft og sett \u00ed k\u00e1pu. St\u00e6r\u00f0: 17 X 11.7 cm og 52 bls. K\u00e1pa: Linda Loeskow \u00datg\u00e1fa og prentun: \u00datgefandi: Geit. Reykjav\u00edk 2017. Prentun: Leturprent.<\/p>\n","protected":false},"featured_media":10387,"template":"","meta":{"slim_seo":{"title":"\u00c9g lag\u00f0i mig aftur, lj\u00f3\u00f0ab\u00f3k eftir Hei\u00f0r\u00fanu \u00d3lafsd\u00f3ttur - KindArt","description":"\u00c9g lag\u00f0i mig aftur, lj\u00f3\u00f0ab\u00f3k eftir Hei\u00f0r\u00fanu \u00d3lafsd\u00f3ttur . B\u00f3kin er l\u00edmheft og sett \u00ed k\u00e1pu. St\u00e6r\u00f0: 17 X 11.7 cm og 52 bls. K\u00e1pa: Linda Loeskow \u00datg\u00e1fa og prentun"}},"product_brand":[],"product_cat":[82],"product_tag":[],"class_list":{"0":"post-10386","1":"product","2":"type-product","3":"status-publish","4":"has-post-thumbnail","6":"product_cat-baekur","7":"product_shipping_class-litill","9":"first","10":"outofstock","11":"purchasable","12":"product-type-simple"},"_links":{"self":[{"href":"https:\/\/kindart.is\/en\/wp-json\/wp\/v2\/product\/10386","targetHints":{"allow":["GET"]}}],"collection":[{"href":"https:\/\/kindart.is\/en\/wp-json\/wp\/v2\/product"}],"about":[{"href":"https:\/\/kindart.is\/en\/wp-json\/wp\/v2\/types\/product"}],"wp:featuredmedia":[{"embeddable":true,"href":"https:\/\/kindart.is\/en\/wp-json\/wp\/v2\/media\/10387"}],"wp:attachment":[{"href":"https:\/\/kindart.is\/en\/wp-json\/wp\/v2\/media?parent=10386"}],"wp:term":[{"taxonomy":"product_brand","embeddable":true,"href":"https:\/\/kindart.is\/en\/wp-json\/wp\/v2\/product_brand?post=10386"},{"taxonomy":"product_cat","embeddable":true,"href":"https:\/\/kindart.is\/en\/wp-json\/wp\/v2\/product_cat?post=10386"},{"taxonomy":"product_tag","embeddable":true,"href":"https:\/\/kindart.is\/en\/wp-json\/wp\/v2\/product_tag?post=10386"}],"curies":[{"name":"wp","href":"https:\/\/api.w.org\/{rel}","templated":true}]}}