{"id":10390,"date":"2025-07-13T10:43:58","date_gmt":"2025-07-13T10:43:58","guid":{"rendered":"https:\/\/kindart.is\/?post_type=product&#038;p=10390"},"modified":"2025-07-13T10:43:58","modified_gmt":"2025-07-13T10:43:58","slug":"othaegileg-ast","status":"publish","type":"product","link":"https:\/\/kindart.is\/en\/vara\/othaegileg-ast\/","title":{"rendered":"\u00d3\u00fe\u00e6gileg \u00e1st"},"content":{"rendered":"<p><strong>\u00d3\u00fe\u00e6gileg \u00e1st<\/strong>. H\u00f6fundur: Elena Ferrante. Brynja Cortes Andr\u00e9sd\u00f3ttir \u00edslenska\u00f0i.<br \/>\nSt\u00e6r\u00f0: 20 X 10.1 cm og 189 bls.<\/p>\n<p><strong>\u00datg\u00e1fa og prentun<\/strong>:<br \/>\nBjartur, B\u00f3ka\u00fatg\u00e1fa. Neon b\u00f3kakl\u00fabburinn Reykjav\u00edk 2018. Prentvinnsla: N\u00f8rhaven.<br \/>\nKilju\u00fatg\u00e1fa.<\/p>\n","protected":false},"excerpt":{"rendered":"<p>\u00d3\u00fe\u00e6gileg \u00e1st. H\u00f6fundur: Elena Ferrante. Brynja Cortes Andr\u00e9sd\u00f3ttir \u00edslenska\u00f0i. St\u00e6r\u00f0: 20 X 10.1 cm og 189 bls. \u00datg\u00e1fa og prentun: Bjartur, B\u00f3ka\u00fatg\u00e1fa. Neon b\u00f3kakl\u00fabburinn Reykjav\u00edk 2018. Prentvinnsla: N\u00f8rhaven. Kilju\u00fatg\u00e1fa.<\/p>\n","protected":false},"featured_media":10391,"template":"","meta":{"slim_seo":{"title":"\u00d3\u00fe\u00e6gileg \u00e1st - KindArt","description":"\u00d3\u00fe\u00e6gileg \u00e1st . H\u00f6fundur: Elena Ferrante. Brynja Cortes Andr\u00e9sd\u00f3ttir \u00edslenska\u00f0i. St\u00e6r\u00f0: 20 X 10.1 cm og 189 bls. \u00datg\u00e1fa og prentun : Bjartur, B\u00f3ka\u00fatg\u00e1fa. Neon b\u00f3"}},"product_brand":[],"product_cat":[82],"product_tag":[],"class_list":{"0":"post-10390","1":"product","2":"type-product","3":"status-publish","4":"has-post-thumbnail","6":"product_cat-baekur","7":"product_shipping_class-litill","9":"first","10":"instock","11":"purchasable","12":"product-type-simple"},"_links":{"self":[{"href":"https:\/\/kindart.is\/en\/wp-json\/wp\/v2\/product\/10390","targetHints":{"allow":["GET"]}}],"collection":[{"href":"https:\/\/kindart.is\/en\/wp-json\/wp\/v2\/product"}],"about":[{"href":"https:\/\/kindart.is\/en\/wp-json\/wp\/v2\/types\/product"}],"wp:featuredmedia":[{"embeddable":true,"href":"https:\/\/kindart.is\/en\/wp-json\/wp\/v2\/media\/10391"}],"wp:attachment":[{"href":"https:\/\/kindart.is\/en\/wp-json\/wp\/v2\/media?parent=10390"}],"wp:term":[{"taxonomy":"product_brand","embeddable":true,"href":"https:\/\/kindart.is\/en\/wp-json\/wp\/v2\/product_brand?post=10390"},{"taxonomy":"product_cat","embeddable":true,"href":"https:\/\/kindart.is\/en\/wp-json\/wp\/v2\/product_cat?post=10390"},{"taxonomy":"product_tag","embeddable":true,"href":"https:\/\/kindart.is\/en\/wp-json\/wp\/v2\/product_tag?post=10390"}],"curies":[{"name":"wp","href":"https:\/\/api.w.org\/{rel}","templated":true}]}}