{"id":10395,"date":"2025-07-16T19:19:34","date_gmt":"2025-07-16T19:19:34","guid":{"rendered":"https:\/\/kindart.is\/?post_type=product&#038;p=10395"},"modified":"2025-07-16T19:19:34","modified_gmt":"2025-07-16T19:19:34","slug":"sagdi-mamma","status":"publish","type":"product","link":"https:\/\/kindart.is\/en\/vara\/sagdi-mamma\/","title":{"rendered":"Sag\u00f0i mamma"},"content":{"rendered":"<p><strong>Sag\u00f0i mamma<\/strong>. Lj\u00f3\u00f0 eftir Hal Sirowitz. A\u00f0alsteinn \u00c1sberg Sigur\u00f0sson \u00fe\u00fdddi. B\u00f3kin er bundin \u00ed forlagsband, gult \u00e1prenta\u00f0 bindi og rau\u00f0 saurbl\u00f6\u00f0. St\u00e6r\u00f0: 21.7 X 14.2 cm og 94 bls.<\/p>\n<p><strong>\u00datg\u00e1fa og prentun<\/strong>:<br \/>\nB\u00f3ka\u00fatg\u00e1fan Dimma. Reykjav\u00edk 2001 Prentun: Oddi.<\/p>\n","protected":false},"excerpt":{"rendered":"<p>Sag\u00f0i mamma. Lj\u00f3\u00f0 eftir Hal Sirowitz. A\u00f0alsteinn \u00c1sberg Sigur\u00f0sson \u00fe\u00fdddi. B\u00f3kin er bundin \u00ed forlagsband, gult \u00e1prenta\u00f0 bindi og rau\u00f0 saurbl\u00f6\u00f0. St\u00e6r\u00f0: 21.7 X 14.2 cm og 94 bls. \u00datg\u00e1fa og prentun: B\u00f3ka\u00fatg\u00e1fan Dimma. Reykjav\u00edk 2001 Prentun: Oddi.<\/p>\n","protected":false},"featured_media":10396,"template":"","meta":{"slim_seo":{"title":"Sag\u00f0i mamma - KindArt","description":"Sag\u00f0i mamma . Lj\u00f3\u00f0 eftir Hal Sirowitz. A\u00f0alsteinn \u00c1sberg Sigur\u00f0sson \u00fe\u00fdddi. B\u00f3kin er bundin \u00ed forlagsband, gult \u00e1prenta\u00f0 bindi og rau\u00f0 saurbl\u00f6\u00f0. St\u00e6r\u00f0: 21.7 X 14"}},"product_brand":[],"product_cat":[82],"product_tag":[],"class_list":{"0":"post-10395","1":"product","2":"type-product","3":"status-publish","4":"has-post-thumbnail","6":"product_cat-baekur","7":"product_shipping_class-litill","9":"first","10":"instock","11":"purchasable","12":"product-type-simple"},"_links":{"self":[{"href":"https:\/\/kindart.is\/en\/wp-json\/wp\/v2\/product\/10395","targetHints":{"allow":["GET"]}}],"collection":[{"href":"https:\/\/kindart.is\/en\/wp-json\/wp\/v2\/product"}],"about":[{"href":"https:\/\/kindart.is\/en\/wp-json\/wp\/v2\/types\/product"}],"wp:featuredmedia":[{"embeddable":true,"href":"https:\/\/kindart.is\/en\/wp-json\/wp\/v2\/media\/10396"}],"wp:attachment":[{"href":"https:\/\/kindart.is\/en\/wp-json\/wp\/v2\/media?parent=10395"}],"wp:term":[{"taxonomy":"product_brand","embeddable":true,"href":"https:\/\/kindart.is\/en\/wp-json\/wp\/v2\/product_brand?post=10395"},{"taxonomy":"product_cat","embeddable":true,"href":"https:\/\/kindart.is\/en\/wp-json\/wp\/v2\/product_cat?post=10395"},{"taxonomy":"product_tag","embeddable":true,"href":"https:\/\/kindart.is\/en\/wp-json\/wp\/v2\/product_tag?post=10395"}],"curies":[{"name":"wp","href":"https:\/\/api.w.org\/{rel}","templated":true}]}}