{"id":10402,"date":"2025-07-16T19:25:57","date_gmt":"2025-07-16T19:25:57","guid":{"rendered":"https:\/\/kindart.is\/?post_type=product&#038;p=10402"},"modified":"2025-07-16T19:25:57","modified_gmt":"2025-07-16T19:25:57","slug":"dalavisur","status":"publish","type":"product","link":"https:\/\/kindart.is\/en\/vara\/dalavisur\/","title":{"rendered":"Dalav\u00edsur"},"content":{"rendered":"<p><strong>Dalav\u00edsur<\/strong>. H\u00f6fundur: Ragnar Ingi A\u00f0alsteinsson. B\u00f3kin er bundin \u00ed forlagsband \u00ed gerviefni (plast), St\u00e6r\u00f0: 22 X 14.2 cm og 58 bls. Hl\u00edf\u00f0ark\u00e1pa utan um.<\/p>\n<p><strong>\u00datg\u00e1fa og prentun<\/strong>:<br \/>\nB\u00f3ka\u00fatg\u00e1fan Lj\u00f3\u00f0h\u00fas (Sigf\u00fas Da\u00f0ason) Reykjav\u00edk 1982. Prentun: Prentsmi\u00f0jan Oddi.<\/p>\n","protected":false},"excerpt":{"rendered":"<p>Dalav\u00edsur. H\u00f6fundur: Ragnar Ingi A\u00f0alsteinsson. B\u00f3kin er bundin \u00ed forlagsband \u00ed gerviefni (plast), St\u00e6r\u00f0: 22 X 14.2 cm og 58 bls. Hl\u00edf\u00f0ark\u00e1pa utan um. \u00datg\u00e1fa og prentun: B\u00f3ka\u00fatg\u00e1fan Lj\u00f3\u00f0h\u00fas (Sigf\u00fas Da\u00f0ason) Reykjav\u00edk 1982. Prentun: Prentsmi\u00f0jan Oddi.<\/p>\n","protected":false},"featured_media":10403,"template":"","meta":{"slim_seo":{"title":"Dalav\u00edsur - KindArt","description":"Dalav\u00edsur . H\u00f6fundur: Ragnar Ingi A\u00f0alsteinsson. B\u00f3kin er bundin \u00ed forlagsband \u00ed gerviefni (plast), St\u00e6r\u00f0: 22 X 14.2 cm og 58 bls. Hl\u00edf\u00f0ark\u00e1pa utan um. \u00datg\u00e1fa o"}},"product_brand":[],"product_cat":[82],"product_tag":[],"class_list":{"0":"post-10402","1":"product","2":"type-product","3":"status-publish","4":"has-post-thumbnail","6":"product_cat-baekur","7":"product_shipping_class-litill","9":"first","10":"instock","11":"purchasable","12":"product-type-simple"},"_links":{"self":[{"href":"https:\/\/kindart.is\/en\/wp-json\/wp\/v2\/product\/10402","targetHints":{"allow":["GET"]}}],"collection":[{"href":"https:\/\/kindart.is\/en\/wp-json\/wp\/v2\/product"}],"about":[{"href":"https:\/\/kindart.is\/en\/wp-json\/wp\/v2\/types\/product"}],"wp:featuredmedia":[{"embeddable":true,"href":"https:\/\/kindart.is\/en\/wp-json\/wp\/v2\/media\/10403"}],"wp:attachment":[{"href":"https:\/\/kindart.is\/en\/wp-json\/wp\/v2\/media?parent=10402"}],"wp:term":[{"taxonomy":"product_brand","embeddable":true,"href":"https:\/\/kindart.is\/en\/wp-json\/wp\/v2\/product_brand?post=10402"},{"taxonomy":"product_cat","embeddable":true,"href":"https:\/\/kindart.is\/en\/wp-json\/wp\/v2\/product_cat?post=10402"},{"taxonomy":"product_tag","embeddable":true,"href":"https:\/\/kindart.is\/en\/wp-json\/wp\/v2\/product_tag?post=10402"}],"curies":[{"name":"wp","href":"https:\/\/api.w.org\/{rel}","templated":true}]}}