{"id":10408,"date":"2025-07-16T19:31:56","date_gmt":"2025-07-16T19:31:56","guid":{"rendered":"https:\/\/kindart.is\/?post_type=product&#038;p=10408"},"modified":"2025-07-16T19:31:57","modified_gmt":"2025-07-16T19:31:57","slug":"urvalssogur","status":"publish","type":"product","link":"https:\/\/kindart.is\/en\/vara\/urvalssogur\/","title":{"rendered":"\u00darvalss\u00f6gur"},"content":{"rendered":"<p><strong>\u00darvalss\u00f6gur<\/strong>. H\u00f6fundur: \u00d3lafur J\u00f3hann Sigur\u00f0sson. B\u00f3kin er kilja og st\u00e6r\u00f0 hennar er: 20 X 12.7 cm og 206 bls.<\/p>\n<p><strong>\u00datg\u00e1fa og prentun<\/strong>:<br \/>\nM\u00e1l og menning Reykjav\u00edk 2003. Prentvinnsla: N\u00f8rhaven paperback, Danm\u00f6rk.<\/p>\n","protected":false},"excerpt":{"rendered":"<p>\u00darvalss\u00f6gur. H\u00f6fundur: \u00d3lafur J\u00f3hann Sigur\u00f0sson. B\u00f3kin er kilja og st\u00e6r\u00f0 hennar er: 20 X 12.7 cm og 206 bls. \u00datg\u00e1fa og prentun: M\u00e1l og menning Reykjav\u00edk 2003. Prentvinnsla: N\u00f8rhaven paperback, Danm\u00f6rk.<\/p>\n","protected":false},"featured_media":10409,"template":"","meta":{"slim_seo":{"title":"\u00darvalss\u00f6gur - KindArt","description":"\u00darvalss\u00f6gur . H\u00f6fundur: \u00d3lafur J\u00f3hann Sigur\u00f0sson. B\u00f3kin er kilja og st\u00e6r\u00f0 hennar er: 20 X 12.7 cm og 206 bls. \u00datg\u00e1fa og prentun : M\u00e1l og menning Reykjav\u00edk 2003."}},"product_brand":[],"product_cat":[82],"product_tag":[],"class_list":{"0":"post-10408","1":"product","2":"type-product","3":"status-publish","4":"has-post-thumbnail","6":"product_cat-baekur","7":"product_shipping_class-litill","9":"first","10":"instock","11":"purchasable","12":"product-type-simple"},"_links":{"self":[{"href":"https:\/\/kindart.is\/en\/wp-json\/wp\/v2\/product\/10408","targetHints":{"allow":["GET"]}}],"collection":[{"href":"https:\/\/kindart.is\/en\/wp-json\/wp\/v2\/product"}],"about":[{"href":"https:\/\/kindart.is\/en\/wp-json\/wp\/v2\/types\/product"}],"wp:featuredmedia":[{"embeddable":true,"href":"https:\/\/kindart.is\/en\/wp-json\/wp\/v2\/media\/10409"}],"wp:attachment":[{"href":"https:\/\/kindart.is\/en\/wp-json\/wp\/v2\/media?parent=10408"}],"wp:term":[{"taxonomy":"product_brand","embeddable":true,"href":"https:\/\/kindart.is\/en\/wp-json\/wp\/v2\/product_brand?post=10408"},{"taxonomy":"product_cat","embeddable":true,"href":"https:\/\/kindart.is\/en\/wp-json\/wp\/v2\/product_cat?post=10408"},{"taxonomy":"product_tag","embeddable":true,"href":"https:\/\/kindart.is\/en\/wp-json\/wp\/v2\/product_tag?post=10408"}],"curies":[{"name":"wp","href":"https:\/\/api.w.org\/{rel}","templated":true}]}}