{"id":10415,"date":"2025-07-16T19:39:24","date_gmt":"2025-07-16T19:39:24","guid":{"rendered":"https:\/\/kindart.is\/?post_type=product&#038;p=10415"},"modified":"2025-07-16T19:39:24","modified_gmt":"2025-07-16T19:39:24","slug":"ad-lokum","status":"publish","type":"product","link":"https:\/\/kindart.is\/en\/vara\/ad-lokum\/","title":{"rendered":"A\u00f0 lokum"},"content":{"rendered":"<p><strong>A\u00f0 lokum<\/strong>. H\u00f6fundur: \u00d3lafur J\u00f3h. Sigur\u00f0sson. B\u00f3kin er bundin \u00ed forlagsband og er \u00ed hl\u00edf\u00f0ark\u00e1pu. St\u00e6r\u00f0: 22 X 14 cm og 55 bls. Eftirm\u00e1li: \u00d3lafur J\u00f3hann \u00f3lafsson.<\/p>\n<p><strong>\u00datg\u00e1fa, prentun<\/strong>:<br \/>\nM\u00e1l og menning, Reykjav\u00edk 1988. Prentvinnsla: Prentsmi\u00f0jan Oddi<\/p>\n","protected":false},"excerpt":{"rendered":"<p>A\u00f0 lokum. H\u00f6fundur: \u00d3lafur J\u00f3h. Sigur\u00f0sson. B\u00f3kin er bundin \u00ed forlagsband og er \u00ed hl\u00edf\u00f0ark\u00e1pu. St\u00e6r\u00f0: 22 X 14 cm og 55 bls. Eftirm\u00e1li: \u00d3lafur J\u00f3hann \u00f3lafsson. \u00datg\u00e1fa, prentun: M\u00e1l og menning, Reykjav\u00edk 1988. Prentvinnsla: Prentsmi\u00f0jan Oddi<\/p>\n","protected":false},"featured_media":10417,"template":"","meta":{"slim_seo":{"title":"A\u00f0 lokum - KindArt","description":"A\u00f0 lokum . H\u00f6fundur: \u00d3lafur J\u00f3h. Sigur\u00f0sson. B\u00f3kin er bundin \u00ed forlagsband og er \u00ed hl\u00edf\u00f0ark\u00e1pu. St\u00e6r\u00f0: 22 X 14 cm og 55 bls. Eftirm\u00e1li: \u00d3lafur J\u00f3hann \u00f3lafsson."}},"product_brand":[],"product_cat":[82],"product_tag":[],"class_list":{"0":"post-10415","1":"product","2":"type-product","3":"status-publish","4":"has-post-thumbnail","6":"product_cat-baekur","7":"product_shipping_class-litill","9":"first","10":"instock","11":"purchasable","12":"product-type-simple"},"_links":{"self":[{"href":"https:\/\/kindart.is\/en\/wp-json\/wp\/v2\/product\/10415","targetHints":{"allow":["GET"]}}],"collection":[{"href":"https:\/\/kindart.is\/en\/wp-json\/wp\/v2\/product"}],"about":[{"href":"https:\/\/kindart.is\/en\/wp-json\/wp\/v2\/types\/product"}],"wp:featuredmedia":[{"embeddable":true,"href":"https:\/\/kindart.is\/en\/wp-json\/wp\/v2\/media\/10417"}],"wp:attachment":[{"href":"https:\/\/kindart.is\/en\/wp-json\/wp\/v2\/media?parent=10415"}],"wp:term":[{"taxonomy":"product_brand","embeddable":true,"href":"https:\/\/kindart.is\/en\/wp-json\/wp\/v2\/product_brand?post=10415"},{"taxonomy":"product_cat","embeddable":true,"href":"https:\/\/kindart.is\/en\/wp-json\/wp\/v2\/product_cat?post=10415"},{"taxonomy":"product_tag","embeddable":true,"href":"https:\/\/kindart.is\/en\/wp-json\/wp\/v2\/product_tag?post=10415"}],"curies":[{"name":"wp","href":"https:\/\/api.w.org\/{rel}","templated":true}]}}