{"id":10429,"date":"2025-08-08T17:01:41","date_gmt":"2025-08-08T17:01:41","guid":{"rendered":"https:\/\/kindart.is\/?post_type=product&#038;p=10429"},"modified":"2025-08-08T17:01:41","modified_gmt":"2025-08-08T17:01:41","slug":"nokkur-amerisk-ljod","status":"publish","type":"product","link":"https:\/\/kindart.is\/en\/vara\/nokkur-amerisk-ljod\/","title":{"rendered":"NOKKUR AMER\u00cdSK LJ\u00d3\u00d0"},"content":{"rendered":"<p><strong>NOKKUR AMER\u00cdSK LJ\u00d3\u00d0<\/strong>; Dagur Sigur\u00f0arson \u00fe\u00fdddi. \u2028Kv\u00e6\u00f0i eftir:\u00a0 Allen Ginsberg: Amer\u00edka. Pablo Neruda:Gl\u00e6pirnir Einb\u00fai, Cort\u00e9s, Hjarta\u00f0 \u00far Valdivia, \u00d3\u00f0ur til Emiliano Zapata me\u00f0 hlj\u00f3mlist eftir Tata Nacho, Ecuador, Su\u00f0r\u00e6nn vetur \u00e1 hestbaki, Gl\u00e6parnir, Hungur \u00e1 Su\u00f0urlandi,Einr\u00e6\u00f0isherrarnir, Quillareyr, Eufresino, Ram\u00edrez (Casa Verde, Chuqucamata), Regni\u00f0, Fangelsin, Anna\u00f0 veifi\u00f0. Vallejo: M\u00fagur.<\/p>\n<p><strong>\u00datg\u00e1fa og prentun<\/strong>:<br \/>\nB\u00f3kin er sj\u00e1lfs\u00fatg\u00e1fa Dags. Fj\u00f6lritu\u00f0 \u00fatg\u00e1fa. St\u00e6r\u00f0: 28.4 X 21.5 cm, 28 bls. Karton beggja megin framan og aftan, boru\u00f0 tv\u00f6 g\u00f6t vinstra megin og seglgarn dregi\u00f0 \u00ed gegn og bundi\u00f0 saman a\u00f0 aftan. Nafn b\u00f3kar og \u00fe\u00fd\u00f0anda skrifa\u00f0 me\u00f0 t\u00fasspenna a\u00f0 framan. Ekki er vita\u00f0 hve upplagi\u00f0 var st\u00f3rt, en g\u00e6ti hafa veri\u00f0 svona um 50 eint\u00f6k. Varla miki\u00f0 meira.<\/p>\n","protected":false},"excerpt":{"rendered":"<p>NOKKUR AMER\u00cdSK LJ\u00d3\u00d0; Dagur Sigur\u00f0arson \u00fe\u00fdddi. \u2028Kv\u00e6\u00f0i eftir:\u00a0 Allen Ginsberg: Amer\u00edka. Pablo Neruda:Gl\u00e6pirnir Einb\u00fai, Cort\u00e9s, Hjarta\u00f0 \u00far Valdivia, \u00d3\u00f0ur til Emiliano Zapata me\u00f0 hlj\u00f3mlist eftir Tata Nacho, Ecuador, Su\u00f0r\u00e6nn vetur \u00e1 hestbaki, Gl\u00e6parnir, Hungur \u00e1 Su\u00f0urlandi,Einr\u00e6\u00f0isherrarnir, Quillareyr, Eufresino, Ram\u00edrez (Casa Verde, Chuqucamata), Regni\u00f0, Fangelsin, Anna\u00f0 veifi\u00f0. Vallejo: M\u00fagur. \u00datg\u00e1fa og prentun: B\u00f3kin er sj\u00e1lfs\u00fatg\u00e1fa Dags. [&hellip;]<\/p>\n","protected":false},"featured_media":10430,"template":"","meta":{"slim_seo":{"title":"NOKKUR AMER\u00cdSK LJ\u00d3\u00d0 - KindArt","description":"NOKKUR AMER\u00cdSK LJ\u00d3\u00d0 ; Dagur Sigur\u00f0arson \u00fe\u00fdddi. \u2028Kv\u00e6\u00f0i eftir:\u00a0 Allen Ginsberg: Amer\u00edka. Pablo Neruda:Gl\u00e6pirnir Einb\u00fai, Cort\u00e9s, Hjarta\u00f0 \u00far Valdivia, \u00d3\u00f0ur til Emil"}},"product_brand":[],"product_cat":[82],"product_tag":[],"class_list":{"0":"post-10429","1":"product","2":"type-product","3":"status-publish","4":"has-post-thumbnail","6":"product_cat-baekur","7":"product_shipping_class-litill","9":"first","10":"instock","11":"purchasable","12":"product-type-simple"},"_links":{"self":[{"href":"https:\/\/kindart.is\/en\/wp-json\/wp\/v2\/product\/10429","targetHints":{"allow":["GET"]}}],"collection":[{"href":"https:\/\/kindart.is\/en\/wp-json\/wp\/v2\/product"}],"about":[{"href":"https:\/\/kindart.is\/en\/wp-json\/wp\/v2\/types\/product"}],"wp:featuredmedia":[{"embeddable":true,"href":"https:\/\/kindart.is\/en\/wp-json\/wp\/v2\/media\/10430"}],"wp:attachment":[{"href":"https:\/\/kindart.is\/en\/wp-json\/wp\/v2\/media?parent=10429"}],"wp:term":[{"taxonomy":"product_brand","embeddable":true,"href":"https:\/\/kindart.is\/en\/wp-json\/wp\/v2\/product_brand?post=10429"},{"taxonomy":"product_cat","embeddable":true,"href":"https:\/\/kindart.is\/en\/wp-json\/wp\/v2\/product_cat?post=10429"},{"taxonomy":"product_tag","embeddable":true,"href":"https:\/\/kindart.is\/en\/wp-json\/wp\/v2\/product_tag?post=10429"}],"curies":[{"name":"wp","href":"https:\/\/api.w.org\/{rel}","templated":true}]}}