{"id":10433,"date":"2025-08-08T17:09:50","date_gmt":"2025-08-08T17:09:50","guid":{"rendered":"https:\/\/kindart.is\/?post_type=product&#038;p=10433"},"modified":"2025-08-08T17:09:50","modified_gmt":"2025-08-08T17:09:50","slug":"v-a-k-i-timarit-um-menningarmal","status":"publish","type":"product","link":"https:\/\/kindart.is\/en\/vara\/v-a-k-i-timarit-um-menningarmal\/","title":{"rendered":"V A K I &#8211; T\u00edmarit um menningarm\u00e1l"},"content":{"rendered":"<p><strong>V A K I &#8211; T\u00edmarit um menningarm\u00e1l<\/strong>. 1. hefti, 2. \u00e1rg. &#8211; September 1953. 1 hefti.<br \/>\nRitstj\u00f3rn: \u00deorkell Gr\u00edmsson, Wolfgang Edelstein, \u00deorvar\u00f0ur Helgason og H\u00f6r\u00f0ur \u00c1g\u00fastsson. \u00c1byrg\u00f0arma\u00f0ur: \u00deorkell Gr\u00edmsson. . Samtal vi\u00f0 Svavar Gu\u00f0nason og kv\u00e6\u00f0i eftir: Rainer Maria Rilke, Sigf\u00fas Da\u00f0ason og J\u00f3n \u00d3skar. St\u00e6r\u00f0: 25.5 X 19.1 cm og 76 bls. Augl\u00fdsingar.<\/p>\n<p>\u00datgefandi og prentun:<br \/>\nHelgafell. Prentun: Prentsmi\u00f0ja Austurlands, Reykjav\u00edk.<\/p>\n","protected":false},"excerpt":{"rendered":"<p>V A K I &#8211; T\u00edmarit um menningarm\u00e1l. 1. hefti, 2. \u00e1rg. &#8211; September 1953. 1 hefti. Ritstj\u00f3rn: \u00deorkell Gr\u00edmsson, Wolfgang Edelstein, \u00deorvar\u00f0ur Helgason og H\u00f6r\u00f0ur \u00c1g\u00fastsson. \u00c1byrg\u00f0arma\u00f0ur: \u00deorkell Gr\u00edmsson. . Samtal vi\u00f0 Svavar Gu\u00f0nason og kv\u00e6\u00f0i eftir: Rainer Maria Rilke, Sigf\u00fas Da\u00f0ason og J\u00f3n \u00d3skar. St\u00e6r\u00f0: 25.5 X 19.1 cm og 76 bls. Augl\u00fdsingar. [&hellip;]<\/p>\n","protected":false},"featured_media":10434,"template":"","meta":{"slim_seo":{"title":"V A K I - T\u00edmarit um menningarm\u00e1l - KindArt","description":"V A K I - T\u00edmarit um menningarm\u00e1l . 1. hefti, 2. \u00e1rg. - September 1953. 1 hefti. Ritstj\u00f3rn: \u00deorkell Gr\u00edmsson, Wolfgang Edelstein, \u00deorvar\u00f0ur Helgason og H\u00f6r\u00f0ur \u00c1"}},"product_brand":[],"product_cat":[82],"product_tag":[],"class_list":{"0":"post-10433","1":"product","2":"type-product","3":"status-publish","4":"has-post-thumbnail","6":"product_cat-baekur","7":"product_shipping_class-litill","9":"first","10":"instock","11":"purchasable","12":"product-type-simple"},"_links":{"self":[{"href":"https:\/\/kindart.is\/en\/wp-json\/wp\/v2\/product\/10433","targetHints":{"allow":["GET"]}}],"collection":[{"href":"https:\/\/kindart.is\/en\/wp-json\/wp\/v2\/product"}],"about":[{"href":"https:\/\/kindart.is\/en\/wp-json\/wp\/v2\/types\/product"}],"wp:featuredmedia":[{"embeddable":true,"href":"https:\/\/kindart.is\/en\/wp-json\/wp\/v2\/media\/10434"}],"wp:attachment":[{"href":"https:\/\/kindart.is\/en\/wp-json\/wp\/v2\/media?parent=10433"}],"wp:term":[{"taxonomy":"product_brand","embeddable":true,"href":"https:\/\/kindart.is\/en\/wp-json\/wp\/v2\/product_brand?post=10433"},{"taxonomy":"product_cat","embeddable":true,"href":"https:\/\/kindart.is\/en\/wp-json\/wp\/v2\/product_cat?post=10433"},{"taxonomy":"product_tag","embeddable":true,"href":"https:\/\/kindart.is\/en\/wp-json\/wp\/v2\/product_tag?post=10433"}],"curies":[{"name":"wp","href":"https:\/\/api.w.org\/{rel}","templated":true}]}}