{"id":10439,"date":"2025-08-08T17:26:00","date_gmt":"2025-08-08T17:26:00","guid":{"rendered":"https:\/\/kindart.is\/?post_type=product&#038;p=10439"},"modified":"2025-08-08T17:26:01","modified_gmt":"2025-08-08T17:26:01","slug":"halgiljod","status":"publish","type":"product","link":"https:\/\/kindart.is\/en\/vara\/halgiljod\/","title":{"rendered":"Halgilj\u00f3\u00f0"},"content":{"rendered":"<p><strong>Halgilj\u00f3\u00f0<\/strong> eftir Hans A. Djurhuus fr\u00e1 F\u00e6reyjum. Fallega \u00fatgefin f\u00e6reysk lj\u00f3\u00f0ab\u00f3k sem er bl\u00fdprentu\u00f0, saumu\u00f0 og heft saman og l\u00edmd \u00ed kartonk\u00e1pu me\u00f0 teikna\u00f0ri mynd a\u00f0 framan: kertalj\u00f3s \u00ed stjaka \u00e1 str\u00f6ndinni. St\u00e6r\u00f0: 23.5 X 16 cm og 52 bls. B\u00f3kin er \u00e1ritu\u00f0 af h\u00f6fundi &#8211; Til vin minn og fr\u00e6nda Johannes \u00far K\u00f6tlum skald fra Hans A. Dj\u00farh\u00fa\u00fas, 4 &#8211; 8 &#8211; 1938.<\/p>\n<p><strong>\u00datgefandi og prentun<\/strong>:<br \/>\nUmbo\u00f0ssala &#8211; Felagi\u00f0 Var\u00f0in, T\u00f3rshavn 1932. Prentun: Prentsmi\u00f0ja H.N. Jacobsens b\u00f3kahandils, T\u00f3rshavn 323954.<\/p>\n","protected":false},"excerpt":{"rendered":"<p>Halgilj\u00f3\u00f0 eftir Hans A. Djurhuus fr\u00e1 F\u00e6reyjum. Fallega \u00fatgefin f\u00e6reysk lj\u00f3\u00f0ab\u00f3k sem er bl\u00fdprentu\u00f0, saumu\u00f0 og heft saman og l\u00edmd \u00ed kartonk\u00e1pu me\u00f0 teikna\u00f0ri mynd a\u00f0 framan: kertalj\u00f3s \u00ed stjaka \u00e1 str\u00f6ndinni. St\u00e6r\u00f0: 23.5 X 16 cm og 52 bls. B\u00f3kin er \u00e1ritu\u00f0 af h\u00f6fundi &#8211; Til vin minn og fr\u00e6nda Johannes \u00far K\u00f6tlum skald [&hellip;]<\/p>\n","protected":false},"featured_media":10440,"template":"","meta":{"slim_seo":{"title":"Halgilj\u00f3\u00f0 - KindArt","description":"Halgilj\u00f3\u00f0 eftir Hans A. Djurhuus fr\u00e1 F\u00e6reyjum. Fallega \u00fatgefin f\u00e6reysk lj\u00f3\u00f0ab\u00f3k sem er bl\u00fdprentu\u00f0, saumu\u00f0 og heft saman og l\u00edmd \u00ed kartonk\u00e1pu me\u00f0 teikna\u00f0ri mynd"}},"product_brand":[],"product_cat":[82],"product_tag":[],"class_list":{"0":"post-10439","1":"product","2":"type-product","3":"status-publish","4":"has-post-thumbnail","6":"product_cat-baekur","7":"product_shipping_class-litill","9":"first","10":"instock","11":"purchasable","12":"product-type-simple"},"_links":{"self":[{"href":"https:\/\/kindart.is\/en\/wp-json\/wp\/v2\/product\/10439","targetHints":{"allow":["GET"]}}],"collection":[{"href":"https:\/\/kindart.is\/en\/wp-json\/wp\/v2\/product"}],"about":[{"href":"https:\/\/kindart.is\/en\/wp-json\/wp\/v2\/types\/product"}],"wp:featuredmedia":[{"embeddable":true,"href":"https:\/\/kindart.is\/en\/wp-json\/wp\/v2\/media\/10440"}],"wp:attachment":[{"href":"https:\/\/kindart.is\/en\/wp-json\/wp\/v2\/media?parent=10439"}],"wp:term":[{"taxonomy":"product_brand","embeddable":true,"href":"https:\/\/kindart.is\/en\/wp-json\/wp\/v2\/product_brand?post=10439"},{"taxonomy":"product_cat","embeddable":true,"href":"https:\/\/kindart.is\/en\/wp-json\/wp\/v2\/product_cat?post=10439"},{"taxonomy":"product_tag","embeddable":true,"href":"https:\/\/kindart.is\/en\/wp-json\/wp\/v2\/product_tag?post=10439"}],"curies":[{"name":"wp","href":"https:\/\/api.w.org\/{rel}","templated":true}]}}