{"id":10443,"date":"2025-08-08T17:31:40","date_gmt":"2025-08-08T17:31:40","guid":{"rendered":"https:\/\/kindart.is\/?post_type=product&#038;p=10443"},"modified":"2026-01-20T12:06:19","modified_gmt":"2026-01-20T12:06:19","slug":"husakostur-og-hibylaprydi","status":"publish","type":"product","link":"https:\/\/kindart.is\/en\/vara\/husakostur-og-hibylaprydi\/","title":{"rendered":"H\u00fasakostur og h\u00edb\u00fdlapr\u00fd\u00f0i"},"content":{"rendered":"<p><strong>H\u00fasakostur og h\u00edb\u00fdlapr\u00fd\u00f0i<\/strong>,<br \/>\nB\u00f3k um h\u00fasager\u00f0arist \u00cdslendinga fr\u00e1 upphafi bygg\u00f0ar. H\u00f6r\u00f0ur Bjarnason skrifar inngang og s\u00f6gulegt yfirlit. Margir ark\u00edtektar eiga \u00fear l\u00edka greinar og Halld\u00f3r Kiljan Laxness ritar \u00ed lokin um s\u00e1larfegur\u00f0 \u00ed mannab\u00fast\u00f6\u00f0um, sem \u00e6tti a\u00f0 vera skyldulesning \u00ed \u00f6llum barnask\u00f3lum, a.m.k. \u00ed 9. bekk. \u00cd b\u00f3kinni eru alls 118 lj\u00f3smyndir og teikningar sem er me\u00f0 \u00fev\u00ed allra mesta sem \u00feekkist \u00ed b\u00f3ka\u00fatg\u00e1fu um \u00feessar mundir og \u00fea\u00f0 er ekki anna\u00f0 en von a\u00f0 karlinn fr\u00e1 Hriflu hafi fari\u00f0 \u00e1 taugum og f\u00e1 svo sj\u00e1lfan \u00fatg\u00e1fustj\u00f3rann \u00e1 m\u00f3ti s\u00e9r \u00ed frambo\u00f0i til Al\u00feingiskosninga \u00ed \u00deingeyjars\u00fdslu nokkru seinna.<\/p>\n<p><strong>\u00datgefandi<\/strong>:<br \/>\nM\u00e1l og menning Reykjav\u00edk 1939. \u00deetta er 4. b\u00f3kin sem M\u00e1l og menning gaf \u00fat \u00e1 \u00feessu \u00e1ri og hafa \u00feeir algerlega slegi\u00f0 \u00f6ll met \u00ed b\u00f3ka\u00fatg\u00e1fu me\u00f0 \u00feessari \u00fatg\u00e1fu<\/p>\n<p><strong>Prentun<\/strong>:<br \/>\nPrentunar er ekki geti\u00f0 \u00ed b\u00f3kinni, en mj\u00f6g er l\u00edklegt a\u00f0 h\u00fan s\u00e9 prentu\u00f0 \u00ed \u00cdsafoldarprentsmi\u00f0ju, V\u00edkingsprent e\u00f0a Eddu sem voru a\u00f0alprentsmi\u00f0jurnar \u00e1 \u00feessu t\u00edmabili e\u00f0a 1939.<\/p>\n","protected":false},"excerpt":{"rendered":"<p>H\u00fasakostur og h\u00edb\u00fdlapr\u00fd\u00f0i, B\u00f3k um h\u00fasager\u00f0arist \u00cdslendinga fr\u00e1 upphafi bygg\u00f0ar. H\u00f6r\u00f0ur Bjarnason skrifar inngang og s\u00f6gulegt yfirlit. Margir ark\u00edtektar eiga \u00fear l\u00edka greinar og Halld\u00f3r Kiljan Laxness ritar \u00ed lokin um s\u00e1larfegur\u00f0 \u00ed mannab\u00fast\u00f6\u00f0um, sem \u00e6tti a\u00f0 vera skyldulesning \u00ed \u00f6llum barnask\u00f3lum, a.m.k. \u00ed 9. bekk. \u00cd b\u00f3kinni eru alls 118 lj\u00f3smyndir og teikningar sem [&hellip;]<\/p>\n","protected":false},"featured_media":10444,"template":"","meta":{"slim_seo":{"title":"H\u00fasakostur og h\u00edb\u00fdlapr\u00fd\u00f0i - KindArt","description":"H\u00fasakostur og h\u00edb\u00fdlapr\u00fd\u00f0i , B\u00f3k um h\u00fasager\u00f0arist \u00cdslendinga fr\u00e1 upphafi bygg\u00f0ar. H\u00f6r\u00f0ur Bjarnason skrifar inngang og s\u00f6gulegt yfirlit. Margir ark\u00edtektar eiga \u00fea"}},"product_brand":[],"product_cat":[82],"product_tag":[],"class_list":{"0":"post-10443","1":"product","2":"type-product","3":"status-publish","4":"has-post-thumbnail","6":"product_cat-baekur","7":"product_shipping_class-litill","9":"first","10":"outofstock","11":"purchasable","12":"product-type-simple"},"_links":{"self":[{"href":"https:\/\/kindart.is\/en\/wp-json\/wp\/v2\/product\/10443","targetHints":{"allow":["GET"]}}],"collection":[{"href":"https:\/\/kindart.is\/en\/wp-json\/wp\/v2\/product"}],"about":[{"href":"https:\/\/kindart.is\/en\/wp-json\/wp\/v2\/types\/product"}],"wp:featuredmedia":[{"embeddable":true,"href":"https:\/\/kindart.is\/en\/wp-json\/wp\/v2\/media\/10444"}],"wp:attachment":[{"href":"https:\/\/kindart.is\/en\/wp-json\/wp\/v2\/media?parent=10443"}],"wp:term":[{"taxonomy":"product_brand","embeddable":true,"href":"https:\/\/kindart.is\/en\/wp-json\/wp\/v2\/product_brand?post=10443"},{"taxonomy":"product_cat","embeddable":true,"href":"https:\/\/kindart.is\/en\/wp-json\/wp\/v2\/product_cat?post=10443"},{"taxonomy":"product_tag","embeddable":true,"href":"https:\/\/kindart.is\/en\/wp-json\/wp\/v2\/product_tag?post=10443"}],"curies":[{"name":"wp","href":"https:\/\/api.w.org\/{rel}","templated":true}]}}