{"id":10446,"date":"2025-08-09T17:42:52","date_gmt":"2025-08-09T17:42:52","guid":{"rendered":"https:\/\/kindart.is\/?post_type=product&#038;p=10446"},"modified":"2025-10-03T14:20:19","modified_gmt":"2025-10-03T14:20:19","slug":"faereyjar-2","status":"publish","type":"product","link":"https:\/\/kindart.is\/en\/vara\/faereyjar-2\/","title":{"rendered":"F\u00c6REYJAR"},"content":{"rendered":"<p><strong>F\u00c6REYJAR<\/strong>, Fer\u00f0asaga og fr\u00f3\u00f0leikur um land og \u00fej\u00f3\u00f0, eftir 5, 13 \u00e1ra drengi. \u00c1 framk\u00e1pu er uppdr\u00e1ttur af eyjunum og dregin upp lei\u00f0in sem drengirnir f\u00f3ru. H\u00f6fundar a\u00f0 fer\u00f0as\u00f6gunni voru a\u00f0allega J\u00f3nas Eggertsson, sem var fv. fr.kv.stj. M\u00e1ls og menningar a\u00f0 Laugavegi 20, \u00feegar h\u00fan var \u00fear, l\u00edklega \u00feegar var veri\u00f0 a\u00f0 byggja hinum megin g\u00f6tunnar, a\u00f0 Laugavegi 18. A\u00f0rir sem eiga greinar eru: \u00c1smundur Sigurj\u00f3nsson fv. bla\u00f0ama\u00f0ur \u00e1 \u00dej\u00f3\u00f0viljanum., J\u00f3hann G\u00edslason,\u00de\u00f3r\u00f0ur \u00deorkelsson, G\u00edsli Gu\u00f0mundarson (en hann \u00e1 l\u00edklega flestar teikningarnar sem eru margar. Miki\u00f0 af l\u00ednuritum eru \u00ed b\u00f3kinni: Um Stj\u00f3rnarskipun, \u00edb\u00faat\u00f6lu, st\u00e6r\u00f0 eyjanna, me\u00f0alhita, loftskeytast\u00f6\u00f0var, atvinnuvegi, (\u00fatger\u00f0, hlunnindi og i\u00f0na\u00f0), Fj\u00f6ll, fisk\u00fatflutning, \u00feorskafla eftir mannfj\u00f6lda og s\u00f6gulegt yfirlit eyjanna. St\u00e6r\u00f0: Hefti\u00f0 er 28.7 X 21.9 cm og 38 bls.<\/p>\n<p><strong>\u00datgefandi, Prentun<\/strong>:<br \/>\n\u00datgefanda er ekki geti\u00f0, en b\u00faast m\u00e1 vi\u00f0 a\u00f0 b\u00f3khefti\u00f0 hafi veri\u00f0 v\u00e9lrita\u00f0 og s\u00ed\u00f0an fj\u00f6lrita\u00f0 og v\u00edrheft \u00ed kennslustofu A\u00f0alsteins \u00ed Austurb\u00e6jarsk\u00f3lanum \u00ed Reykjav\u00edk. \u00de\u00f3 er \u00fea\u00f0 alls ekki v\u00edst, \u00fev\u00ed nokkrar fj\u00f6lritunarstofur voru \u00ed Reykjav\u00edk \u00e1 \u00feessum \u00e1rum t.d. Fj\u00f6lritunarstofa Pjeturs G. Gu\u00f0mundssonar o.fl.<\/p>\n","protected":false},"excerpt":{"rendered":"<p>F\u00c6REYJAR, Fer\u00f0asaga og fr\u00f3\u00f0leikur um land og \u00fej\u00f3\u00f0, eftir 5, 13 \u00e1ra drengi. \u00c1 framk\u00e1pu er uppdr\u00e1ttur af eyjunum og dregin upp lei\u00f0in sem drengirnir f\u00f3ru. H\u00f6fundar a\u00f0 fer\u00f0as\u00f6gunni voru a\u00f0allega J\u00f3nas Eggertsson, sem var fv. fr.kv.stj. M\u00e1ls og menningar a\u00f0 Laugavegi 20, \u00feegar h\u00fan var \u00fear, l\u00edklega \u00feegar var veri\u00f0 a\u00f0 byggja hinum megin [&hellip;]<\/p>\n","protected":false},"featured_media":10447,"template":"","meta":{"slim_seo":{"title":"F\u00c6REYJAR - KindArt","description":"F\u00c6REYJAR , Fer\u00f0asaga og fr\u00f3\u00f0leikur um land og \u00fej\u00f3\u00f0, eftir 5, 13 \u00e1ra drengi. \u00c1 framk\u00e1pu er uppdr\u00e1ttur af eyjunum og dregin upp lei\u00f0in sem drengirnir f\u00f3ru. H\u00f6fund"}},"product_brand":[],"product_cat":[82],"product_tag":[],"class_list":{"0":"post-10446","1":"product","2":"type-product","3":"status-publish","4":"has-post-thumbnail","6":"product_cat-baekur","7":"product_shipping_class-litill","9":"first","10":"outofstock","11":"purchasable","12":"product-type-simple"},"_links":{"self":[{"href":"https:\/\/kindart.is\/en\/wp-json\/wp\/v2\/product\/10446","targetHints":{"allow":["GET"]}}],"collection":[{"href":"https:\/\/kindart.is\/en\/wp-json\/wp\/v2\/product"}],"about":[{"href":"https:\/\/kindart.is\/en\/wp-json\/wp\/v2\/types\/product"}],"wp:featuredmedia":[{"embeddable":true,"href":"https:\/\/kindart.is\/en\/wp-json\/wp\/v2\/media\/10447"}],"wp:attachment":[{"href":"https:\/\/kindart.is\/en\/wp-json\/wp\/v2\/media?parent=10446"}],"wp:term":[{"taxonomy":"product_brand","embeddable":true,"href":"https:\/\/kindart.is\/en\/wp-json\/wp\/v2\/product_brand?post=10446"},{"taxonomy":"product_cat","embeddable":true,"href":"https:\/\/kindart.is\/en\/wp-json\/wp\/v2\/product_cat?post=10446"},{"taxonomy":"product_tag","embeddable":true,"href":"https:\/\/kindart.is\/en\/wp-json\/wp\/v2\/product_tag?post=10446"}],"curies":[{"name":"wp","href":"https:\/\/api.w.org\/{rel}","templated":true}]}}