{"id":10449,"date":"2025-08-09T17:52:23","date_gmt":"2025-08-09T17:52:23","guid":{"rendered":"https:\/\/kindart.is\/?post_type=product&#038;p=10449"},"modified":"2025-08-09T17:56:40","modified_gmt":"2025-08-09T17:56:40","slug":"logrjetta","status":"publish","type":"product","link":"https:\/\/kindart.is\/en\/vara\/logrjetta\/","title":{"rendered":"L\u00f6grjetta"},"content":{"rendered":"<p><strong>L\u00f6grjetta<\/strong>. T\u00edmarit um menningarm\u00e1l, m.a. b\u00f3kmenntir o.fl. XXVII \u00e1rg. 1932, 2 bl\u00f6\u00f0: 1.1 og 2-3 hefti. \u00dea\u00f0 fjalla\u00f0i um allt milli himins og jar\u00f0ar sem var\u00f0ar l\u00edf manna, b\u00e6\u00f0i veraldlegt og s\u00e1lr\u00e6nt. \u00dea\u00f0 byrja\u00f0i a\u00f0 koma \u00fat 1906 og var gefi\u00f0 \u00fat til 1936. Ritstj\u00f3rar voru \u00feeir \u00deorsteinn G\u00edslason og Vilhj\u00e1lmur \u00de. G\u00edslason. St\u00e6r\u00f0: 28 X 20.5 cm. og samtals 175 bls. Engar myndir. Breyting var ger\u00f0 \u00e1 \u00fatg\u00e1funni me\u00f0 \u00feessum n\u00fdju heftum sem m\u00e6ltist vel fyrir.<\/p>\n<p><strong>\u00datgefandi, prentun<\/strong>:<br \/>\n\u00datgefandi var \u00deorsteinn G\u00edslason og afgrei\u00f0sla er s\u00f6g\u00f0 \u00ed B\u00f3kaverslun \u00deorst. G\u00edslasonar, L\u00e6kjarg\u00f6tu 2 \u00ed Reykjav\u00edk. Prentun: Prentsmi\u00f0jan Acta.<\/p>\n","protected":false},"excerpt":{"rendered":"<p>L\u00f6grjetta. T\u00edmarit um menningarm\u00e1l, m.a. b\u00f3kmenntir o.fl. XXVII \u00e1rg. 1932, 2 bl\u00f6\u00f0: 1.1 og 2-3 hefti. \u00dea\u00f0 fjalla\u00f0i um allt milli himins og jar\u00f0ar sem var\u00f0ar l\u00edf manna, b\u00e6\u00f0i veraldlegt og s\u00e1lr\u00e6nt. \u00dea\u00f0 byrja\u00f0i a\u00f0 koma \u00fat 1906 og var gefi\u00f0 \u00fat til 1936. Ritstj\u00f3rar voru \u00feeir \u00deorsteinn G\u00edslason og Vilhj\u00e1lmur \u00de. G\u00edslason. St\u00e6r\u00f0: 28 [&hellip;]<\/p>\n","protected":false},"featured_media":10450,"template":"","meta":{"slim_seo":{"title":"L\u00f6grjetta - KindArt","description":"L\u00f6grjetta . T\u00edmarit um menningarm\u00e1l, m.a. b\u00f3kmenntir o.fl. XXVII \u00e1rg. 1932, 2 bl\u00f6\u00f0: 1.1 og 2-3 hefti. \u00dea\u00f0 fjalla\u00f0i um allt milli himins og jar\u00f0ar sem var\u00f0ar l\u00edf"}},"product_brand":[],"product_cat":[82],"product_tag":[],"class_list":{"0":"post-10449","1":"product","2":"type-product","3":"status-publish","4":"has-post-thumbnail","6":"product_cat-baekur","7":"product_shipping_class-litill","9":"first","10":"instock","11":"purchasable","12":"product-type-simple"},"_links":{"self":[{"href":"https:\/\/kindart.is\/en\/wp-json\/wp\/v2\/product\/10449","targetHints":{"allow":["GET"]}}],"collection":[{"href":"https:\/\/kindart.is\/en\/wp-json\/wp\/v2\/product"}],"about":[{"href":"https:\/\/kindart.is\/en\/wp-json\/wp\/v2\/types\/product"}],"wp:featuredmedia":[{"embeddable":true,"href":"https:\/\/kindart.is\/en\/wp-json\/wp\/v2\/media\/10450"}],"wp:attachment":[{"href":"https:\/\/kindart.is\/en\/wp-json\/wp\/v2\/media?parent=10449"}],"wp:term":[{"taxonomy":"product_brand","embeddable":true,"href":"https:\/\/kindart.is\/en\/wp-json\/wp\/v2\/product_brand?post=10449"},{"taxonomy":"product_cat","embeddable":true,"href":"https:\/\/kindart.is\/en\/wp-json\/wp\/v2\/product_cat?post=10449"},{"taxonomy":"product_tag","embeddable":true,"href":"https:\/\/kindart.is\/en\/wp-json\/wp\/v2\/product_tag?post=10449"}],"curies":[{"name":"wp","href":"https:\/\/api.w.org\/{rel}","templated":true}]}}