{"id":10453,"date":"2025-08-09T18:05:28","date_gmt":"2025-08-09T18:05:28","guid":{"rendered":"https:\/\/kindart.is\/?post_type=product&#038;p=10453"},"modified":"2025-08-09T18:05:28","modified_gmt":"2025-08-09T18:05:28","slug":"prestafelagsritid","status":"publish","type":"product","link":"https:\/\/kindart.is\/en\/vara\/prestafelagsritid\/","title":{"rendered":"Prestaf\u00e9lagsriti\u00f0"},"content":{"rendered":"<p><strong>Prestaf\u00e9lagsriti\u00f0<\/strong>, T\u00edmarit fyrir kristinsd\u00f3ms- og kirkjum\u00e1l. Ritstj\u00f3ri: Sigur\u00f0ur P. S\u00edvertsen. 12. \u00e1r 1930. \u00cd b\u00f3kinni er t.d. H\u00e1t\u00ed\u00f0arlj\u00f3\u00f0 1930, \u00d3, Gu\u00f0! \u00de\u00fa sem r\u00edkir \u00ed himnunum h\u00e1u eftir J\u00f3hannes \u00far K\u00f6tlum og lag vi\u00f0 \u00fea\u00f0 eftir Sigvalda S. Kaldal\u00f3ns, sem hann tileinkar vini s\u00ednum Bjarna J\u00f3nssyni d\u00f3mkirkjupresti. \u00de\u00e1 eru \u00fear \u00fdmsar greinar og r\u00e6\u00f0ur eftir kennimenn og presta \u00fej\u00f3\u00f0kikjunnar o.fl. B\u00f3kin er \u00f3bundin, en saumu\u00f0 og l\u00edmd \u00ed k\u00e1pu, en framk\u00e1pan rifin. St\u00e6r\u00f0: 22.5 X 15 cm og 272 bls.<\/p>\n<p><strong>\u00datgefandi, prentun<\/strong>:<br \/>\nPrestaf\u00e9lag \u00cdslands Reykjav\u00edk, 1930. Prentun: R\u00edkisprentsmi\u00f0jan Gutenberg.<\/p>\n","protected":false},"excerpt":{"rendered":"<p>Prestaf\u00e9lagsriti\u00f0, T\u00edmarit fyrir kristinsd\u00f3ms- og kirkjum\u00e1l. Ritstj\u00f3ri: Sigur\u00f0ur P. S\u00edvertsen. 12. \u00e1r 1930. \u00cd b\u00f3kinni er t.d. H\u00e1t\u00ed\u00f0arlj\u00f3\u00f0 1930, \u00d3, Gu\u00f0! \u00de\u00fa sem r\u00edkir \u00ed himnunum h\u00e1u eftir J\u00f3hannes \u00far K\u00f6tlum og lag vi\u00f0 \u00fea\u00f0 eftir Sigvalda S. Kaldal\u00f3ns, sem hann tileinkar vini s\u00ednum Bjarna J\u00f3nssyni d\u00f3mkirkjupresti. \u00de\u00e1 eru \u00fear \u00fdmsar greinar og r\u00e6\u00f0ur eftir [&hellip;]<\/p>\n","protected":false},"featured_media":10454,"template":"","meta":{"slim_seo":{"title":"Prestaf\u00e9lagsriti\u00f0 - KindArt","description":"Prestaf\u00e9lagsriti\u00f0 , T\u00edmarit fyrir kristinsd\u00f3ms- og kirkjum\u00e1l. Ritstj\u00f3ri: Sigur\u00f0ur P. S\u00edvertsen. 12. \u00e1r 1930. \u00cd b\u00f3kinni er t.d. H\u00e1t\u00ed\u00f0arlj\u00f3\u00f0 1930, \u00d3, Gu\u00f0! \u00de\u00fa sem"}},"product_brand":[],"product_cat":[82],"product_tag":[],"class_list":{"0":"post-10453","1":"product","2":"type-product","3":"status-publish","4":"has-post-thumbnail","6":"product_cat-baekur","7":"product_shipping_class-litill","9":"first","10":"instock","11":"purchasable","12":"product-type-simple"},"_links":{"self":[{"href":"https:\/\/kindart.is\/en\/wp-json\/wp\/v2\/product\/10453","targetHints":{"allow":["GET"]}}],"collection":[{"href":"https:\/\/kindart.is\/en\/wp-json\/wp\/v2\/product"}],"about":[{"href":"https:\/\/kindart.is\/en\/wp-json\/wp\/v2\/types\/product"}],"wp:featuredmedia":[{"embeddable":true,"href":"https:\/\/kindart.is\/en\/wp-json\/wp\/v2\/media\/10454"}],"wp:attachment":[{"href":"https:\/\/kindart.is\/en\/wp-json\/wp\/v2\/media?parent=10453"}],"wp:term":[{"taxonomy":"product_brand","embeddable":true,"href":"https:\/\/kindart.is\/en\/wp-json\/wp\/v2\/product_brand?post=10453"},{"taxonomy":"product_cat","embeddable":true,"href":"https:\/\/kindart.is\/en\/wp-json\/wp\/v2\/product_cat?post=10453"},{"taxonomy":"product_tag","embeddable":true,"href":"https:\/\/kindart.is\/en\/wp-json\/wp\/v2\/product_tag?post=10453"}],"curies":[{"name":"wp","href":"https:\/\/api.w.org\/{rel}","templated":true}]}}